{"id":12731,"date":"2025-03-12T08:08:32","date_gmt":"2025-03-12T07:08:32","guid":{"rendered":"https:\/\/pibgroupiberia.com\/?page_id=12731"},"modified":"2025-03-12T09:33:08","modified_gmt":"2025-03-12T08:33:08","slug":"politica-de-qualitat","status":"publish","type":"page","link":"https:\/\/pibgroupiberia.com\/ca\/corporativo\/politica-calidad\/","title":{"rendered":"Pol\u00edtica de Qualitat"},"content":{"rendered":"<div data-elementor-type=\"wp-page\" data-elementor-id=\"12731\" class=\"elementor elementor-12731\" data-elementor-post-type=\"page\">\n\t\t\t\t\t\t<section class=\"elementor-section elementor-top-section elementor-element elementor-element-17352d3 elementor-section-full_width elementor-section-height-default elementor-section-height-default\" data-id=\"17352d3\" data-element_type=\"section\" data-e-type=\"section\" data-settings=\"{&quot;background_background&quot;:&quot;classic&quot;,&quot;ekit_has_onepagescroll_dot&quot;:&quot;yes&quot;}\">\n\t\t\t\t\t\t<div class=\"elementor-container elementor-column-gap-default\">\n\t\t\t\t\t<div class=\"elementor-column elementor-col-50 elementor-top-column elementor-element elementor-element-6a4b078\" data-id=\"6a4b078\" data-element_type=\"column\" data-e-type=\"column\" data-settings=\"{&quot;background_background&quot;:&quot;classic&quot;}\">\n\t\t\t<div class=\"elementor-widget-wrap elementor-element-populated\">\n\t\t\t\t\t\t<div class=\"elementor-element elementor-element-c86fac8 elementor-invisible elementor-widget elementor-widget-heading\" data-id=\"c86fac8\" data-element_type=\"widget\" data-e-type=\"widget\" data-settings=\"{&quot;_animation&quot;:&quot;fadeIn&quot;,&quot;ekit_we_effect_on&quot;:&quot;none&quot;}\" data-widget_type=\"heading.default\">\n\t\t\t\t\t<h1 class=\"elementor-heading-title elementor-size-default\">Pol\u00edtica de Qualitat<\/h1>\t\t\t\t<\/div>\n\t\t\t\t\t<\/div>\n\t\t<\/div>\n\t\t\t\t<div class=\"elementor-column elementor-col-50 elementor-top-column elementor-element elementor-element-b5cbe24\" data-id=\"b5cbe24\" data-element_type=\"column\" data-e-type=\"column\" data-settings=\"{&quot;background_background&quot;:&quot;classic&quot;}\">\n\t\t\t<div class=\"elementor-widget-wrap\">\n\t\t\t\t\t\t\t<\/div>\n\t\t<\/div>\n\t\t\t\t\t<\/div>\n\t\t<\/section>\n\t\t\t\t<section class=\"elementor-section elementor-top-section elementor-element elementor-element-8a800ca elementor-section-boxed elementor-section-height-default elementor-section-height-default\" data-id=\"8a800ca\" data-element_type=\"section\" data-e-type=\"section\" data-settings=\"{&quot;ekit_has_onepagescroll_dot&quot;:&quot;yes&quot;}\">\n\t\t\t\t\t\t<div class=\"elementor-container elementor-column-gap-default\">\n\t\t\t\t\t<div class=\"elementor-column elementor-col-100 elementor-top-column elementor-element elementor-element-f4c19d2\" data-id=\"f4c19d2\" data-element_type=\"column\" data-e-type=\"column\">\n\t\t\t<div class=\"elementor-widget-wrap elementor-element-populated\">\n\t\t\t\t\t\t<div class=\"elementor-element elementor-element-a254fa7 elementor-widget elementor-widget-text-editor\" data-id=\"a254fa7\" data-element_type=\"widget\" data-e-type=\"widget\" data-settings=\"{&quot;ekit_we_effect_on&quot;:&quot;none&quot;}\" data-widget_type=\"text-editor.default\">\n\t\t\t\t\t\t\t\t\t<h2><strong>Pol\u00edtica de Qualitat PIB Group Iberia<\/strong><\/h2><p>Amb la present declaraci\u00f3 el President de PIB Group Iberia vol expressar formalment la pol\u00edtica de qualitat de la nostra entitat.<\/p><p>L'objectiu principal del Sistema de Gesti\u00f3 de Qualitat \u00e9s garantir la qualitat de tots els serveis que presta PIB Group Iberia de manera que satisfacin al m\u00e0xim les necessitats dels nostres clients i siguin conformes als procediments que pr\u00e8viament ens hem donat despr\u00e9s d'haver estat decidits pel Comit\u00e8 de Direcci\u00f3.<\/p><p>A trav\u00e9s d'aquesta declaraci\u00f3 de la pol\u00edtica de qualitat, la Direcci\u00f3 de PIB Group Iberia es compromet, amb el concurs de tot el personal de l'empresa, a complir amb tots els requisits legals i reglamentaris als quals est\u00e0 sotmesa la nostra activitat, aix\u00ed com els requeriments plantejats pels nostres clients. Tot aix\u00f2 en un context de comprom\u00eds amb la millora cont\u00ednua de l'efici\u00e8ncia del sistema de gesti\u00f3 de la qualitat.<\/p><p>Les conseq\u00fc\u00e8ncies derivades de la implantaci\u00f3 del Sistema de Gesti\u00f3 de la Qualitat s\u00f3n una major efic\u00e0cia i efici\u00e8ncia en el funcionament general de la Corredoria (el que comporta un millor servei i major satisfacci\u00f3 dels nostres clients) aix\u00ed com una disminuci\u00f3 d'incid\u00e8ncies i de possibles reclamacions.<\/p><p>El Sistema de Gesti\u00f3 de la Qualitat comporta l'establiment d'una s\u00e8rie d'accions destinades a prevenir possibles incid\u00e8ncies. Aquestes actuacions, acompanyades de la necess\u00e0ria formaci\u00f3 de l'equip, contribueixen al desenvolupament del sistema de millora cont\u00ednua.<\/p><p>L'obtenci\u00f3 del nivell de qualitat desitjat requereix el comprom\u00eds i la participaci\u00f3 de tot l'equip hum\u00e0 de PIB Group Iberia a trav\u00e9s de l'adequada aplicaci\u00f3 de procediments, generals i espec\u00edfics, aix\u00ed com d'instruccions elaborades per al tractament de tots els aspectes relacionats amb la Qualitat.<\/p><p>Sent un objectiu de l'empresa la millora dels seus resultats (no nom\u00e9s econ\u00f2mics) minimitzant les incid\u00e8ncies, la Direcci\u00f3 fixa uns objectius espec\u00edfics que s\u00f3n valorats i revisats anualment en funci\u00f3 a l'evoluci\u00f3 prevista del context social en el qual actuem. L'organitzaci\u00f3 es compromet, en conseq\u00fc\u00e8ncia, a facilitar tots els recursos, tant materials com humans, necessaris per a la consecuci\u00f3 d'aquests objectius.<\/p><p>Signat:<br \/>Data: 10\/02\/2020<br \/>D. Mart\u00edn Navaz Guinea<br \/>President<br \/>PIB Group Iberia Corredur\u00eda d'Assegurances i Reassegurances, S.A.U.<\/p><h2>Pol\u00edtica de Qualitat de Conbenefits<\/h2><p>Amb la present declaraci\u00f3 el President de CONBENEFITS vol expressar formalment la pol\u00edtica de qualitat de la nostra entitat.<br \/>L'objectiu principal del Sistema de Gesti\u00f3 de la Qualitat \u00e9s garantir la qualitat de tots els serveis que presta CONBENEFITS de manera que satisfacin al m\u00e0xim les necessitats dels nostres clients i siguin conformes als procediments que pr\u00e8viament ens hem donat despr\u00e9s d'haver estat decidits pel Comit\u00e8 de Direcci\u00f3.<\/p><p>A trav\u00e9s d'aquesta declaraci\u00f3 de la pol\u00edtica de qualitat, la Direcci\u00f3 de CONBENEFITS es compromet, amb el concurs de tot el personal de l'empresa, a complir amb tots els requisits legals i reglamentaris als quals est\u00e0 sotmesa la nostra activitat, aix\u00ed com els requeriments plantejats pels nostres clients. Tot plegat en un context de comprom\u00eds amb la millora cont\u00ednua de l'efici\u00e8ncia del sistema de gesti\u00f3 de la qualitat.<br \/>Les conseq\u00fc\u00e8ncies derivades de la implantaci\u00f3 del Sistema de Gesti\u00f3 de la Qualitat s\u00f3n una major efic\u00e0cia i efici\u00e8ncia en el funcionament general de l'empresa (el que comporta un millor servei i major satisfacci\u00f3 dels nostres clients) aix\u00ed com una disminuci\u00f3 d'incid\u00e8ncies i de possibles reclamacions.<\/p><p>El Sistema de Gesti\u00f3 de la Qualitat comporta l'establiment d'una s\u00e8rie d'accions destinades a prevenir possibles incid\u00e8ncies. Aquestes actuacions, acompanyades de la necess\u00e0ria formaci\u00f3 de l'equip, contribueixen al desenvolupament del sistema de millora cont\u00ednua.<br \/>L'obtenci\u00f3 del nivell de qualitat desitjat requereix el comprom\u00eds i la participaci\u00f3 de tot l'equip hum\u00e0 de CONBENEFITS a trav\u00e9s de l' Adequada aplicaci\u00f3 de procediments, generals i espec\u00edfics, aix\u00ed com d'instruccions elaborades per al tractament de tots els aspectes relacionats amb la Qualitat.<\/p><p>Sent un objectiu de l'empresa la millora dels seus resultats (no nom\u00e9s econ\u00f2mics) minimitzant les incid\u00e8ncies, la Direcci\u00f3 fixa uns objectius espec\u00edfics que s\u00f3n valorats i revisats anualment en funci\u00f3 a l'evoluci\u00f3 prevista del context social en el qual actuem. L'organitzaci\u00f3 es compromet, en conseq\u00fc\u00e8ncia, a facilitar tots els recursos, tant materials com humans, necessaris per a la consecuci\u00f3 d'aquests objectius.<\/p><p>Signat: Data: 22\/01\/2021<br \/>D. Mart\u00edn Navaz Guinea<br \/>President<br \/>CONBENEFITS S.L.<\/p><p>Podeu sol\u00b7licitar m\u00e9s informaci\u00f3 relativa a la fusi\u00f3 legal d'aquestes companyies des d'aqu\u00ed:<\/p><p>\u00a0<\/p>\t\t\t\t\t\t\t\t<\/div>\n\t\t\t\t\t<\/div>\n\t\t<\/div>\n\t\t\t\t\t<\/div>\n\t\t<\/section>\n\t\t\t\t<\/div>","protected":false},"excerpt":{"rendered":"<p>Pol\u00edtica de Calidad Pol\u00edtica de calidad PIB Group Iberia Con la presente declaraci\u00f3n el Presidente de PIB Group Iberia quiere expresar formalmente la pol\u00edtica de calidad de nuestra entidad. El objetivo principal del Sistema de Gesti\u00f3n de Calidad es garantizar la calidad de todos los servicios que presta PIB Group Iberia de manera que satisfagan [&hellip;]<\/p>\n","protected":false},"author":8,"featured_media":0,"parent":5682,"menu_order":0,"comment_status":"closed","ping_status":"closed","template":"elementor_header_footer","meta":{"yasr_overall_rating":0,"yasr_post_is_review":"","yasr_auto_insert_disabled":"","yasr_review_type":"","footnotes":""},"class_list":["post-12731","page","type-page","status-publish","hentry"],"yasr_visitor_votes":{"stars_attributes":{"read_only":false,"span_bottom":false},"number_of_votes":0,"sum_votes":0},"_links":{"self":[{"href":"https:\/\/pibgroupiberia.com\/ca\/wp-json\/wp\/v2\/pages\/12731","targetHints":{"allow":["GET"]}}],"collection":[{"href":"https:\/\/pibgroupiberia.com\/ca\/wp-json\/wp\/v2\/pages"}],"about":[{"href":"https:\/\/pibgroupiberia.com\/ca\/wp-json\/wp\/v2\/types\/page"}],"author":[{"embeddable":true,"href":"https:\/\/pibgroupiberia.com\/ca\/wp-json\/wp\/v2\/users\/8"}],"replies":[{"embeddable":true,"href":"https:\/\/pibgroupiberia.com\/ca\/wp-json\/wp\/v2\/comments?post=12731"}],"version-history":[{"count":0,"href":"https:\/\/pibgroupiberia.com\/ca\/wp-json\/wp\/v2\/pages\/12731\/revisions"}],"up":[{"embeddable":true,"href":"https:\/\/pibgroupiberia.com\/ca\/wp-json\/wp\/v2\/pages\/5682"}],"wp:attachment":[{"href":"https:\/\/pibgroupiberia.com\/ca\/wp-json\/wp\/v2\/media?parent=12731"}],"curies":[{"name":"wp","href":"https:\/\/api.w.org\/{rel}","templated":true}]}}