{"id":1675,"date":"2024-05-21T14:51:46","date_gmt":"2024-05-21T12:51:46","guid":{"rendered":"http:\/\/localhost:10040\/?page_id=1675"},"modified":"2026-04-14T08:21:27","modified_gmt":"2026-04-14T06:21:27","slug":"politica-de-privacitat","status":"publish","type":"page","link":"https:\/\/pibgroupiberia.com\/ca\/corporativo\/politica-de-privacidad\/","title":{"rendered":"Pol\u00edtica de Privacitat"},"content":{"rendered":"<div data-elementor-type=\"wp-page\" data-elementor-id=\"1675\" class=\"elementor elementor-1675\" data-elementor-post-type=\"page\">\n\t\t\t\t\t\t<section class=\"elementor-section elementor-top-section elementor-element elementor-element-17352d3 elementor-section-full_width elementor-section-height-default elementor-section-height-default\" data-id=\"17352d3\" data-element_type=\"section\" data-e-type=\"section\" data-settings=\"{&quot;background_background&quot;:&quot;classic&quot;,&quot;ekit_has_onepagescroll_dot&quot;:&quot;yes&quot;}\">\n\t\t\t\t\t\t<div class=\"elementor-container elementor-column-gap-default\">\n\t\t\t\t\t<div class=\"elementor-column elementor-col-50 elementor-top-column elementor-element elementor-element-6a4b078\" data-id=\"6a4b078\" data-element_type=\"column\" data-e-type=\"column\" data-settings=\"{&quot;background_background&quot;:&quot;classic&quot;}\">\n\t\t\t<div class=\"elementor-widget-wrap elementor-element-populated\">\n\t\t\t\t\t\t<div class=\"elementor-element elementor-element-c86fac8 elementor-invisible elementor-widget elementor-widget-heading\" data-id=\"c86fac8\" data-element_type=\"widget\" data-e-type=\"widget\" data-settings=\"{&quot;_animation&quot;:&quot;fadeIn&quot;,&quot;ekit_we_effect_on&quot;:&quot;none&quot;}\" data-widget_type=\"heading.default\">\n\t\t\t\t\t<h1 class=\"elementor-heading-title elementor-size-default\">Privacitat<\/h1>\t\t\t\t<\/div>\n\t\t\t\t\t<\/div>\n\t\t<\/div>\n\t\t\t\t<div class=\"elementor-column elementor-col-50 elementor-top-column elementor-element elementor-element-b5cbe24\" data-id=\"b5cbe24\" data-element_type=\"column\" data-e-type=\"column\" data-settings=\"{&quot;background_background&quot;:&quot;classic&quot;}\">\n\t\t\t<div class=\"elementor-widget-wrap\">\n\t\t\t\t\t\t\t<\/div>\n\t\t<\/div>\n\t\t\t\t\t<\/div>\n\t\t<\/section>\n\t\t\t\t<section class=\"elementor-section elementor-top-section elementor-element elementor-element-8a800ca elementor-section-boxed elementor-section-height-default elementor-section-height-default\" data-id=\"8a800ca\" data-element_type=\"section\" data-e-type=\"section\" data-settings=\"{&quot;ekit_has_onepagescroll_dot&quot;:&quot;yes&quot;}\">\n\t\t\t\t\t\t<div class=\"elementor-container elementor-column-gap-default\">\n\t\t\t\t\t<div class=\"elementor-column elementor-col-100 elementor-top-column elementor-element elementor-element-f4c19d2\" data-id=\"f4c19d2\" data-element_type=\"column\" data-e-type=\"column\">\n\t\t\t<div class=\"elementor-widget-wrap elementor-element-populated\">\n\t\t\t\t\t\t<div class=\"elementor-element elementor-element-a254fa7 elementor-widget elementor-widget-text-editor\" data-id=\"a254fa7\" data-element_type=\"widget\" data-e-type=\"widget\" data-settings=\"{&quot;ekit_we_effect_on&quot;:&quot;none&quot;}\" data-widget_type=\"text-editor.default\">\n\t\t\t\t\t\t\t\t\t<p><strong>Pol\u00edtica de privacitat. Cl\u00e0usula informativa<\/strong><\/p><p>De conformitat amb el que s'estableix a:<\/p><ul><li>Reglament (UE) 2016\/679, del Parlament Europeu i del Consell, de 27 d\u2019abril de 2016, relatiu a la protecci\u00f3 de les persones f\u00edsiques pel que fa al tractament de dades personals i a la lliure circulaci\u00f3 d'aquestes dades. En endavant, \u201cRGPD\u201d.\u201d<\/li><\/ul><ul><li>La Llei Org\u00e0nica 3\/2018, de 5 de desembre, de protecci\u00f3 de dades personals i garantia dels drets digitals.<\/li><\/ul><ul><li>Llei 34\/2002, d'11 de juliol, de serveis de la societat de la informaci\u00f3 i de comer\u00e7 electr\u00f2nic.<\/li><\/ul><ul><li>El Reial Decret-llei 3\/2020, de 4 de febrer, de mesures urgents pel qual s'incorporen a l'ordenament jur\u00eddic espanyol diverses directives de la Uni\u00f3 Europea en l'\u00e0mbit de la contractaci\u00f3 p\u00fablica en determinats sectors; d'assegurances privades; de plans i fons de pensions; de l'\u00e0mbit tributari i de litigis fiscals.<\/li><\/ul><p>PIB GROUP IB\u00c8RIA CORREDURIA D'ASSEGURANCES I REASSEGURANCES, S.A.U. (en endavant \u201c<em>PIB Grup Ib\u00e8ria\u201d\u00a0<\/em>o\u00a0<em>\u201cLa companyia\u00a0<\/em>ha elaborat la present pol\u00edtica de privacitat amb la intenci\u00f3 d'informar-li que les seves dades de car\u00e0cter personal seran objecte de tractament en el sentit disposat, entre d'altres, en l'article 4.2 del citat RGPD. Entenent-se per tractament de dades qualsevol operaci\u00f3 o conjunt d'operacions realitzades sobre dades personals o conjunts de dades personals, ja sigui per procediments automatitzats o no, com la recollida, registre, organitzaci\u00f3, estructuraci\u00f3, conservaci\u00f3, adaptaci\u00f3 o modificaci\u00f3, extracci\u00f3, consulta, utilitzaci\u00f3, comunicaci\u00f3 per transmissi\u00f3, difusi\u00f3 o qualsevol altra forma d'habilitaci\u00f3 d'acc\u00e9s, confrontaci\u00f3 o interconnexi\u00f3, limitaci\u00f3, supressi\u00f3 o destrucci\u00f3.<\/p><p>Aix\u00ed mateix, la Companyia actualitzar\u00e0 la pol\u00edtica de privacitat en aquest lloc web atenent a l'evoluci\u00f3 legal i jurisprudencial relativa a aquesta mat\u00e8ria.<\/p><p><strong>Responsable del tractament de dades i mitjans de contacte<\/strong><\/p><p>El responsable del tractament de les seves dades \u00e9s PIB GROUP IBERIA CORREDUR\u00cdA DE SEGUROS Y REASEGUROS, S.A.U., amb N.I.F. A58564816 i domicili social a C\/ Aribau, n\u00fam. 200, 3a Pl, 08036 Barcelona; empresa que forma part de la societat\u00a0<em>PIB Group Limited<\/em>, registrada a Anglaterra i Gal\u00b7les, amb el n\u00famero 09900466, i domicili social a Rossington\u2019s Business Park, West Carr Road, Retford, Nottinghamshire, DN22 7SW.<\/p><p>Amb l'objecte de preservar la privadesa de les seves dades personals i garantir un tractament adequat de les mateixes, la Companyia ha designat un Delegat de Protecci\u00f3 de Dades, la responsabilitat del qual \u00e9s supervisar la posada en pr\u00e0ctica de les pol\u00edtiques de protecci\u00f3 de dades personals. Per tot l'anterior, vost\u00e8 pot contactar amb el Servei d'Atenci\u00f3 al Client del responsable a trav\u00e9s del tel\u00e8fon gratu\u00eft 933.065.353 o a trav\u00e9s de la seg\u00fcent adre\u00e7a de correu electr\u00f2nic:\u00a0<a href=\"mailto:delegado.protecciondatos@pib-insurance.es\">delegado.protecciondatos@pib-insurance.es<\/a>\u00a0sempre que la seva consulta sigui relativa a la privadesa en el tractament de les seves dades personals.<\/p><p><strong>Finalitats i bases legitimadores del tractament de dades personals<\/strong><\/p><p>De conformitat amb la Llei Org\u00e0nica 3\/2018 de Protecci\u00f3 de Dades Personals i Garantia dels Drets Digitals, el RGPD (UE 679\/2016), i el RDL 3\/2020, l'informem que les seves dades personals seran tractades per PIB Group Iberia en la seva condici\u00f3 de Responsable del Tractament.<\/p><table><tbody><tr><td><p>FINALITATS DEL TRACTAMENT<\/p><\/td><td><p>BASES LEGITIMADORES DEL TRACTAMENT<\/p><\/td><\/tr><tr><td><p>Complimentaci\u00f3 de l'execuci\u00f3 del contracte d'asseguran\u00e7a i del contracte d'intermediaci\u00f3 asseguradora, manteniment de la relaci\u00f3 establerta entre PIB Group Iberia i Vd, l'assessorament i informaci\u00f3 sobre les condicions dels contractes d'assegurances i productes financers i l'assist\u00e8ncia en cas de sinistre.<\/p><\/td><td><p>L'execuci\u00f3 del contracte en el qual Vost\u00e8 \u00e9s part.<\/p><\/td><\/tr><tr><td><p>Enregistrament de la vostra veu quan sigui necessari per a:<\/p><p>1. L'execuci\u00f3 correcta del contracte,<\/p><p>2. Mantenir la qualitat del servei.<\/p><p>3. Prevenci\u00f3, investigaci\u00f3 i descobriment de frau.<\/p><\/td><td><p>Les bases legitimadores de les finalitats descrites s\u00f3n:<\/p><p>L'execuci\u00f3 del contracte en el qual Vost\u00e8 \u00e9s part,<\/p><p>2. L'inter\u00e8s leg\u00edtim del Responsable del Tractament per mantenir i garantir la qualitat del servei.<\/p><p>3. El compliment de les obligacions legals de la Corredoria, d'acord amb la normativa vigent i aplicable en cada moment.<\/p><\/td><\/tr><tr><td><p>Prevenci\u00f3, investigaci\u00f3 i descobriment de frau, i l'obtenci\u00f3 i comunicaci\u00f3 d'informaci\u00f3 a les autoritats reguladores competents en aquells casos legalment establerts.<\/p><\/td><td><p>El compliment de les obligacions legals de la Corredoria, d'acord amb la normativa vigent i aplicable en cada moment.<\/p><\/td><\/tr><tr><td><p>Enviament de comunicacions comercials per qualsevol via, incloses les comunicacions electr\u00f2niques o equivalent, sobre productes d'assegurances i\/o financers intermediats per PIB Group Iberia, fins i tot durant els dotze (12) mesos posteriors a la cessaci\u00f3 de la relaci\u00f3 contractual amb la Companyia.<\/p><\/td><td><p>L'inter\u00e8s leg\u00edtim del Responsable del Tractament per promoure la contractaci\u00f3 de productes similars als que en el seu moment puguin ser objecte de contractaci\u00f3. Li recordem la seva possibilitat d'oposar-se al present tractament de dades.<\/p><\/td><\/tr><tr><td><p>Elaboraci\u00f3 de perfils amb dades personals dels interessats per a l'enviament de comunicacions comercials personalitzades a les caracter\u00edstiques, prefer\u00e8ncies, necessitats i tend\u00e8ncies de l'interessat.<\/p><\/td><td><p>El consentiment expr\u00e9s de l'interessat.<\/p><\/td><\/tr><tr><td><p>Enviament d'enquestes de satisfacci\u00f3 als clients, sobre serveis oferts per la Corredoria.<\/p><\/td><td><p>L'inter\u00e8s leg\u00edtim de la Corredoria per con\u00e8ixer la satisfacci\u00f3 dels clients en relaci\u00f3 amb els serveis prestats per la mateixa, i amb l'objectiu de millorar-la.<\/p><\/td><\/tr><tr><td><p>Enviament de comunicacions comercials, per qualsevol via, per part de qualsevol de les empreses de PIB Group Iberia.<\/p><\/td><td><p>El consentiment expr\u00e9s de l'interessat.<\/p><\/td><\/tr><tr><td><p>Comunicaci\u00f3 de les dades personals de l'interessat a empreses que formin part de PIB Group Iberia, amb finalitats administratives internes, incloent el tractament de dades personals de clients i empleats.<\/p><\/td><td><p>L'inter\u00e8s leg\u00edtim del Responsable del Tractament per a finalitats administratives internes. Li recordem la seva possibilitat d'oposar-se al present tractament de dades.<\/p><\/td><\/tr><tr><td><p>Comunicaci\u00f3 de les dades personals de l'interessat a prove\u00efdors de serveis de PIB Group Iberia, incloent el tractament de dades personals de clients i empleats.<\/p><\/td><td><p>Consentiment expr\u00e9s de l'interessat.<\/p><\/td><\/tr><tr><td><p>Comunicaci\u00f3 de les seves dades a empreses col\u00b7laboradores de PIB Group Iberia (com ara, entitats asseguradores), en cas que Vost\u00e8, en qualitat de Client del Responsable del Tractament, contracti algun dels productes i\/o serveis que s\u00f3n comercialitzats per PIB Group Iberia.<\/p><\/td><td><p>L'execuci\u00f3 correcta del contracte.<\/p><\/td><\/tr><\/tbody><\/table><p>\u00a0<\/p><p>La manca d'aportaci\u00f3 de la informaci\u00f3 requerida suposa la impossibilitat de subscripci\u00f3 i compliment del contracte. Si ens facilita dades de terceres persones f\u00edsiques, amb car\u00e0cter previ a la seva comunicaci\u00f3 a la Corredoria, s'haur\u00e0 d'assegurar que ha complert amb les obligacions vigents en mat\u00e8ria de protecci\u00f3 de dades en cada moment.<\/p><p>Les dades personals les hem obtingut de Vost\u00e8 (o del prenedor de l'asseguran\u00e7a) i la categoria de dades a la qual pertanyen s\u00f3n: dades identificatives i de contacte; la veu, dades banc\u00e0ries; dades de salut (si fos necessari) i qualsevol dada que resulti necess\u00e0ria per a la valoraci\u00f3 del risc assegurable, aix\u00ed com per a la consecuci\u00f3 de les finalitats indicades anteriorment.<\/p><p><strong>Cessi\u00f3 de dades personals.<\/strong><\/p><p>De conformitat amb l'art. 99.1 de la Llei 20\/2015 de Ordenaci\u00f3, Supervisi\u00f3 i Solv\u00e8ncia de les Entitats Asseguradores i Reasseguradores, PIB Group Iberia podr\u00e0 cedir les seves dades personals a l'asseguradora seleccionada per Vost\u00e8 als efectes d'\u00e9sser garantia del ple desenvolupament del contracte d'asseguran\u00e7a i del compliment de les obligacions legals. Tamb\u00e9 podr\u00e0 cedir-les a entitats, organismes o persones legitimades per a la resoluci\u00f3 i tramitaci\u00f3 de sinistres; a entitats que participin en la cobertura de la seva p\u00f2lissa (serveis jur\u00eddics i sanitaris); a jutjats, tribunals o administracions p\u00fabliques en cas de ser requerits.<\/p><p>Aix\u00ed mateix, la Companyia podr\u00e0 comunicar les seves dades personals a:<\/p><p>1.- Empreses que formin part de PIB Group Iberia, amb finalitats administratives internes, incloent-hi el tractament de dades personals de clients i empleats, amb la finalitat de gestionar internament el servei prestat i el manteniment de la relaci\u00f3 contractual. Aquesta cessi\u00f3 es troba emparada en l'inter\u00e8s leg\u00edtim (en virtut del que s'ha recollit al considerant 48 del RGPD, per la qual cosa no ser\u00e0 necessari demanar el seu consentiment expr\u00e9s per a aquesta operaci\u00f3.<\/p><p>2.- Empreses que siguin prove\u00efdores de serveis de PIB Group Iberia, incloent el tractament de dades personals de clients i empleats amb la finalitat de gestionar l'ofereixement de serveis de tercers. Aquesta cessi\u00f3 es troba emparada en el consentiment expr\u00e9s.<\/p><p>Us recordem la vostra possibilitat d'oposar-vos a aquests tractaments de dades.<\/p><p><strong>Transfer\u00e8ncies internacionals de dades<\/strong><\/p><p>PIB Group Iberia, com a part del grup d'empreses de PIB Group Limited, \u00e9s una organitzaci\u00f3 que opera en diferents pa\u00efsos, podent transferir internacionalment determinada informaci\u00f3 personal sobre Vost\u00e8 amb la finalitat exclusiva de donar compliment al contracte subscrit. En particular, PIB Group Iberia pot realitzar aquestes transfer\u00e8ncies per administrar i gestionar els serveis que se li presten i millorar l'efici\u00e8ncia de les operacions comercials. La Companyia prendr\u00e0 les mesures oportunes per garantir que les transfer\u00e8ncies compleixin amb tota la normativa de protecci\u00f3 de dades aplicable.<\/p><p>Quan les dades personals es transfereixin a pa\u00efsos fora de l'Espai Econ\u00f2mic Europeu amb finalitats de tractament, aquestes transfer\u00e8ncies es faran preferentment a pa\u00efsos que la Comissi\u00f3 Europea consideri que ofereixen garanties adequades per a la protecci\u00f3 de dades (\u00abtransfer\u00e8ncies basades en una decisi\u00f3 d'adequaci\u00f3\u00bb). En particular, les seves dades es poden transferir als EUA i al Regne Unit, territoris on tenen la seva seu els fons que controlen PIB Group Limited i la plataforma LexisNexis; fem servir aquesta plataforma per verificar dades amb la finalitat de prevenir el frau i el blanqueig de capitals. En aquest sentit, l'informem que ambd\u00f3s territoris tenen una decisi\u00f3 d'adequaci\u00f3 de la Comissi\u00f3 Europea. En altres ocasions, quan les vostres dades es transferixin a territoris sense una decisi\u00f3 d'adequaci\u00f3 o a entitats que no s'adhereixin al Marc de privadesa de dades UE-EUA, adoptarem garanties adequades (\u00abtransfer\u00e8ncies basades en la prestaci\u00f3 de garanties adequades\u00bb), en particular mitjan\u00e7ant la inclusi\u00f3 de cl\u00e0usules contractuals est\u00e0ndard, d'acord amb les disposicions de l'article 46 del Reglament general de protecci\u00f3 de dades (\u00abRGPD\u00bb).<\/p><p>En els casos en qu\u00e8 no hi hagi una decisi\u00f3 d'adequaci\u00f3 o no es proporcionin garanties adequades, d'acord amb l'article 49 del RGPD, podem transferir les vostres dades personals a un tercer pa\u00eds o a una organitzaci\u00f3 internacional quan: i) tinguem el vostre consentiment expl\u00edcit per a la transfer\u00e8ncia proposada; ii) la transfer\u00e8ncia \u00e9s necess\u00e0ria per a l'execuci\u00f3 del contracte que tenim en vigor amb vost\u00e8, o per a l'execuci\u00f3 de mesures precontractuals que vost\u00e8 ha sol\u00b7licitat; iii) la transfer\u00e8ncia \u00e9s necess\u00e0ria per a la conclusi\u00f3 o execuci\u00f3 d'un contracte entre PIB Group Iberia i una altra persona f\u00edsica o jur\u00eddica, en el seu inter\u00e8s; iv) la transfer\u00e8ncia \u00e9s necess\u00e0ria per raons d'inter\u00e8s p\u00fablic essencial o per a la protecci\u00f3 dels teus interessos vitals, o els d'altres persones, sempre que siguis f\u00edsicament o legalment incapa\u00e7 de donar el teu consentiment; v) la transfer\u00e8ncia \u00e9s necess\u00e0ria per a l'establiment, l'exercici o la defensa de reclamacions legals; vi) ens trobem en situacions en qu\u00e8 la transfer\u00e8ncia es fa des d'un registre p\u00fablic que, d'acord amb la legislaci\u00f3 de la Uni\u00f3 o de l'Estat membre, t\u00e9 per objecte proporcionar informaci\u00f3 al p\u00fablic i \u00e9s obert a la consulta del p\u00fablic en general o de qualsevol persona que pugui demostrar un inter\u00e8s leg\u00edtim, sempre que es compleixin les condicions establertes per la legislaci\u00f3 de la Uni\u00f3 o de l'Estat membre per a la consulta.<\/p><p>Si desitja obtenir m\u00e9s informaci\u00f3 sobre el tractament de les seves dades personals pot posar-se en contacte amb nosaltres a trav\u00e9s de l'adre\u00e7a de correu\u00a0<a href=\"mailto:delegado.protecciondatos@pib-insurance.es\">delegado.protecciondatos@pib-insurance.es<\/a><\/p><p><strong>Conservaci\u00f3, cancel\u00b7laci\u00f3 i supressi\u00f3 de dades personals<\/strong><\/p><p>Us informem que les dades personals que ens faciliti seran conservades mentre subsisteixi la finalitat indicada i fins al venciment dels terminis de prescripci\u00f3 de les accions que poguessin derivar-se del compliment del contracte d'asseguran\u00e7a, un cop ven\u00e7ut aquest per qualsevol causa i\/o tancament de sinistres oberts, sent bloquejades quan hagin deixat de ser pertinents per al compliment d'aquesta finalitat. Recordem que t\u00e9 dret a obtenir confirmaci\u00f3 sobre si tractem les seves dades personals.<\/p><p>Quan la supressi\u00f3 es basi en l'exercici del dret d'oposici\u00f3 previst a l'article 21.2 del RGPD, el responsable del tractament podr\u00e0 conservar les dades identificatives de l'afectat amb la finalitat d'impedir tractaments futurs per a finalitats de m\u00e0rqueting directe.<\/p><p><strong>Dilig\u00e8ncia deguda en la gesti\u00f3 de les dades personals<\/strong><\/p><p>La Companyia compleix amb les mesures legals de seguretat de protecci\u00f3 de dades personals havent adoptat totes les mesures raonablement exigibles d'acord amb els coneixements t\u00e8cnics actuals per evitar la p\u00e8rdua, mal \u00fas, alteraci\u00f3, intrusi\u00f3 il\u00b7leg\u00edtima i sostracci\u00f3 de les dades personals facilitades. En qualsevol cas, vost\u00e8 ha de saber que internet no \u00e9s un mitj\u00e0 totalment segur i\/o inexpugnable.<\/p><p><strong>Drets que pot exercir en relaci\u00f3 amb el tractament de les seves dades personals<\/strong><\/p><p>Vost\u00e8 t\u00e9 dret a retirar el seu consentiment en qualsevol moment, sempre que el tractament no sigui necessari per al compliment del contracte d'asseguran\u00e7a. No obstant aix\u00f2, la retirada d'aquest consentiment no afecta la licitud del tractament basada en el consentiment contractual previ.<\/p><p>Vost\u00e8 pot exercir els seg\u00fcents drets en mat\u00e8ria de protecci\u00f3 de dades:<\/p><p><strong>D'acc\u00e9s<\/strong>: el dret a dirigir-se al responsable del tractament per saber si est\u00e0 tractant o no les seves dades de car\u00e0cter personal i obtenir-ne informaci\u00f3.<\/p><p><strong>De rectificaci\u00f3<\/strong>: Es preveu obtenir la rectificaci\u00f3 de les seves dades personals que siguin inexactes o incompletes.<\/p><p><strong>De supressi\u00f3 o \u201ca l'oblit\u201d<\/strong>: Els interessats poden sol\u00b7licitar que la Companyia elimini les seves dades personals quan: (i) les dades personals ja no siguin necess\u00e0ries en relaci\u00f3 amb les finalitats per a les quals es van recopilar inicialment, (ii) vost\u00e8 retiri el seu consentiment (si el tractament de dades es basa en el consentiment), (iii) vost\u00e8 hagi exercit satisfact\u00f2riament el seu dret d'oposici\u00f3, (iv) les seves dades personals hagin estat tractades il\u00b7legalment i (v) la Companyia hagi de complir amb una obligaci\u00f3 legal.<\/p><p><strong>Delimitaci\u00f3:<\/strong>\u00a0Podr\u00e0 sol\u00b7licitar la limitaci\u00f3 del tractament de les seves dades personals que realitza el responsable quan es compleixin les condicions seg\u00fcents: (i) quan impugni l'exactitud de les seves dades personals, en un termini que permeti al responsable la seva verificaci\u00f3, (ii) quan s'hagi oposat al tractament que el responsable realitza sobre les seves dades personals amb fonament en l'inter\u00e8s leg\u00edtim o p\u00fablic, mentre es verifiquen els motius al\u00b7legats. (iv) Quan el responsable ja no necessiti les dades personals per a les finalitats del tractament, per\u00f2 l'interessat les necessiti per a la formulaci\u00f3, l'exercici o la defensa de reclamacions<\/p><p><strong>Dret a la portabilitat<\/strong>: Dret a rebre informaci\u00f3 sobre el tractament automatitzat que es realitza de les teves dades personals, en un format estructurat, d'\u00fas com\u00fa, de lectura mec\u00e0nica i interoperable, podent transmetre-les a un altre responsable del tractament, sempre que el tractament es legitimi en base al consentiment o en el marc de l'execuci\u00f3 d'un contracte.<\/p><p>Aquest dret no es podr\u00e0 aplicar quan el tractament sigui necessari per al compliment d'una missi\u00f3 d'inter\u00e8s p\u00fablic o en l'exercici de poders p\u00fablics conferits al responsable.<\/p><p>Aquests drets, aix\u00ed com la presentaci\u00f3 de reclamacions, es podran exercir a trav\u00e9s de la seg\u00fcent adre\u00e7a de correu electr\u00f2nic,\u00a0<a href=\"mailto:delegado.protecciondatos@pib-insurance.es\">delegado.protecciondatos@pib-insurance.es<\/a>, o a C\/ Aribau, 200, 3\u00e8, 08036 Barcelona, havent-se d'identificar indicant el nom i cognoms complets aix\u00ed com el n\u00famero de DNI (o document d'identificaci\u00f3 personal v\u00e0lid), aix\u00ed com qualsevol altra dada personal que l'identifiqui inequ\u00edvocament com a client de PIB Group Iberia, com ara adre\u00e7a de correu electr\u00f2nic, adre\u00e7a postal, etc., juntament amb la sol\u00b7licitud del dret que es tracti.<\/p><p>Aix\u00ed mateix, informar-li que la Companyia, abans d'oferir-li informaci\u00f3 o facilitar-li l'exercici dels seus drets, pot realitzar diferents tasques a l'efecte de verificar la seva identitat o altres detalls necessaris per poder respondre adequadament a la seva sol\u00b7licitud. Ens posarem en contacte amb vost\u00e8 en un per\u00edode m\u00e0xim de 30 dies a partir de la data de la seva sol\u00b7licitud.<\/p><p>Finalment, i en cas de no estar d'acord amb l'exercici dels seus drets, pot sol\u00b7licitar informaci\u00f3 i\/o presentar una reclamaci\u00f3 davant l'Ag\u00e8ncia Espanyola de Protecci\u00f3 de Dades, amb domicili al carrer Jorge Juan, n\u00fam. 6, 28001 Madrid.\u201d<\/p><p>En utilitzar aquest lloc web accepteu que puguem col\u00b7locar galetes al vostre dispositiu, tal com es descriu a l'apartat \u201cPol\u00edtica de Galetes\u201d.<\/p>\t\t\t\t\t\t\t\t<\/div>\n\t\t\t\t\t<\/div>\n\t\t<\/div>\n\t\t\t\t\t<\/div>\n\t\t<\/section>\n\t\t\t\t<\/div>","protected":false},"excerpt":{"rendered":"<p>Privacidad Pol\u00edtica de privacidad. Cl\u00e1usula informativa De conformidad con lo establecido en: El Reglamento (UE) 2016\/679, del Parlamento Europeo y del Consejo, de 27 de abril de 2016, relativo a la protecci\u00f3n de las personas f\u00edsicas en lo que respecta al tratamiento de datos personales y a la libre circulaci\u00f3n de estos datos. En adelante [&hellip;]<\/p>\n","protected":false},"author":11,"featured_media":0,"parent":5682,"menu_order":0,"comment_status":"closed","ping_status":"closed","template":"elementor_header_footer","meta":{"yasr_overall_rating":0,"yasr_post_is_review":"","yasr_auto_insert_disabled":"","yasr_review_type":"","footnotes":""},"class_list":["post-1675","page","type-page","status-publish","hentry"],"yasr_visitor_votes":{"stars_attributes":{"read_only":false,"span_bottom":false},"number_of_votes":0,"sum_votes":0},"_links":{"self":[{"href":"https:\/\/pibgroupiberia.com\/ca\/wp-json\/wp\/v2\/pages\/1675","targetHints":{"allow":["GET"]}}],"collection":[{"href":"https:\/\/pibgroupiberia.com\/ca\/wp-json\/wp\/v2\/pages"}],"about":[{"href":"https:\/\/pibgroupiberia.com\/ca\/wp-json\/wp\/v2\/types\/page"}],"author":[{"embeddable":true,"href":"https:\/\/pibgroupiberia.com\/ca\/wp-json\/wp\/v2\/users\/11"}],"replies":[{"embeddable":true,"href":"https:\/\/pibgroupiberia.com\/ca\/wp-json\/wp\/v2\/comments?post=1675"}],"version-history":[{"count":3,"href":"https:\/\/pibgroupiberia.com\/ca\/wp-json\/wp\/v2\/pages\/1675\/revisions"}],"predecessor-version":[{"id":20732,"href":"https:\/\/pibgroupiberia.com\/ca\/wp-json\/wp\/v2\/pages\/1675\/revisions\/20732"}],"up":[{"embeddable":true,"href":"https:\/\/pibgroupiberia.com\/ca\/wp-json\/wp\/v2\/pages\/5682"}],"wp:attachment":[{"href":"https:\/\/pibgroupiberia.com\/ca\/wp-json\/wp\/v2\/media?parent=1675"}],"curies":[{"name":"wp","href":"https:\/\/api.w.org\/{rel}","templated":true}]}}