{"id":1670,"date":"2024-05-21T14:49:26","date_gmt":"2024-05-21T12:49:26","guid":{"rendered":"http:\/\/localhost:10040\/?page_id=1670"},"modified":"2026-02-05T16:09:55","modified_gmt":"2026-02-05T15:09:55","slug":"cookie-policy","status":"publish","type":"page","link":"https:\/\/pibgroupiberia.com\/en\/corporativo\/politica-de-cookies\/","title":{"rendered":"Cookie Policy"},"content":{"rendered":"<div data-elementor-type=\"wp-page\" data-elementor-id=\"1670\" class=\"elementor elementor-1670\" data-elementor-post-type=\"page\">\n\t\t\t\t\t\t<section class=\"elementor-section elementor-top-section elementor-element elementor-element-17352d3 elementor-section-full_width elementor-section-height-default elementor-section-height-default\" data-id=\"17352d3\" data-element_type=\"section\" data-e-type=\"section\" data-settings=\"{&quot;background_background&quot;:&quot;classic&quot;,&quot;ekit_has_onepagescroll_dot&quot;:&quot;yes&quot;}\">\n\t\t\t\t\t\t<div class=\"elementor-container elementor-column-gap-default\">\n\t\t\t\t\t<div class=\"elementor-column elementor-col-50 elementor-top-column elementor-element elementor-element-6a4b078\" data-id=\"6a4b078\" data-element_type=\"column\" data-e-type=\"column\" data-settings=\"{&quot;background_background&quot;:&quot;classic&quot;}\">\n\t\t\t<div class=\"elementor-widget-wrap elementor-element-populated\">\n\t\t\t\t\t\t<div class=\"elementor-element elementor-element-c86fac8 elementor-invisible elementor-widget elementor-widget-heading\" data-id=\"c86fac8\" data-element_type=\"widget\" data-e-type=\"widget\" data-settings=\"{&quot;_animation&quot;:&quot;fadeIn&quot;,&quot;ekit_we_effect_on&quot;:&quot;none&quot;}\" data-widget_type=\"heading.default\">\n\t\t\t\t\t<h1 class=\"elementor-heading-title elementor-size-default\">Cookies policy<\/h1>\t\t\t\t<\/div>\n\t\t\t\t\t<\/div>\n\t\t<\/div>\n\t\t\t\t<div class=\"elementor-column elementor-col-50 elementor-top-column elementor-element elementor-element-b5cbe24\" data-id=\"b5cbe24\" data-element_type=\"column\" data-e-type=\"column\" data-settings=\"{&quot;background_background&quot;:&quot;classic&quot;}\">\n\t\t\t<div class=\"elementor-widget-wrap\">\n\t\t\t\t\t\t\t<\/div>\n\t\t<\/div>\n\t\t\t\t\t<\/div>\n\t\t<\/section>\n\t\t\t\t<section class=\"elementor-section elementor-top-section elementor-element elementor-element-8a800ca elementor-section-boxed elementor-section-height-default elementor-section-height-default\" data-id=\"8a800ca\" data-element_type=\"section\" data-e-type=\"section\" data-settings=\"{&quot;ekit_has_onepagescroll_dot&quot;:&quot;yes&quot;}\">\n\t\t\t\t\t\t<div class=\"elementor-container elementor-column-gap-default\">\n\t\t\t\t\t<div class=\"elementor-column elementor-col-100 elementor-top-column elementor-element elementor-element-f4c19d2\" data-id=\"f4c19d2\" data-element_type=\"column\" data-e-type=\"column\">\n\t\t\t<div class=\"elementor-widget-wrap elementor-element-populated\">\n\t\t\t\t\t\t<div class=\"elementor-element elementor-element-a254fa7 elementor-widget elementor-widget-text-editor\" data-id=\"a254fa7\" data-element_type=\"widget\" data-e-type=\"widget\" data-settings=\"{&quot;ekit_we_effect_on&quot;:&quot;none&quot;}\" data-widget_type=\"text-editor.default\">\n\t\t\t\t\t\t\t\t\t<h3>Introduction.<\/h3><p>The PIB Group Iberia Corredur\u00eda de Seguros y Reaseguros, S.A.U website uses <em>Biscuits\u00a0<\/em>with the aim of gathering information about users' web usage.<\/p><p>The present policy\u00a0<em>Biscuits<\/em>\u00a0it aims to inform you clearly about the\u00a0<em>Biscuits<\/em>\u00a0that are used on the Web.<\/p><h3>Information about\u00a0<em>Biscuits<\/em>.<\/h3><h4>Qu'est-ce qu'un\u00a0<em>biscuit<\/em>?<\/h4><p>The\u00a0<em>Biscuits<\/em>\u00a0they are fragments of information that are shared between your internet browser (computer or mobile device) and a website, with information about your browsing on said site, for the purpose of storing data that can be updated and retrieved by the entity responsible for its installation.<\/p><p>The\u00a0<em>Biscuits<\/em>\u00a0They usually store technical information, personal preferences, content customisation, usage statistics, social media links, user account access, etc. The use of\u00a0<em>Biscuits<\/em>\u00a0allows the user faster and easier navigation, without harming their computer.<\/p><p>The information gathered through the\u00a0<em>Biscuits<\/em>\u00a0it can include the date and time of website visits, pages viewed, or the time you have spent on our website.<\/p><p>The\u00a0<em>Biscuits<\/em>\u00a0Under no circumstances is any personal information or data obtained from the device's user; it merely records the internet usage data of a specific IP address. They cannot read data from your computer's hard drive.<\/p><p>This information can only be read by the website that sent it to the computer.\u00a0<em>Biscuits<\/em>\u00a0they can be deleted, accepted or blocked at the user's request.<\/p><h4>Types of\u00a0<em>Biscuits<\/em>.<\/h4><h4>There are two types of\u00a0<em>Biscuits<\/em>\u00a0depending on the length of stay:<\/h4><ol><li><h4><em>Biscuits\u00a0<\/em>session<\/h4><p>These are designed to collect and store data while the user accesses the web. They are only stored on your computer for the duration of your internet browsing. They are automatically deleted when the browser is closed. They usually store an anonymous session ID that allows you to browse a website without needing to log in on each page. They do not collect any information from your computer.<\/p><\/li><li><h4><em>Biscuits\u00a0<\/em>persistent<\/h4><p>They are stored as a file on your computer and remain there when you close your internet browser. This\u00a0<em>biscuit<\/em>\u00a0can be read by the Web which created it when the user revisits this Web page. They are used to store information between different visits to a website and, consequently, are not deleted when the browsing session ends (hence their name). They can be processed for a period defined by the controller of the\u00a0<em>biscuit<\/em>\u00a0and it can range from a few minutes to years.<\/p><\/li><\/ol><h3>There are two types of\u00a0<em>Biscuits<\/em>\u00a0depending on your ownership:<\/h3><ol><li><h4><em>Biscuits\u00a0<\/em>own<\/h4><p>They are those\u00a0<em>Biscuits<\/em> which are sent to your terminal (computer) from a team or domain managed by PIB Group Iberia Corredur\u00eda de Seguros y Reaseguros, S.A.U for the best functioning of the Website. The information is used to improve the quality of the service and your experience as a user. These\u00a0<em>Biscuits<\/em>\u00a0allow them to recognise you as a returning visitor to the Website and adapt the content to offer you what best suits your preferences<\/p><\/li><li><h4><em>Biscuits<\/em> of a third party<\/h4><p>They are those\u00a0<em>Biscuits<\/em> which are sent to the user's terminal equipment (computer) from a team or domain that is not managed by PIB Group Iberia Corredur\u00eda de Seguros y Reaseguros, S.A.U, but by another entity that processes the data obtained through the\u00a0<em>Biscuits<\/em>. In the event that the\u00a0<em>Biscuits<\/em> installed from a computer or domain managed by PIB Group Iberia Corredur\u00eda de Seguros y Reaseguros, S.A.U and the information collected through them is managed by a third party, they will not be considered\u00a0<em>Biscuits<\/em><\/p><\/li><\/ol><h3>There are two types of\u00a0<em>Biscuits<\/em>\u00a0depending on its purpose:<\/h3><ol><li><h4><em>Biscuits\u00a0<\/em>techniques<\/h4><p>These are those that allow the user to navigate through a web page, platform, or application and use the different options or services available on it, such as, for example, controlling traffic and data communication, identifying the session or accessing restricted areas, among others.<\/p><\/li><li><h4><em>Biscuits\u00a0<\/em>analysis<\/h4><p>These are those that allow the person responsible for them to track and analyse the behaviour of users of the websites to which they are linked. The information collected through this type of\u00a0<em>Biscuits<\/em>\u00a0It is used to measure the activity of websites, applications or platforms, and for the creation of user browsing profiles for these sites, applications and platforms, and for introducing improvements based on the analysis of user data usage of the service.<\/p><\/li><\/ol><p>For information on all these categories of\u00a0<em>Biscuits<\/em>, and for more general information on\u00a0<em>Biscuits<\/em>, please consult\u00a0<a href=\"http:\/\/www.aboutcookies.org\/\" target=\"_blank\" rel=\"noopener\">aboutcookies.org<\/a>.<\/p><h3>Para qu\u00e9 se utilizan las\u00a0<em>Biscuits<\/em>\u00a0On this website?<\/h3><p>The main objective of the\u00a0<em>Biscuits<\/em>\u00a0installed is to enhance the experience of visitors to the website, with the aim of improving it. This way, the\u00a0<em>Biscuits<\/em>\u00a0allow obtaining information relating to the number of users accessing the web, the number of pages viewed, the frequency and repetition of visits, their duration, the browser used, the operator providing the service, the language or the terminal used.<\/p><h3>The information provided is incomplete. Please provide the full query so I can assist you with the translation.\u00a0<em>Biscuits<\/em>\u00a0On this website?<\/h3><p>PIB Group Iberia Corredur\u00eda de Seguros y Reaseguros, S.A.U does not store personal user data on the <em>Biscuits<\/em>\u00a0which it uses, except in the case of voluntary registration in any of the sections that may have been enabled for this purpose within the website in order to use the services it makes available. Nor does it use the\u00a0<em>Biscuits<\/em>\u00a0to target advertising to its users based on their browsing history or for other advertising purposes, neither its own nor those of third parties.<\/p><h3>Relationship of\u00a0<em>Biscuits<\/em> used and installed on the website of PIB Group Iberia Corredur\u00eda de Seguros y Reaseguros, S.A.U.<\/h3><p>The PIB Group Iberia Corredur\u00eda de Seguros y Reaseguros, S.A.U. website uses <em>Biscuits<\/em>\u00a0statistical analysis that allows for the monitoring and statistical analysis of the behaviour of all users, enabling the quantification of visitor numbers and the statistical analysis of their use of the services.<\/p><p>The following table is a list of the\u00a0<em>Biscuits<\/em> main principles established by the website of PIB Group Iberia Corredur\u00eda de Seguros y Reaseguros, S.A.U. Please note that we may modify or update our\u00a0<em>Biscuits<\/em>. This list will be updated whenever this occurs.<\/p><table border=\"1\" width=\"576\"><tbody><tr><td width=\"136\"><h4>NAME\u00a0<em>Biscuit<\/em><\/h4><\/td><td width=\"57\"><h4>Type<\/h4><\/td><td width=\"100\"><h4>DESCRIPTION<\/h4><\/td><td width=\"79\"><h4>Duration<\/h4><\/td><td width=\"118\"><h4>Purpose<\/h4><\/td><td width=\"86\"><h4>\u00a0<\/h4><h4>Priority<\/h4><\/td><\/tr><tr><td width=\"136\">_gat<\/td><td width=\"57\">Third parties<\/td><td width=\"100\">Google Analytics<\/td><td width=\"79\">Session<\/td><td width=\"118\">Used by Google Analytics to control the request rate<\/td><td width=\"86\">Media<\/td><\/tr><tr><td width=\"136\">viewed_cookie_policy<\/td><td width=\"57\">Internal use<\/td><td width=\"100\">WordPress<\/td><td width=\"79\">1 year<\/td><td width=\"118\"><em>Biscuits<\/em>\u00a0for internal use necessary for the functioning of the policy display\u00a0<em>Biscuits<\/em>\u00a0from the web<\/td><td width=\"86\">Media<\/td><\/tr><tr><td width=\"136\">cookielawinfo-checkbox-necessary<\/td><td width=\"57\">Internal use<\/td><td width=\"100\">GPRD Cookie Consent plugin<\/td><td width=\"79\">11 months<\/td><td width=\"118\">Used for the acceptance of\u00a0<em>Biscuits<\/em>\u00a0necessary<\/td><td width=\"86\">Media<\/td><\/tr><tr><td width=\"136\">CookieLawInfoConsent<\/td><td width=\"57\">Internal use<\/td><td width=\"100\">GPRD Cookie Consent plugin<\/td><td width=\"79\">11 months<\/td><td width=\"118\">Used for the acceptance of\u00a0<em>Biscuits<\/em>\u00a0necessary<\/td><td width=\"86\">Media<\/td><\/tr><tr><td width=\"136\">cookielawinfo-checkbox-non-necessary<\/td><td width=\"57\">Internal use<\/td><td width=\"100\">GPRD Cookie Consent plugin<\/td><td width=\"79\">11 months<\/td><td width=\"118\">Used for the acceptance of\u00a0<em>Biscuits<\/em>\u00a0necessary<\/td><td width=\"86\">Media<\/td><\/tr><tr><td width=\"136\">_gid<\/td><td width=\"57\">Third parties<\/td><td width=\"100\">Google Analytics<\/td><td width=\"79\">24 hours<\/td><td width=\"118\">It is used to distinguish users<\/td><td width=\"86\">Media<\/td><\/tr><tr><td width=\"136\">qtrans_front_language<\/td><td width=\"57\">Internal use<\/td><td width=\"100\">WordPress<\/td><td width=\"79\">1 year<\/td><td width=\"118\">It is used to know the language selected by the user on their last visit<\/td><td width=\"86\">Media<\/td><\/tr><tr><td width=\"136\">wordpress_test_cookie<\/td><td width=\"57\">Internal use<\/td><td width=\"100\">WordPress<\/td><td width=\"79\">1 year<\/td><td width=\"118\">Used by WordPress to check if the browser allows\u00a0<em>Biscuits<\/em><\/td><td width=\"86\">Media<\/td><\/tr><tr><td width=\"136\">wf_loginalerted<\/td><td width=\"57\">Third parties<\/td><td width=\"100\">WordPress<\/td><td width=\"79\">1 year<\/td><td width=\"118\">Control administrator logins from a new device<\/td><td width=\"86\">Media<\/td><\/tr><tr><td width=\"136\">_ga<\/td><td width=\"57\">Third parties<\/td><td width=\"100\">Google Analytics<\/td><td width=\"79\">2 years<\/td><td width=\"118\">It is used to distinguish users<\/td><td width=\"86\">Media<\/td><\/tr><tr><td width=\"136\">CONSENT<\/td><td width=\"57\">Third parties<\/td><td width=\"100\">Google<\/td><td width=\"79\">6 months<\/td><td width=\"118\">It is used for consent to the configuration of the\u00a0<em>biscuit<\/em><\/td><td width=\"86\">Media<\/td><\/tr><\/tbody><\/table><div id=\"cmplz-cookies-overview\"><details class=\"cmplz-dropdown cmplz-service-desc cmplz-dropdown-cookiepolicy\"><div><h3>Translate<\/h3><p>Functional<\/p><p><label class=\"cmplz_consent_per_service_label\" for=\"cmplz_service_q-translate\"><span class=\"screen-reader-text\">Consent to service q-translate<\/span><\/label><\/p><\/div><div class=\"cmplz-service-description\"><h4>\u00a0<\/h4><\/div><div class=\"cmplz-sharing-data\"><h4>\u00a0<\/h4><\/div><div class=\"cookies-per-purpose\"><div class=\"purpose\"><h4>\u00a0<\/h4><\/div><div class=\"name-header\"><h5>\u00a0<\/h5><\/div><div class=\"name\">\u00a0<\/div><div class=\"retention-header\"><h5>\u00a0<\/h5><\/div><div class=\"retention\">\u00a0<\/div><div class=\"function-header\"><h5>\u00a0<\/h5><\/div><div class=\"function\">\u00a0<\/div><\/div><\/details><details class=\"cmplz-dropdown cmplz-service-desc cmplz-dropdown-cookiepolicy\"><div><h3>Google Analytics<\/h3><p>Statistics (anonymous)<\/p><p><label class=\"cmplz_consent_per_service_label\" for=\"cmplz_service_google-analytics\"><span class=\"screen-reader-text\">Consent to service google-analytics<\/span><\/label><\/p><\/div><div class=\"cmplz-service-description\"><h4>\u00a0<\/h4><\/div><div class=\"cmplz-sharing-data\"><h4>\u00a0<\/h4><\/div><div class=\"cookies-per-purpose\"><div class=\"purpose\"><h4>\u00a0<\/h4><\/div><div class=\"name-header\"><h5>\u00a0<\/h5><\/div><div class=\"name\">\u00a0<\/div><div class=\"retention-header\"><h5>\u00a0<\/h5><\/div><div class=\"retention\">\u00a0<\/div><div class=\"function-header\"><h5>\u00a0<\/h5><\/div><div class=\"function\">\u00a0<\/div><div class=\"name-header\"><h5>\u00a0<\/h5><\/div><div class=\"name\">\u00a0<\/div><div class=\"retention-header\"><h5>\u00a0<\/h5><\/div><div class=\"retention\">\u00a0<\/div><div class=\"function-header\"><h5>\u00a0<\/h5><\/div><div class=\"function\">\u00a0<\/div><div class=\"name-header\"><h5>\u00a0<\/h5><\/div><div class=\"name\">\u00a0<\/div><div class=\"retention-header\"><h5>\u00a0<\/h5><\/div><div class=\"retention\">\u00a0<\/div><div class=\"function-header\"><h5>\u00a0<\/h5><\/div><div class=\"function\">\u00a0<\/div><\/div><\/details><details class=\"cmplz-dropdown cmplz-service-desc cmplz-dropdown-cookiepolicy\"><div><h3>Various<\/h3><p>Preferences, Functional<\/p><p><label class=\"cmplz_consent_per_service_label\" for=\"cmplz_service_varios\"><span class=\"screen-reader-text\">Consent to Service of Process<\/span><\/label><\/p><\/div><div class=\"cmplz-service-description\"><h4>\u00a0<\/h4><\/div><div class=\"cmplz-sharing-data\"><h4>\u00a0<\/h4><\/div><div class=\"cookies-per-purpose\"><div class=\"purpose\"><h4>\u00a0<\/h4><\/div><div class=\"name-header\"><h5>\u00a0<\/h5><\/div><div class=\"name\">\u00a0<\/div><div class=\"retention-header\"><h5>\u00a0<\/h5><\/div><div class=\"retention\">\u00a0<\/div><div class=\"function-header\"><h5>\u00a0<\/h5><\/div><div class=\"function\">\u00a0<\/div><div class=\"name-header\"><h5>\u00a0<\/h5><\/div><div class=\"name\">\u00a0<\/div><div class=\"retention-header\"><h5>\u00a0<\/h5><\/div><div class=\"retention\">\u00a0<\/div><div class=\"function-header\"><h5>\u00a0<\/h5><\/div><div class=\"function\">\u00a0<\/div><div class=\"name-header\"><h5>\u00a0<\/h5><\/div><div class=\"name\">\u00a0<\/div><div class=\"retention-header\"><h5>\u00a0<\/h5><\/div><div class=\"retention\">\u00a0<\/div><div class=\"function-header\"><h5>\u00a0<\/h5><\/div><div class=\"function\">\u00a0<\/div><div class=\"name-header\"><h5>\u00a0<\/h5><\/div><div class=\"name\">\u00a0<\/div><div class=\"retention-header\"><h5>\u00a0<\/h5><\/div><div class=\"retention\">\u00a0<\/div><div class=\"function-header\"><h5>\u00a0<\/h5><\/div><div class=\"function\">\u00a0<\/div><div class=\"name-header\"><h5>\u00a0<\/h5><\/div><div class=\"name\">\u00a0<\/div><div class=\"retention-header\"><h5>\u00a0<\/h5><\/div><div class=\"retention\">\u00a0<\/div><div class=\"function-header\"><h5>\u00a0<\/h5><\/div><div class=\"function\">\u00a0<\/div><div class=\"name-header\"><h5>\u00a0<\/h5><\/div><div class=\"name\">\u00a0<\/div><div class=\"retention-header\"><h5>\u00a0<\/h5><\/div><div class=\"retention\">\u00a0<\/div><div class=\"function-header\"><h5>\u00a0<\/h5><\/div><div class=\"function\">\u00a0<\/div><div class=\"name-header\"><h5>\u00a0<\/h5><\/div><div class=\"name\">\u00a0<\/div><div class=\"retention-header\"><h5>\u00a0<\/h5><\/div><div class=\"retention\">\u00a0<\/div><div class=\"function-header\"><h5>\u00a0<\/h5><\/div><div class=\"function\">\u00a0<\/div><div class=\"name-header\"><h5>\u00a0<\/h5><\/div><div class=\"name\">\u00a0<\/div><div class=\"retention-header\"><h5>\u00a0<\/h5><\/div><div class=\"retention\">\u00a0<\/div><div class=\"function-header\"><h5>\u00a0<\/h5><\/div><div class=\"function\">\u00a0<\/div><div class=\"name-header\"><h5>\u00a0<\/h5><\/div><div class=\"name\">\u00a0<\/div><div class=\"retention-header\"><h5>\u00a0<\/h5><\/div><div class=\"retention\">\u00a0<\/div><div class=\"function-header\"><h5>\u00a0<\/h5><\/div><div class=\"function\">\u00a0<\/div><\/div><div class=\"cookies-per-purpose\"><div class=\"purpose\"><h4>\u00a0<\/h4><\/div><div class=\"name-header\"><h5>\u00a0<\/h5><\/div><div class=\"name\">\u00a0<\/div><div class=\"retention-header\"><h5>\u00a0<\/h5><\/div><div class=\"retention\">\u00a0<\/div><div class=\"function-header\"><h5>\u00a0<\/h5><\/div><div class=\"function\">\u00a0<\/div><div class=\"name-header\"><h5>\u00a0<\/h5><\/div><div class=\"name\">\u00a0<\/div><div class=\"retention-header\"><h5>\u00a0<\/h5><\/div><div class=\"retention\">\u00a0<\/div><div class=\"function-header\"><h5>\u00a0<\/h5><\/div><div class=\"function\">\u00a0<\/div><div class=\"name-header\"><h5>\u00a0<\/h5><\/div><div class=\"name\">\u00a0<\/div><div class=\"retention-header\"><h5>\u00a0<\/h5><\/div><div class=\"retention\">\u00a0<\/div><div class=\"function-header\"><h5>\u00a0<\/h5><\/div><div class=\"function\">\u00a0<\/div><div class=\"name-header\"><h5>\u00a0<\/h5><\/div><div class=\"name\">\u00a0<\/div><div class=\"retention-header\"><h5>\u00a0<\/h5><\/div><div class=\"retention\">\u00a0<\/div><div class=\"function-header\"><h5>\u00a0<\/h5><\/div><div class=\"function\">\u00a0<\/div><div class=\"name-header\"><h5>\u00a0<\/h5><\/div><div class=\"name\">\u00a0<\/div><div class=\"retention-header\"><h5>\u00a0<\/h5><\/div><div class=\"retention\">\u00a0<\/div><div class=\"function-header\"><h5>\u00a0<\/h5><\/div><div class=\"function\">\u00a0<\/div><div class=\"name-header\"><h5>\u00a0<\/h5><\/div><div class=\"name\">\u00a0<\/div><div class=\"retention-header\"><h5>\u00a0<\/h5><\/div><div class=\"retention\">\u00a0<\/div><div class=\"function-header\"><h5>\u00a0<\/h5><\/div><div class=\"function\">\u00a0<\/div><\/div><div class=\"cookies-per-purpose\"><div class=\"purpose\"><h4>\u00a0<\/h4><\/div><div class=\"name-header\"><h5>\u00a0<\/h5><\/div><div class=\"name\">\u00a0<\/div><div class=\"retention-header\"><h5>\u00a0<\/h5><\/div><div class=\"retention\">\u00a0<\/div><div class=\"function-header\"><h5>\u00a0<\/h5><\/div><div class=\"function\">\u00a0<\/div><\/div><\/details><\/div><h3>The information stored in cookies is used by the websites you visit.<\/h3><p>information stored in the\u00a0<em>Biscuits<\/em> this website is used exclusively by PIB Group Iberia Corredur\u00eda de Seguros y Reaseguros, S.A.U, with the exception of Google Analytics, which are used and managed by Google and by PIB Group Iberia Corredur\u00eda de Seguros y Reaseguros, S.A.U for statistical purposes.<\/p><p>Google Analytics is a web analytics service provided by Google, Inc. (\u00abGoogle\u00bb). Google Analytics uses cookies to help the website analyse how users use the website. The information generated by the\u00a0<em>biscuit<\/em> regarding your use of the website (including your IP address) will be transmitted to and stored by Google on servers in the United States. Google will use this information for the purpose of evaluating your use of the website, compiling reports on website activity, and providing other services relating to website activity and internet usage to PIB Group Iberia Corredur\u00eda de Seguros y Reaseguros, S.A.U. Google may also transfer this information to third parties where required to do so by law, or where such third parties process the information on Google's behalf. Google will not associate your IP address with any other data held by Google. You may refuse the use of\u00a0<em>Biscuits<\/em>\u00a0by selecting the appropriate settings in your browser, however, please be aware that if you do so, you may not be able to use the full functionality of this website. By using this website, you agree to the processing of your data by Google in the manner and for the purposes set out above.<\/p><h3>Can cookies be disabled?<\/h3><p>Yes, the\u00a0<em>Biscuits<\/em>\u00a0they can be disabled. However, if you select this setting, you may not be able to access certain parts of this website, may result in less efficient navigation, or you may not be able to take advantage of some of the services.<\/p><p>If you prefer to restrict, block, or delete the\u00a0<em>Biscuits<\/em>\u00a0From this website, you can do so by modifying your browser's settings. While each browser's settings are different, cookie settings are usually found in the \u00abPreferences\u00bb or \u00abTools\u00bb menu.<\/p><p>Below are the links explaining how to disable the use of\u00a0<em>Biscuits<\/em>\u00a0in the main browsers.<\/p><h3>Google Chrome<\/h3><p><a href=\"https:\/\/support.google.com\/chrome\/answer\/95647?hl=es\" target=\"_blank\" rel=\"noopener\">https:\/\/support.google.com\/chrome\/answer\/95647?hl=es<\/a><\/p><h3>Mozilla Firefox<\/h3><p><a href=\"https:\/\/support.mozilla.org\/es\/kb\/habilitar-y-deshabilitar-cookies-sitios-web-rastrear-preferencias?redirectlocale=es&amp;redirectslug=habilitar-y-deshabilitar-cookies-que-los-sitios-we\" target=\"_blank\" rel=\"noopener\">https:\/\/support.mozilla.org\/es\/kb\/habilitar-y-deshabilitar-cookies-sitios-web-rastrear-preferencias?redirectlocale=es&amp;redirectslug=habilitar-y-deshabilitar-cookies-que-los-sitios-we<\/a><\/p><h3>Internet Explorer<\/h3><p><a href=\"https:\/\/support.microsoft.com\/es-es\/help\/17442\/windows-internet-explorer-delete-manage-cookies\" target=\"_blank\" rel=\"noopener\">https:\/\/support.microsoft.com\/es-es\/help\/17442\/windows-internet-explorer-delete-manage-cookies<\/a><\/p><h3>Safari<\/h3><p><a href=\"https:\/\/support.apple.com\/kb\/ph5042?locale=es_ES\" target=\"_blank\" rel=\"noopener\">https:\/\/support.apple.com\/kb\/ph5042?locale=es_ES<\/a><\/p><h3>Safari for iOS (iPhone and iPad)<\/h3><p><a href=\"https:\/\/support.apple.com\/es-es\/HT201265\" target=\"_blank\" rel=\"noopener\">https:\/\/support.apple.com\/es-es\/HT201265<\/a><\/p><h3>Chrome for Android<\/h3><p><a href=\"https:\/\/support.google.com\/chrome\/answer\/114662?hl=es&amp;visit_id=636971557427079744-2941453751&amp;rd=1\" target=\"_blank\" rel=\"noopener\">https:\/\/support.google.com\/chrome\/answer\/114662?hl=es&amp;visit_id=636971557427079744-2941453751&amp;rd=1<\/a><\/p><p>If you disable the use of\u00a0<em>Biscuits<\/em>\u00a0You will be able to continue using the website, although the use of some of its services may be limited.<\/p><h3>Changes to the Policy\u00a0<em>Biscuits<\/em><\/h3><p>PIB Group Iberia Corredur\u00eda de Seguros y Reaseguros, S.A.U may update the Policy <em>Biscuits<\/em>\u00a0From your Website, therefore we recommend you review this policy every time you access this Website with the aim of being adequately informed on how and for what we use the\u00a0<em>Biscuits<\/em>.<\/p><h3>Contact Information<\/h3><p>Any questions regarding this usage policy\u00a0<em>Biscuits<\/em>\u00a0You must send it in writing to the following address\u00a0<a href=\"mailto:delegadoprotecciondatos@dpibgroupiberia.com\">delegado.protecciondatos@pib-insurance.es<\/a><\/p><p>\u00a0<\/p>\t\t\t\t\t\t\t\t<\/div>\n\t\t\t\t\t<\/div>\n\t\t<\/div>\n\t\t\t\t\t<\/div>\n\t\t<\/section>\n\t\t\t\t<\/div>","protected":false},"excerpt":{"rendered":"<p>Pol\u00edtica de cookies Introducci\u00f3n. La p\u00e1gina web de PIB Group Iberia Corredur\u00eda de Seguros y Reaseguros, S.A.U utiliza cookies\u00a0con la finalidad de poder recabar informaci\u00f3n acerca del uso de la Web que realicen los usuarios. La presente pol\u00edtica de\u00a0cookies\u00a0tiene por finalidad informarle de manera clara sobre las\u00a0cookies\u00a0que se utilizan en la Web. Informaci\u00f3n sobre\u00a0cookies. \u00bfQu\u00e9 [&hellip;]<\/p>\n","protected":false},"author":11,"featured_media":0,"parent":5682,"menu_order":0,"comment_status":"closed","ping_status":"closed","template":"elementor_header_footer","meta":{"yasr_overall_rating":0,"yasr_post_is_review":"","yasr_auto_insert_disabled":"","yasr_review_type":"","footnotes":""},"class_list":["post-1670","page","type-page","status-publish","hentry"],"yasr_visitor_votes":{"stars_attributes":{"read_only":false,"span_bottom":false},"number_of_votes":0,"sum_votes":0},"_links":{"self":[{"href":"https:\/\/pibgroupiberia.com\/en\/wp-json\/wp\/v2\/pages\/1670","targetHints":{"allow":["GET"]}}],"collection":[{"href":"https:\/\/pibgroupiberia.com\/en\/wp-json\/wp\/v2\/pages"}],"about":[{"href":"https:\/\/pibgroupiberia.com\/en\/wp-json\/wp\/v2\/types\/page"}],"author":[{"embeddable":true,"href":"https:\/\/pibgroupiberia.com\/en\/wp-json\/wp\/v2\/users\/11"}],"replies":[{"embeddable":true,"href":"https:\/\/pibgroupiberia.com\/en\/wp-json\/wp\/v2\/comments?post=1670"}],"version-history":[{"count":0,"href":"https:\/\/pibgroupiberia.com\/en\/wp-json\/wp\/v2\/pages\/1670\/revisions"}],"up":[{"embeddable":true,"href":"https:\/\/pibgroupiberia.com\/en\/wp-json\/wp\/v2\/pages\/5682"}],"wp:attachment":[{"href":"https:\/\/pibgroupiberia.com\/en\/wp-json\/wp\/v2\/media?parent=1670"}],"curies":[{"name":"wp","href":"https:\/\/api.w.org\/{rel}","templated":true}]}}