{"id":7006,"date":"2024-11-07T12:05:29","date_gmt":"2024-11-07T11:05:29","guid":{"rendered":"http:\/\/localhost:10040\/?page_id=7006"},"modified":"2025-05-12T13:14:24","modified_gmt":"2025-05-12T11:14:24","slug":"security","status":"publish","type":"page","link":"https:\/\/pibgroupiberia.com\/en\/corporativo\/nuestro-grupo\/marcas\/segresegur\/","title":{"rendered":"SegreSegur"},"content":{"rendered":"<div data-elementor-type=\"wp-page\" data-elementor-id=\"7006\" class=\"elementor elementor-7006\" data-elementor-post-type=\"page\">\n\t\t\t\t\t\t<section class=\"elementor-section elementor-top-section elementor-element elementor-element-331744d elementor-section-boxed elementor-section-height-default elementor-section-height-default\" data-id=\"331744d\" data-element_type=\"section\" data-e-type=\"section\" data-settings=\"{&quot;background_background&quot;:&quot;classic&quot;,&quot;ekit_has_onepagescroll_dot&quot;:&quot;yes&quot;}\">\n\t\t\t\t\t\t<div class=\"elementor-container elementor-column-gap-default\">\n\t\t\t\t\t<div class=\"elementor-column elementor-col-50 elementor-top-column elementor-element elementor-element-a2fe675\" data-id=\"a2fe675\" data-element_type=\"column\" data-e-type=\"column\">\n\t\t\t<div class=\"elementor-widget-wrap elementor-element-populated\">\n\t\t\t\t\t\t<div class=\"elementor-element elementor-element-a7df987 elementor-invisible elementor-widget elementor-widget-image\" data-id=\"a7df987\" data-element_type=\"widget\" data-e-type=\"widget\" data-settings=\"{&quot;_animation&quot;:&quot;fadeIn&quot;,&quot;_animation_delay&quot;:200,&quot;ekit_we_effect_on&quot;:&quot;none&quot;}\" data-widget_type=\"image.default\">\n\t\t\t\t\t\t\t\t\t\t\t\t\t\t\t<img fetchpriority=\"high\" decoding=\"async\" width=\"700\" height=\"532\" src=\"https:\/\/pibgroupiberia.com\/wp-content\/uploads\/segre-segur-logo-pib.png\" class=\"attachment-full size-full wp-image-7031\" alt=\"\" srcset=\"https:\/\/pibgroupiberia.com\/wp-content\/uploads\/segre-segur-logo-pib.png 700w, https:\/\/pibgroupiberia.com\/wp-content\/uploads\/segre-segur-logo-pib-300x228.png 300w\" sizes=\"(max-width: 700px) 100vw, 700px\" \/>\t\t\t\t\t\t\t\t\t\t\t\t\t\t\t<\/div>\n\t\t\t\t\t<\/div>\n\t\t<\/div>\n\t\t\t\t<div class=\"elementor-column elementor-col-50 elementor-top-column elementor-element elementor-element-7511d8a\" data-id=\"7511d8a\" data-element_type=\"column\" data-e-type=\"column\">\n\t\t\t<div class=\"elementor-widget-wrap elementor-element-populated\">\n\t\t\t\t\t\t<div class=\"elementor-element elementor-element-0e66f7f elementor-invisible elementor-widget elementor-widget-heading\" data-id=\"0e66f7f\" data-element_type=\"widget\" data-e-type=\"widget\" data-settings=\"{&quot;_animation&quot;:&quot;fadeIn&quot;,&quot;_animation_delay&quot;:400,&quot;ekit_we_effect_on&quot;:&quot;none&quot;}\" data-widget_type=\"heading.default\">\n\t\t\t\t\t<h1 class=\"elementor-heading-title elementor-size-default\">SegreSegur<\/h1>\t\t\t\t<\/div>\n\t\t\t\t<div class=\"elementor-element elementor-element-9cdea36 elementor-invisible elementor-widget elementor-widget-heading\" data-id=\"9cdea36\" data-element_type=\"widget\" data-e-type=\"widget\" data-settings=\"{&quot;_animation&quot;:&quot;fadeIn&quot;,&quot;_animation_delay&quot;:400,&quot;ekit_we_effect_on&quot;:&quot;none&quot;}\" data-widget_type=\"heading.default\">\n\t\t\t\t\t<h2 class=\"elementor-heading-title elementor-size-default\">Brokerage founded in 1996, specialising in insurance for the primary sector. Presence in Catalonia, Aragon, the Valencian Community and Murcia, with more than 100 collaborators.\n\n\n\n\n\n\n<\/h2>\t\t\t\t<\/div>\n\t\t\t\t<div class=\"elementor-element elementor-element-f65807f elementor-widget__width-initial elementor-invisible elementor-widget elementor-widget-heading\" data-id=\"f65807f\" data-element_type=\"widget\" data-e-type=\"widget\" data-settings=\"{&quot;_animation&quot;:&quot;fadeIn&quot;,&quot;_animation_delay&quot;:600,&quot;ekit_we_effect_on&quot;:&quot;none&quot;}\" data-widget_type=\"heading.default\">\n\t\t\t\t\t<p class=\"elementor-heading-title elementor-size-default\">Our brokerage was founded in 1996 on the initiative of Josep Antoni Romia Pujol.\nInitially established in the Segri\u00e0 region, Lleida, it has specialised from its inception in insurance for the primary sector, extending its scope throughout Catalonia and Aragon, as well as to other areas of the Valencian Community and Murcia.\nWe currently have over 100 collaborators throughout Spain, covering all areas of advice: personal insurance, business insurance, and Agroseguro.\nWe are characterised by our honesty, maximum customer focus, as well as the value of our human team and their high level of expertise.<\/p>\t\t\t\t<\/div>\n\t\t\t\t<div class=\"elementor-element elementor-element-074ac32 elementor-widget elementor-widget-spacer\" data-id=\"074ac32\" data-element_type=\"widget\" data-e-type=\"widget\" data-settings=\"{&quot;ekit_we_effect_on&quot;:&quot;none&quot;}\" data-widget_type=\"spacer.default\">\n\t\t\t\t\t\t\t<div class=\"elementor-spacer\">\n\t\t\t<div class=\"elementor-spacer-inner\"><\/div>\n\t\t<\/div>\n\t\t\t\t\t\t<\/div>\n\t\t\t\t\t<\/div>\n\t\t<\/div>\n\t\t\t\t\t<\/div>\n\t\t<\/section>\n\t\t\t\t<section class=\"elementor-section elementor-top-section elementor-element elementor-element-8d7eb07 elementor-section-boxed elementor-section-height-default elementor-section-height-default\" data-id=\"8d7eb07\" data-element_type=\"section\" data-e-type=\"section\" data-settings=\"{&quot;ekit_has_onepagescroll_dot&quot;:&quot;yes&quot;}\">\n\t\t\t\t\t\t<div class=\"elementor-container elementor-column-gap-default\">\n\t\t\t\t\t<div class=\"elementor-column elementor-col-50 elementor-top-column elementor-element elementor-element-a0ce415\" data-id=\"a0ce415\" data-element_type=\"column\" data-e-type=\"column\">\n\t\t\t<div class=\"elementor-widget-wrap elementor-element-populated\">\n\t\t\t\t\t\t<div class=\"elementor-element elementor-element-024e765 elementor-invisible elementor-widget elementor-widget-heading\" data-id=\"024e765\" data-element_type=\"widget\" data-e-type=\"widget\" data-settings=\"{&quot;_animation&quot;:&quot;fadeIn&quot;,&quot;ekit_we_effect_on&quot;:&quot;none&quot;}\" data-widget_type=\"heading.default\">\n\t\t\t\t\t<h2 class=\"elementor-heading-title elementor-size-default\">We are specialists<\/h2>\t\t\t\t<\/div>\n\t\t\t\t\t<\/div>\n\t\t<\/div>\n\t\t\t\t<div class=\"elementor-column elementor-col-50 elementor-top-column elementor-element elementor-element-cd4c79b\" data-id=\"cd4c79b\" data-element_type=\"column\" data-e-type=\"column\">\n\t\t\t<div class=\"elementor-widget-wrap\">\n\t\t\t\t\t\t\t<\/div>\n\t\t<\/div>\n\t\t\t\t\t<\/div>\n\t\t<\/section>\n\t\t\t\t<section class=\"elementor-section elementor-top-section elementor-element elementor-element-86dec0d elementor-section-boxed elementor-section-height-default elementor-section-height-default\" data-id=\"86dec0d\" data-element_type=\"section\" data-e-type=\"section\" data-settings=\"{&quot;ekit_has_onepagescroll_dot&quot;:&quot;yes&quot;}\">\n\t\t\t\t\t\t<div class=\"elementor-container elementor-column-gap-default\">\n\t\t\t\t\t<div class=\"elementor-column elementor-col-50 elementor-top-column elementor-element elementor-element-173e7ee\" data-id=\"173e7ee\" data-element_type=\"column\" data-e-type=\"column\">\n\t\t\t<div class=\"elementor-widget-wrap elementor-element-populated\">\n\t\t\t\t\t\t<section class=\"elementor-section elementor-inner-section elementor-element elementor-element-c3f65e7 elementor-section-boxed elementor-section-height-default elementor-section-height-default elementor-invisible\" data-id=\"c3f65e7\" data-element_type=\"section\" data-e-type=\"section\" data-settings=\"{&quot;animation&quot;:&quot;fadeIn&quot;,&quot;animation_delay&quot;:200,&quot;ekit_has_onepagescroll_dot&quot;:&quot;yes&quot;}\">\n\t\t\t\t\t\t<div class=\"elementor-container elementor-column-gap-default\">\n\t\t\t\t\t<div class=\"elementor-column elementor-col-100 elementor-inner-column elementor-element elementor-element-8f1c2b6\" data-id=\"8f1c2b6\" data-element_type=\"column\" data-e-type=\"column\">\n\t\t\t<div class=\"elementor-widget-wrap elementor-element-populated\">\n\t\t\t\t\t\t<div class=\"elementor-element elementor-element-79173a6 elementor-position-inline-start elementor-mobile-position-inline-start elementor-widget__width-initial elementor-view-default elementor-widget elementor-widget-icon-box\" data-id=\"79173a6\" data-element_type=\"widget\" data-e-type=\"widget\" data-settings=\"{&quot;ekit_we_effect_on&quot;:&quot;none&quot;}\" data-widget_type=\"icon-box.default\">\n\t\t\t\t\t\t\t<div class=\"elementor-icon-box-wrapper\">\n\n\t\t\t\t\t\t<div class=\"elementor-icon-box-icon\">\n\t\t\t\t<span  class=\"elementor-icon\">\n\t\t\t\t<svg xmlns=\"http:\/\/www.w3.org\/2000\/svg\" width=\"53\" height=\"66\" viewbox=\"0 0 53 66\" fill=\"none\"><path d=\"M53 0H48.7642L0 66H4.39461L53 0Z\" fill=\"#DDBA0E\"><\/path><\/svg>\t\t\t\t<\/span>\n\t\t\t<\/div>\n\t\t\t\n\t\t\t\t\t\t<div class=\"elementor-icon-box-content\">\n\n\t\t\t\t\t\t\t\t\t<p class=\"elementor-icon-box-title\">\n\t\t\t\t\t\t<span  >\n\t\t\t\t\t\t\tAgricultural Insurance Specialists\t\t\t\t\t\t<\/span>\n\t\t\t\t\t<\/p>\n\t\t\t\t\n\t\t\t\t\t\t\t\t\t<p class=\"elementor-icon-box-description\">\n\t\t\t\t\t\tWe advise on how to best insure any agricultural holding against climate risks that can cause serious economic damage, such as frost, hail, lack of fruit set, drought, persistent rain, etc.\nWe help to choose the best coverage option for livestock holdings against all types of insurable risks: climate, diseases, livestock health measures or problems during animal birth, among others.\t\t\t\t\t<\/p>\n\t\t\t\t\n\t\t\t<\/div>\n\t\t\t\n\t\t<\/div>\n\t\t\t\t\t\t<\/div>\n\t\t\t\t\t<\/div>\n\t\t<\/div>\n\t\t\t\t\t<\/div>\n\t\t<\/section>\n\t\t\t\t\t<\/div>\n\t\t<\/div>\n\t\t\t\t<div class=\"elementor-column elementor-col-50 elementor-top-column elementor-element elementor-element-039f34e\" data-id=\"039f34e\" data-element_type=\"column\" data-e-type=\"column\">\n\t\t\t<div class=\"elementor-widget-wrap elementor-element-populated\">\n\t\t\t\t\t\t<section class=\"elementor-section elementor-inner-section elementor-element elementor-element-4eb39f8 elementor-section-boxed elementor-section-height-default elementor-section-height-default elementor-invisible\" data-id=\"4eb39f8\" data-element_type=\"section\" data-e-type=\"section\" data-settings=\"{&quot;animation&quot;:&quot;fadeIn&quot;,&quot;animation_delay&quot;:400,&quot;ekit_has_onepagescroll_dot&quot;:&quot;yes&quot;}\">\n\t\t\t\t\t\t<div class=\"elementor-container elementor-column-gap-default\">\n\t\t\t\t\t<div class=\"elementor-column elementor-col-100 elementor-inner-column elementor-element elementor-element-324dfb8\" data-id=\"324dfb8\" data-element_type=\"column\" data-e-type=\"column\">\n\t\t\t<div class=\"elementor-widget-wrap elementor-element-populated\">\n\t\t\t\t\t\t<div class=\"elementor-element elementor-element-7501281 elementor-position-inline-start elementor-mobile-position-inline-start elementor-widget__width-initial elementor-view-default elementor-widget elementor-widget-icon-box\" data-id=\"7501281\" data-element_type=\"widget\" data-e-type=\"widget\" data-settings=\"{&quot;ekit_we_effect_on&quot;:&quot;none&quot;}\" data-widget_type=\"icon-box.default\">\n\t\t\t\t\t\t\t<div class=\"elementor-icon-box-wrapper\">\n\n\t\t\t\t\t\t<div class=\"elementor-icon-box-icon\">\n\t\t\t\t<span  class=\"elementor-icon\">\n\t\t\t\t<svg xmlns=\"http:\/\/www.w3.org\/2000\/svg\" width=\"53\" height=\"66\" viewbox=\"0 0 53 66\" fill=\"none\"><path d=\"M53 0H48.7642L0 66H4.39461L53 0Z\" fill=\"#DDBA0E\"><\/path><\/svg>\t\t\t\t<\/span>\n\t\t\t<\/div>\n\t\t\t\n\t\t\t\t\t\t<div class=\"elementor-icon-box-content\">\n\n\t\t\t\t\t\t\t\t\t<p class=\"elementor-icon-box-title\">\n\t\t\t\t\t\t<span  >\n\t\t\t\t\t\t\tThe value of people\t\t\t\t\t\t<\/span>\n\t\t\t\t\t<\/p>\n\t\t\t\t\n\t\t\t\t\t\t\t\t\t<p class=\"elementor-icon-box-description\">\n\t\t\t\t\t\tOur main objective is customer loyalty. For this reason, we have an excellent team of experts, technicians, and managers whose primary mission is to provide our policyholders with high-quality support.\nWe like to grow solidly without losing our ability to be approachable.\t\t\t\t\t<\/p>\n\t\t\t\t\n\t\t\t<\/div>\n\t\t\t\n\t\t<\/div>\n\t\t\t\t\t\t<\/div>\n\t\t\t\t\t<\/div>\n\t\t<\/div>\n\t\t\t\t\t<\/div>\n\t\t<\/section>\n\t\t\t\t\t<\/div>\n\t\t<\/div>\n\t\t\t\t\t<\/div>\n\t\t<\/section>\n\t\t\t\t<section class=\"elementor-section elementor-top-section elementor-element elementor-element-1b46c20 elementor-section-boxed elementor-section-height-default elementor-section-height-default\" data-id=\"1b46c20\" data-element_type=\"section\" data-e-type=\"section\" data-settings=\"{&quot;ekit_has_onepagescroll_dot&quot;:&quot;yes&quot;}\">\n\t\t\t\t\t\t<div class=\"elementor-container elementor-column-gap-default\">\n\t\t\t\t\t<div class=\"elementor-column elementor-col-50 elementor-top-column elementor-element elementor-element-385e3af\" data-id=\"385e3af\" data-element_type=\"column\" data-e-type=\"column\">\n\t\t\t<div class=\"elementor-widget-wrap elementor-element-populated\">\n\t\t\t\t\t\t<section class=\"elementor-section elementor-inner-section elementor-element elementor-element-1d82007 elementor-section-boxed elementor-section-height-default elementor-section-height-default elementor-invisible\" data-id=\"1d82007\" data-element_type=\"section\" data-e-type=\"section\" data-settings=\"{&quot;animation&quot;:&quot;fadeIn&quot;,&quot;animation_delay&quot;:600,&quot;ekit_has_onepagescroll_dot&quot;:&quot;yes&quot;}\">\n\t\t\t\t\t\t<div class=\"elementor-container elementor-column-gap-default\">\n\t\t\t\t\t<div class=\"elementor-column elementor-col-100 elementor-inner-column elementor-element elementor-element-5d06def\" data-id=\"5d06def\" data-element_type=\"column\" data-e-type=\"column\">\n\t\t\t<div class=\"elementor-widget-wrap elementor-element-populated\">\n\t\t\t\t\t\t<div class=\"elementor-element elementor-element-3ec20cf elementor-position-inline-start elementor-mobile-position-inline-start elementor-widget__width-initial elementor-view-default elementor-widget elementor-widget-icon-box\" data-id=\"3ec20cf\" data-element_type=\"widget\" data-e-type=\"widget\" data-settings=\"{&quot;ekit_we_effect_on&quot;:&quot;none&quot;}\" data-widget_type=\"icon-box.default\">\n\t\t\t\t\t\t\t<div class=\"elementor-icon-box-wrapper\">\n\n\t\t\t\t\t\t<div class=\"elementor-icon-box-icon\">\n\t\t\t\t<span  class=\"elementor-icon\">\n\t\t\t\t<svg xmlns=\"http:\/\/www.w3.org\/2000\/svg\" width=\"53\" height=\"66\" viewbox=\"0 0 53 66\" fill=\"none\"><path d=\"M53 0H48.7642L0 66H4.39461L53 0Z\" fill=\"#DDBA0E\"><\/path><\/svg>\t\t\t\t<\/span>\n\t\t\t<\/div>\n\t\t\t\n\t\t\t\t\t\t<div class=\"elementor-icon-box-content\">\n\n\t\t\t\t\t\t\t\t\t<p class=\"elementor-icon-box-title\">\n\t\t\t\t\t\t<span  >\n\t\t\t\t\t\t\tExcellence of our network of collaborators\t\t\t\t\t\t<\/span>\n\t\t\t\t\t<\/p>\n\t\t\t\t\n\t\t\t\t\t\t\t\t\t<p class=\"elementor-icon-box-description\">\n\t\t\t\t\t\tOur collaborators represent not only a significant asset to us, but one of the essential foundations of our company.\nWe study a personalised solution for each collaborator that suits their needs, providing them with a wide catalogue of products and all the technical support they may require in their advisory role and especially in the event of a claim.\t\t\t\t\t<\/p>\n\t\t\t\t\n\t\t\t<\/div>\n\t\t\t\n\t\t<\/div>\n\t\t\t\t\t\t<\/div>\n\t\t\t\t\t<\/div>\n\t\t<\/div>\n\t\t\t\t\t<\/div>\n\t\t<\/section>\n\t\t\t\t\t<\/div>\n\t\t<\/div>\n\t\t\t\t<div class=\"elementor-column elementor-col-50 elementor-top-column elementor-element elementor-element-c894748\" data-id=\"c894748\" data-element_type=\"column\" data-e-type=\"column\">\n\t\t\t<div class=\"elementor-widget-wrap elementor-element-populated\">\n\t\t\t\t\t\t<section class=\"elementor-section elementor-inner-section elementor-element elementor-element-271c32f elementor-section-boxed elementor-section-height-default elementor-section-height-default elementor-invisible\" data-id=\"271c32f\" data-element_type=\"section\" data-e-type=\"section\" data-settings=\"{&quot;animation&quot;:&quot;fadeIn&quot;,&quot;animation_delay&quot;:800,&quot;ekit_has_onepagescroll_dot&quot;:&quot;yes&quot;}\">\n\t\t\t\t\t\t<div class=\"elementor-container elementor-column-gap-default\">\n\t\t\t\t\t<div class=\"elementor-column elementor-col-100 elementor-inner-column elementor-element elementor-element-4b201f4\" data-id=\"4b201f4\" data-element_type=\"column\" data-e-type=\"column\">\n\t\t\t<div class=\"elementor-widget-wrap elementor-element-populated\">\n\t\t\t\t\t\t<div class=\"elementor-element elementor-element-d91d1f6 elementor-position-inline-start elementor-mobile-position-inline-start elementor-widget__width-initial elementor-view-default elementor-widget elementor-widget-icon-box\" data-id=\"d91d1f6\" data-element_type=\"widget\" data-e-type=\"widget\" data-settings=\"{&quot;ekit_we_effect_on&quot;:&quot;none&quot;}\" data-widget_type=\"icon-box.default\">\n\t\t\t\t\t\t\t<div class=\"elementor-icon-box-wrapper\">\n\n\t\t\t\t\t\t<div class=\"elementor-icon-box-icon\">\n\t\t\t\t<span  class=\"elementor-icon\">\n\t\t\t\t<svg xmlns=\"http:\/\/www.w3.org\/2000\/svg\" width=\"53\" height=\"66\" viewbox=\"0 0 53 66\" fill=\"none\"><path d=\"M53 0H48.7642L0 66H4.39461L53 0Z\" fill=\"#DDBA0E\"><\/path><\/svg>\t\t\t\t<\/span>\n\t\t\t<\/div>\n\t\t\t\n\t\t\t\t\t\t<div class=\"elementor-icon-box-content\">\n\n\t\t\t\t\t\t\t\t\t<p class=\"elementor-icon-box-title\">\n\t\t\t\t\t\t<span  >\n\t\t\t\t\t\t\tInnovation and versatility\t\t\t\t\t\t<\/span>\n\t\t\t\t\t<\/p>\n\t\t\t\t\n\t\t\t\t\t\t\t\t\t<p class=\"elementor-icon-box-description\">\n\t\t\t\t\t\tDetecting new market needs is crucial. We aim to offer seamless, comprehensive advice that responds swiftly to undeniable socioeconomic, technological, and climatic change in order to fulfil the greatest insurance needs.\t\t\t\t\t<\/p>\n\t\t\t\t\n\t\t\t<\/div>\n\t\t\t\n\t\t<\/div>\n\t\t\t\t\t\t<\/div>\n\t\t\t\t\t<\/div>\n\t\t<\/div>\n\t\t\t\t\t<\/div>\n\t\t<\/section>\n\t\t\t\t\t<\/div>\n\t\t<\/div>\n\t\t\t\t\t<\/div>\n\t\t<\/section>\n\t\t\t\t<section class=\"elementor-section elementor-top-section elementor-element elementor-element-5b745c5 elementor-section-boxed elementor-section-height-default elementor-section-height-default elementor-invisible\" data-id=\"5b745c5\" data-element_type=\"section\" data-e-type=\"section\" data-settings=\"{&quot;animation&quot;:&quot;fadeInUp&quot;,&quot;animation_delay&quot;:200,&quot;ekit_has_onepagescroll_dot&quot;:&quot;yes&quot;}\">\n\t\t\t\t\t\t<div class=\"elementor-container elementor-column-gap-default\">\n\t\t\t\t\t<div class=\"elementor-column elementor-col-100 elementor-top-column elementor-element elementor-element-c21a897\" data-id=\"c21a897\" data-element_type=\"column\" data-e-type=\"column\">\n\t\t\t<div class=\"elementor-widget-wrap elementor-element-populated\">\n\t\t\t\t\t\t<section class=\"elementor-section elementor-inner-section elementor-element elementor-element-8f1dcbc elementor-section-boxed elementor-section-height-default elementor-section-height-default\" data-id=\"8f1dcbc\" data-element_type=\"section\" data-e-type=\"section\" data-settings=\"{&quot;ekit_has_onepagescroll_dot&quot;:&quot;yes&quot;}\">\n\t\t\t\t\t\t<div class=\"elementor-container elementor-column-gap-default\">\n\t\t\t\t\t<div class=\"elementor-column elementor-col-33 elementor-inner-column elementor-element elementor-element-34fbcc9\" data-id=\"34fbcc9\" data-element_type=\"column\" data-e-type=\"column\">\n\t\t\t<div class=\"elementor-widget-wrap\">\n\t\t\t\t\t\t\t<\/div>\n\t\t<\/div>\n\t\t\t\t<div class=\"elementor-column elementor-col-33 elementor-inner-column elementor-element elementor-element-d8a1ca8\" data-id=\"d8a1ca8\" data-element_type=\"column\" data-e-type=\"column\">\n\t\t\t<div class=\"elementor-widget-wrap elementor-element-populated\">\n\t\t\t\t\t\t<div class=\"elementor-element elementor-element-a935817 elementor-widget__width-auto elementor-widget elementor-widget-image\" data-id=\"a935817\" data-element_type=\"widget\" data-e-type=\"widget\" data-settings=\"{&quot;ekit_we_effect_on&quot;:&quot;none&quot;}\" data-widget_type=\"image.default\">\n\t\t\t\t\t\t\t\t\t\t\t\t\t\t\t<img fetchpriority=\"high\" decoding=\"async\" width=\"700\" height=\"532\" src=\"https:\/\/pibgroupiberia.com\/wp-content\/uploads\/segre-segur-logo-pib.png\" class=\"attachment-full size-full wp-image-7031\" alt=\"\" srcset=\"https:\/\/pibgroupiberia.com\/wp-content\/uploads\/segre-segur-logo-pib.png 700w, https:\/\/pibgroupiberia.com\/wp-content\/uploads\/segre-segur-logo-pib-300x228.png 300w\" sizes=\"(max-width: 700px) 100vw, 700px\" \/>\t\t\t\t\t\t\t\t\t\t\t\t\t\t\t<\/div>\n\t\t\t\t\t<\/div>\n\t\t<\/div>\n\t\t\t\t<div class=\"elementor-column elementor-col-33 elementor-inner-column elementor-element elementor-element-c751240\" data-id=\"c751240\" data-element_type=\"column\" data-e-type=\"column\">\n\t\t\t<div class=\"elementor-widget-wrap\">\n\t\t\t\t\t\t\t<\/div>\n\t\t<\/div>\n\t\t\t\t\t<\/div>\n\t\t<\/section>\n\t\t\t\t<section class=\"elementor-section elementor-inner-section elementor-element elementor-element-ffe505c elementor-section-boxed elementor-section-height-default elementor-section-height-default\" data-id=\"ffe505c\" data-element_type=\"section\" data-e-type=\"section\" data-settings=\"{&quot;background_background&quot;:&quot;classic&quot;,&quot;ekit_has_onepagescroll_dot&quot;:&quot;yes&quot;}\">\n\t\t\t\t\t\t<div class=\"elementor-container elementor-column-gap-default\">\n\t\t\t\t\t<div class=\"elementor-column elementor-col-50 elementor-inner-column elementor-element elementor-element-88ddd5e\" data-id=\"88ddd5e\" data-element_type=\"column\" data-e-type=\"column\">\n\t\t\t<div class=\"elementor-widget-wrap elementor-element-populated\">\n\t\t\t\t\t\t<div class=\"elementor-element elementor-element-9b9fa76 elementor-view-default elementor-position-block-start elementor-mobile-position-block-start elementor-widget elementor-widget-icon-box\" data-id=\"9b9fa76\" data-element_type=\"widget\" data-e-type=\"widget\" data-settings=\"{&quot;ekit_we_effect_on&quot;:&quot;none&quot;}\" data-widget_type=\"icon-box.default\">\n\t\t\t\t\t\t\t<div class=\"elementor-icon-box-wrapper\">\n\n\t\t\t\t\t\t<div class=\"elementor-icon-box-icon\">\n\t\t\t\t<a href=\"mailto:segresegur@segresegur.com\" class=\"elementor-icon\" tabindex=\"-1\" aria-label=\"segresegur@segresegur.com\">\n\t\t\t\t<svg xmlns=\"http:\/\/www.w3.org\/2000\/svg\" width=\"37\" height=\"16\" viewbox=\"0 0 37 16\" fill=\"none\"><path d=\"M36.7071 8.70711C37.0976 8.31658 37.0976 7.68342 36.7071 7.29289L30.3431 0.928932C29.9526 0.538408 29.3195 0.538408 28.9289 0.928932C28.5384 1.31946 28.5384 1.95262 28.9289 2.34315L34.5858 8L28.9289 13.6569C28.5384 14.0474 28.5384 14.6805 28.9289 15.0711C29.3195 15.4616 29.9526 15.4616 30.3431 15.0711L36.7071 8.70711ZM0 9H36V7H0V9Z\" fill=\"black\"><\/path><\/svg>\t\t\t\t<\/a>\n\t\t\t<\/div>\n\t\t\t\n\t\t\t\t\t\t<div class=\"elementor-icon-box-content\">\n\n\t\t\t\t\t\t\t\t\t<p class=\"elementor-icon-box-title\">\n\t\t\t\t\t\t<a href=\"mailto:segresegur@segresegur.com\" >\n\t\t\t\t\t\t\tsegresegur@segresegur.com\t\t\t\t\t\t<\/a>\n\t\t\t\t\t<\/p>\n\t\t\t\t\n\t\t\t\t\n\t\t\t<\/div>\n\t\t\t\n\t\t<\/div>\n\t\t\t\t\t\t<\/div>\n\t\t\t\t\t<\/div>\n\t\t<\/div>\n\t\t\t\t<div class=\"elementor-column elementor-col-50 elementor-inner-column elementor-element elementor-element-c84afbc\" data-id=\"c84afbc\" data-element_type=\"column\" data-e-type=\"column\">\n\t\t\t<div class=\"elementor-widget-wrap elementor-element-populated\">\n\t\t\t\t\t\t<div class=\"elementor-element elementor-element-3ecb56d elementor-view-default elementor-position-block-start elementor-mobile-position-block-start elementor-widget elementor-widget-icon-box\" data-id=\"3ecb56d\" data-element_type=\"widget\" data-e-type=\"widget\" data-settings=\"{&quot;ekit_we_effect_on&quot;:&quot;none&quot;}\" data-widget_type=\"icon-box.default\">\n\t\t\t\t\t\t\t<div class=\"elementor-icon-box-wrapper\">\n\n\t\t\t\t\t\t<div class=\"elementor-icon-box-icon\">\n\t\t\t\t<a href=\"http:\/\/+34973780297\" class=\"elementor-icon\" tabindex=\"-1\" aria-label=\"973 780 297\">\n\t\t\t\t<svg xmlns=\"http:\/\/www.w3.org\/2000\/svg\" width=\"25\" height=\"24\" viewbox=\"0 0 25 24\" fill=\"none\"><path d=\"M17.0745 15.2081L16.4678 15.8121C16.4678 15.8121 15.0238 17.2467 11.0838 13.3294C7.14384 9.41206 8.58784 7.97739 8.58784 7.97739L8.96917 7.59605C9.91184 6.66005 10.0012 5.15605 9.17851 4.05739L7.49851 1.81339C6.47984 0.453387 4.51317 0.273387 3.34651 1.43339L1.25317 3.51339C0.67584 4.08939 0.289173 4.83339 0.335839 5.66005C0.455839 7.77605 1.41317 12.3267 6.75184 17.6361C12.4145 23.2654 17.7278 23.4894 19.8998 23.2867C20.5878 23.2227 21.1852 22.8734 21.6665 22.3934L23.5598 20.5107C24.8398 19.2401 24.4798 17.0601 22.8425 16.1707L20.2958 14.7854C19.2212 14.2027 17.9145 14.3734 17.0745 15.2081Z\" fill=\"#DDBA0E\"><\/path><\/svg>\t\t\t\t<\/a>\n\t\t\t<\/div>\n\t\t\t\n\t\t\t\t\t\t<div class=\"elementor-icon-box-content\">\n\n\t\t\t\t\t\t\t\t\t<p class=\"elementor-icon-box-title\">\n\t\t\t\t\t\t<a href=\"http:\/\/+34973780297\" >\n\t\t\t\t\t\t\t973 780 297\t\t\t\t\t\t<\/a>\n\t\t\t\t\t<\/p>\n\t\t\t\t\n\t\t\t\t\t\t\t\t\t<p class=\"elementor-icon-box-description\">\n\t\t\t\t\t\tLLEIDA | ZARAGOZA\t\t\t\t\t<\/p>\n\t\t\t\t\n\t\t\t<\/div>\n\t\t\t\n\t\t<\/div>\n\t\t\t\t\t\t<\/div>\n\t\t\t\t\t<\/div>\n\t\t<\/div>\n\t\t\t\t\t<\/div>\n\t\t<\/section>\n\t\t\t\t\t<\/div>\n\t\t<\/div>\n\t\t\t\t\t<\/div>\n\t\t<\/section>\n\t\t\t\t<\/div>","protected":false},"excerpt":{"rendered":"<p>SegreSegur Corredur\u00eda fundada en 1996, especializada en seguros del sector primario. Presencia en Catalu\u00f1a, Arag\u00f3n, Comunidad Valenciana y Murcia, con m\u00e1s de 100 colaboradores. Nuestra corredur\u00eda se inicia en 1996 por iniciativa de Josep Antoni Romia Pujol. Establecida inicialmente en la comarca del Segri\u00e0, Lleida, se especializa desde sus inicios en seguros dirigidos al sector [&hellip;]<\/p>\n","protected":false},"author":11,"featured_media":0,"parent":710,"menu_order":0,"comment_status":"closed","ping_status":"closed","template":"elementor_header_footer","meta":{"yasr_overall_rating":0,"yasr_post_is_review":"","yasr_auto_insert_disabled":"","yasr_review_type":"","footnotes":""},"class_list":["post-7006","page","type-page","status-publish","hentry"],"yasr_visitor_votes":{"stars_attributes":{"read_only":false,"span_bottom":false},"number_of_votes":0,"sum_votes":0},"_links":{"self":[{"href":"https:\/\/pibgroupiberia.com\/en\/wp-json\/wp\/v2\/pages\/7006","targetHints":{"allow":["GET"]}}],"collection":[{"href":"https:\/\/pibgroupiberia.com\/en\/wp-json\/wp\/v2\/pages"}],"about":[{"href":"https:\/\/pibgroupiberia.com\/en\/wp-json\/wp\/v2\/types\/page"}],"author":[{"embeddable":true,"href":"https:\/\/pibgroupiberia.com\/en\/wp-json\/wp\/v2\/users\/11"}],"replies":[{"embeddable":true,"href":"https:\/\/pibgroupiberia.com\/en\/wp-json\/wp\/v2\/comments?post=7006"}],"version-history":[{"count":0,"href":"https:\/\/pibgroupiberia.com\/en\/wp-json\/wp\/v2\/pages\/7006\/revisions"}],"up":[{"embeddable":true,"href":"https:\/\/pibgroupiberia.com\/en\/wp-json\/wp\/v2\/pages\/710"}],"wp:attachment":[{"href":"https:\/\/pibgroupiberia.com\/en\/wp-json\/wp\/v2\/media?parent=7006"}],"curies":[{"name":"wp","href":"https:\/\/api.w.org\/{rel}","templated":true}]}}