{"id":12731,"date":"2025-03-12T08:08:32","date_gmt":"2025-03-12T07:08:32","guid":{"rendered":"https:\/\/pibgroupiberia.com\/?page_id=12731"},"modified":"2025-03-12T09:33:08","modified_gmt":"2025-03-12T08:33:08","slug":"kalitate-politika","status":"publish","type":"page","link":"https:\/\/pibgroupiberia.com\/eu\/corporativo\/politica-calidad\/","title":{"rendered":"Kalitate Politika"},"content":{"rendered":"<div data-elementor-type=\"wp-page\" data-elementor-id=\"12731\" class=\"elementor elementor-12731\" data-elementor-post-type=\"page\">\n\t\t\t\t\t\t<section class=\"elementor-section elementor-top-section elementor-element elementor-element-17352d3 elementor-section-full_width elementor-section-height-default elementor-section-height-default\" data-id=\"17352d3\" data-element_type=\"section\" data-e-type=\"section\" data-settings=\"{&quot;background_background&quot;:&quot;classic&quot;,&quot;ekit_has_onepagescroll_dot&quot;:&quot;yes&quot;}\">\n\t\t\t\t\t\t<div class=\"elementor-container elementor-column-gap-default\">\n\t\t\t\t\t<div class=\"elementor-column elementor-col-50 elementor-top-column elementor-element elementor-element-6a4b078\" data-id=\"6a4b078\" data-element_type=\"column\" data-e-type=\"column\" data-settings=\"{&quot;background_background&quot;:&quot;classic&quot;}\">\n\t\t\t<div class=\"elementor-widget-wrap elementor-element-populated\">\n\t\t\t\t\t\t<div class=\"elementor-element elementor-element-c86fac8 elementor-invisible elementor-widget elementor-widget-heading\" data-id=\"c86fac8\" data-element_type=\"widget\" data-e-type=\"widget\" data-settings=\"{&quot;_animation&quot;:&quot;fadeIn&quot;,&quot;ekit_we_effect_on&quot;:&quot;none&quot;}\" data-widget_type=\"heading.default\">\n\t\t\t\t\t<h1 class=\"elementor-heading-title elementor-size-default\">Kalitate Politika<\/h1>\t\t\t\t<\/div>\n\t\t\t\t\t<\/div>\n\t\t<\/div>\n\t\t\t\t<div class=\"elementor-column elementor-col-50 elementor-top-column elementor-element elementor-element-b5cbe24\" data-id=\"b5cbe24\" data-element_type=\"column\" data-e-type=\"column\" data-settings=\"{&quot;background_background&quot;:&quot;classic&quot;}\">\n\t\t\t<div class=\"elementor-widget-wrap\">\n\t\t\t\t\t\t\t<\/div>\n\t\t<\/div>\n\t\t\t\t\t<\/div>\n\t\t<\/section>\n\t\t\t\t<section class=\"elementor-section elementor-top-section elementor-element elementor-element-8a800ca elementor-section-boxed elementor-section-height-default elementor-section-height-default\" data-id=\"8a800ca\" data-element_type=\"section\" data-e-type=\"section\" data-settings=\"{&quot;ekit_has_onepagescroll_dot&quot;:&quot;yes&quot;}\">\n\t\t\t\t\t\t<div class=\"elementor-container elementor-column-gap-default\">\n\t\t\t\t\t<div class=\"elementor-column elementor-col-100 elementor-top-column elementor-element elementor-element-f4c19d2\" data-id=\"f4c19d2\" data-element_type=\"column\" data-e-type=\"column\">\n\t\t\t<div class=\"elementor-widget-wrap elementor-element-populated\">\n\t\t\t\t\t\t<div class=\"elementor-element elementor-element-a254fa7 elementor-widget elementor-widget-text-editor\" data-id=\"a254fa7\" data-element_type=\"widget\" data-e-type=\"widget\" data-settings=\"{&quot;ekit_we_effect_on&quot;:&quot;none&quot;}\" data-widget_type=\"text-editor.default\">\n\t\t\t\t\t\t\t\t\t<h2><strong>PIB Group Iberia Kalitate Politika<\/strong><\/h2><p>Adierpen honekin, PIB Group Iberiako lehendakariak gure erakundearen kalitate-politika modu formalean ezarri nahi du.<\/p><p>Kalitate Kudeaketa Sistemaren helburu nagusia da PIB Group Iberia-k emandako zerbitzu guztien kalitatea bermatzea, bezeroen beharrak ahalik eta gehien asetzeko eta Kudeaketa Batzordeak onartutako prozedurak betetzeko.<\/p><p>Kalitate-politika adierazpen honen bidez, PIB Group Iberia-ko zuzendaritzak, enpresako langile guztien laguntzarekin, gure jarduerari aplikagarri zaizkion lege- eta arau-betebehar guztiak eta gure bezeroek ezarritako eskakizunak betetzea konpromisoa hartzen du. Hau guztia kalitate-kudeaketa sistemaren eraginkortasuna etengabe hobetzeko konpromiso baten barruan gauzatzen da.<\/p><p>Kalitate Kudeaketa Sistemaren ezarpenak bitartekaritzaren funtzionamendu orokorrean eraginkortasun eta eraginkortasun handiagoa ekarri du (zerbitzu hobea eta bezeroen asebetetze handiagoa eraginez), baita gertakari eta kexa potentzialen murrizketa ere.<\/p><p>Kalitate Kudeaketa Sistemak neurri sorta bat ezartzea dakar, gertakari potentzialak saihesteko diseinatuta. Neurri horiek, beharrezko langileen prestakuntzarekin batera, etengabeko hobekuntzako sistema baten garapenean laguntzen dute.<\/p><p>Desiratutako kalitate-maila lortzeko, beharrezkoa da PIB Group Iberia taldeko kide guztien konpromisoa eta parte-hartzea, prozedura orokor eta zehatzak behar bezala aplikatuz eta kalitateari dagozkion alderdi guztiak jorratzeko diseinatutako jarraibideak betez.<\/p><p>Enpresaren helburuetako bat bere errendimendua hobetzea da (ez bakarrik finantza aldetik), gertakariak minimizatuz; horretarako, zuzendaritzak helburu zehatzak ezartzen ditu, eta urtero ebaluatu eta berrikusten dira, gure jarduteko testuinguru sozialaren aurreikusitako garapenekin bat eginez. Beraz, erakundeak konpromisoa hartzen du helburu horiek lortzeko beharrezko baliabide guztiak, bai materialak bai giza baliabideak, eskaintzeko.<\/p><p>Sinatua:<br \/>Data: 2020ko otsailaren 10a<br \/>Martin Navaz Guinea jauna<br \/>Lehendakaria<br \/>PIB Group Iberia Aseguru eta Berr-aseguruen Bitartekaritza, S.A.U.<\/p><h2>Onurak Bigarren Mailako Kalitate Politika<\/h2><p>Adierpen honen bidez, CONBENEFITSeko presidenteak gure erakundearen kalitate-politika modu formalean ezarri nahi du.<br \/>Kalitate Kudeaketa Sistemaren helburu nagusia da CONBENEFITS-ek ematen dituen zerbitzu guztien kalitatea bermatzea, bezeroen beharrak ahalik eta gehien asetzeko eta Kudeaketa Batzordeak hartutako erabakien ondorioz ezarritako prozedurekin bat etortzeko.<\/p><p>Kalitate-politika adierazpen honen bidez, CONBENEFITS-eko zuzendaritzak, enpresako langile guztien laguntzarekin, gure jarduerari aplikagarri zaizkion lege- eta arau-eskakizun guztiak eta bezeroek ezarritako eskakizunak betetzea konpromisoa hartzen du. Hori guztia kalitate-kudeaketa sistemaren eraginkortasuna etengabe hobetzeko konpromiso-esparru baten barruan gauzatzen da.<br \/>Kalitate Kudeaketa Sistemaren ezarpenak enpresaren jarduera orokorretan eraginkortasun eta eraginkortasun handiagoa ekarri du (zerbitzu hobea eta bezeroen asebetetze handiagoa eraginez), baita gertakari eta kexa potentzialen murrizketa ere.<\/p><p>Kalitate Kudeaketa Sistemak neurri sorta bat ezartzea dakar, gertakari potentzialak saihesteko diseinatuta. Neurri horiek, beharrezko langileen prestakuntzarekin batera, etengabeko hobekuntzako sistema baten garapenean laguntzen dute.<br \/>Desiratutako kalitate-maila lortzeko, CONBENEFITS taldearen konpromisoa eta parte-hartzea beharrezkoa da, bai prozedura orokor eta zehatzak behar bezala aplikatuz, bai kalitateari dagozkion alderdi guztiak jorratzeko diseinatutako jarraibideak jarraituz.<\/p><p>Enpresaren helburuetako bat bere errendimendua hobetzea da (ez bakarrik finantza aldetik), gertakariak minimizatuz; horretarako, zuzendaritzak helburu zehatzak ezartzen ditu, eta urtero ebaluatu eta berrikusten dira, gure jarduteko testuinguru sozialaren aurreikusitako garapenekin bat eginez. Beraz, erakundeak konpromisoa hartzen du helburu horiek lortzeko beharrezko baliabide guztiak, bai materialak bai giza baliabideak, eskaintzeko.<\/p><p>Sinatua: Data: 2021eko urtarrilaren 22a<br \/>Martin Navaz Guinea jauna<br \/>Lehendakaria<br \/>Konbenebitak Ltd.<\/p><p>Enpresa hauen fusio juridikoari buruzko informazio gehiago hemen eskatu dezakezu:<\/p><p>\u00a0<\/p>\t\t\t\t\t\t\t\t<\/div>\n\t\t\t\t\t<\/div>\n\t\t<\/div>\n\t\t\t\t\t<\/div>\n\t\t<\/section>\n\t\t\t\t<\/div>","protected":false},"excerpt":{"rendered":"<p>Pol\u00edtica de Calidad Pol\u00edtica de calidad PIB Group Iberia Con la presente declaraci\u00f3n el Presidente de PIB Group Iberia quiere expresar formalmente la pol\u00edtica de calidad de nuestra entidad. El objetivo principal del Sistema de Gesti\u00f3n de Calidad es garantizar la calidad de todos los servicios que presta PIB Group Iberia de manera que satisfagan [&hellip;]<\/p>\n","protected":false},"author":8,"featured_media":0,"parent":5682,"menu_order":0,"comment_status":"closed","ping_status":"closed","template":"elementor_header_footer","meta":{"yasr_overall_rating":0,"yasr_post_is_review":"","yasr_auto_insert_disabled":"","yasr_review_type":"","footnotes":""},"class_list":["post-12731","page","type-page","status-publish","hentry"],"yasr_visitor_votes":{"stars_attributes":{"read_only":false,"span_bottom":false},"number_of_votes":0,"sum_votes":0},"_links":{"self":[{"href":"https:\/\/pibgroupiberia.com\/eu\/wp-json\/wp\/v2\/pages\/12731","targetHints":{"allow":["GET"]}}],"collection":[{"href":"https:\/\/pibgroupiberia.com\/eu\/wp-json\/wp\/v2\/pages"}],"about":[{"href":"https:\/\/pibgroupiberia.com\/eu\/wp-json\/wp\/v2\/types\/page"}],"author":[{"embeddable":true,"href":"https:\/\/pibgroupiberia.com\/eu\/wp-json\/wp\/v2\/users\/8"}],"replies":[{"embeddable":true,"href":"https:\/\/pibgroupiberia.com\/eu\/wp-json\/wp\/v2\/comments?post=12731"}],"version-history":[{"count":0,"href":"https:\/\/pibgroupiberia.com\/eu\/wp-json\/wp\/v2\/pages\/12731\/revisions"}],"up":[{"embeddable":true,"href":"https:\/\/pibgroupiberia.com\/eu\/wp-json\/wp\/v2\/pages\/5682"}],"wp:attachment":[{"href":"https:\/\/pibgroupiberia.com\/eu\/wp-json\/wp\/v2\/media?parent=12731"}],"curies":[{"name":"WordPress","href":"https:\/\/api.w.org\/{rel}","templated":true}]}}