{"id":12731,"date":"2025-03-12T08:08:32","date_gmt":"2025-03-12T07:08:32","guid":{"rendered":"https:\/\/pibgroupiberia.com\/?page_id=12731"},"modified":"2025-03-12T09:33:08","modified_gmt":"2025-03-12T08:33:08","slug":"politica-de-calidade","status":"publish","type":"page","link":"https:\/\/pibgroupiberia.com\/gl\/corporativo\/politica-calidad\/","title":{"rendered":"Pol\u00edtica de calidade"},"content":{"rendered":"<div data-elementor-type=\"wp-page\" data-elementor-id=\"12731\" class=\"elementor elementor-12731\" data-elementor-post-type=\"page\">\n\t\t\t\t\t\t<section class=\"elementor-section elementor-top-section elementor-element elementor-element-17352d3 elementor-section-full_width elementor-section-height-default elementor-section-height-default\" data-id=\"17352d3\" data-element_type=\"section\" data-e-type=\"section\" data-settings=\"{&quot;background_background&quot;:&quot;classic&quot;,&quot;ekit_has_onepagescroll_dot&quot;:&quot;yes&quot;}\">\n\t\t\t\t\t\t<div class=\"elementor-container elementor-column-gap-default\">\n\t\t\t\t\t<div class=\"elementor-column elementor-col-50 elementor-top-column elementor-element elementor-element-6a4b078\" data-id=\"6a4b078\" data-element_type=\"column\" data-e-type=\"column\" data-settings=\"{&quot;background_background&quot;:&quot;classic&quot;}\">\n\t\t\t<div class=\"elementor-widget-wrap elementor-element-populated\">\n\t\t\t\t\t\t<div class=\"elementor-element elementor-element-c86fac8 elementor-invisible elementor-widget elementor-widget-heading\" data-id=\"c86fac8\" data-element_type=\"widget\" data-e-type=\"widget\" data-settings=\"{&quot;_animation&quot;:&quot;fadeIn&quot;,&quot;ekit_we_effect_on&quot;:&quot;none&quot;}\" data-widget_type=\"heading.default\">\n\t\t\t\t\t<h1 class=\"elementor-heading-title elementor-size-default\">Pol\u00edtica de calidade<\/h1>\t\t\t\t<\/div>\n\t\t\t\t\t<\/div>\n\t\t<\/div>\n\t\t\t\t<div class=\"elementor-column elementor-col-50 elementor-top-column elementor-element elementor-element-b5cbe24\" data-id=\"b5cbe24\" data-element_type=\"column\" data-e-type=\"column\" data-settings=\"{&quot;background_background&quot;:&quot;classic&quot;}\">\n\t\t\t<div class=\"elementor-widget-wrap\">\n\t\t\t\t\t\t\t<\/div>\n\t\t<\/div>\n\t\t\t\t\t<\/div>\n\t\t<\/section>\n\t\t\t\t<section class=\"elementor-section elementor-top-section elementor-element elementor-element-8a800ca elementor-section-boxed elementor-section-height-default elementor-section-height-default\" data-id=\"8a800ca\" data-element_type=\"section\" data-e-type=\"section\" data-settings=\"{&quot;ekit_has_onepagescroll_dot&quot;:&quot;yes&quot;}\">\n\t\t\t\t\t\t<div class=\"elementor-container elementor-column-gap-default\">\n\t\t\t\t\t<div class=\"elementor-column elementor-col-100 elementor-top-column elementor-element elementor-element-f4c19d2\" data-id=\"f4c19d2\" data-element_type=\"column\" data-e-type=\"column\">\n\t\t\t<div class=\"elementor-widget-wrap elementor-element-populated\">\n\t\t\t\t\t\t<div class=\"elementor-element elementor-element-a254fa7 elementor-widget elementor-widget-text-editor\" data-id=\"a254fa7\" data-element_type=\"widget\" data-e-type=\"widget\" data-settings=\"{&quot;ekit_we_effect_on&quot;:&quot;none&quot;}\" data-widget_type=\"text-editor.default\">\n\t\t\t\t\t\t\t\t\t<h2><strong>Pol\u00edtica de Calidade de PIB Group Iberia<\/strong><\/h2><p>Con esta declaraci\u00f3n, o presidente de PIB Group Iberia desexa expo\u00f1er formalmente a pol\u00edtica de calidade da nosa organizaci\u00f3n.<\/p><p>O obxectivo principal do Sistema de Xesti\u00f3n da Calidade \u00e9 garantir a calidade de todos os servizos prestados por PIB Group Iberia, de xeito que satisfagan ao m\u00e1ximo as necesidades dos nosos clientes e cumpran cos procedementos que establecemos tras a aprobaci\u00f3n do Comit\u00e9 de Direcci\u00f3n.<\/p><p>A trav\u00e9s desta declaraci\u00f3n de pol\u00edtica de calidade, a direcci\u00f3n de PIB Group Iberia comprom\u00e9tese, co apoio de todo o persoal da empresa, a cumprir todos os requisitos legais e regulamentarios aplicables \u00e1 nosa actividade, as\u00ed como os requisitos establecidos polos nosos clientes. Todo isto real\u00edzase nun marco de compromiso co melloramento continuo da eficiencia do sistema de xesti\u00f3n da calidade.<\/p><p>A implantaci\u00f3n do Sistema de Xesti\u00f3n da Calidade levou a unha maior eficacia e eficiencia no funcionamento global da corredur\u00eda (resultando nun mellor servizo e nunha maior satisfacci\u00f3n do cliente), as\u00ed como a unha reduci\u00f3n de incidentes e de posibles queixas.<\/p><p>O Sistema de Xesti\u00f3n da Calidade implica establecer unha serie de medidas dese\u00f1adas para previr incidentes potenciais. Estas medidas, combinadas coa formaci\u00f3n necesaria do persoal, contrib\u00faen ao desenvolvemento dun sistema de mellora continua.<\/p><p>Alcanzar o nivel de calidade desexado require o compromiso e a implicaci\u00f3n de todo o equipo de PIB Group Iberia mediante a correcta aplicaci\u00f3n dos procedementos xerais e espec\u00edficos, as\u00ed como das instruci\u00f3ns dese\u00f1adas para abordar todos os aspectos relacionados coa calidade.<\/p><p>Como un dos obxectivos da empresa \u00e9 mellorar o seu rendemento (non s\u00f3 en termos financeiros) minimizando os incidentes, a direcci\u00f3n establece obxectivos espec\u00edficos que se aval\u00edan e revisan anualmente de acordo cos desenvolvementos previstos no contexto social no que operamos. Por iso, a organizaci\u00f3n comprom\u00e9tese a proporcionar todos os recursos necesarios, tanto materiais como humanos, para acadar estes obxectivos.<\/p><p>Asinado:<br \/>Data: 10 de febreiro de 2020<br \/>Sr. Mart\u00edn Navaz Guinea<br \/>Presidente<br \/>PIB Group Iberia Corredur\u00eda de Seguros e Reaseguros, S.A.U.<\/p><h2>Pol\u00edtica de Calidade de Beneficios Adicionais<\/h2><p>Mediante esta declaraci\u00f3n, o Presidente de CONBENEFITS desexa establecer formalmente a pol\u00edtica de calidade da nosa organizaci\u00f3n.<br \/>O obxectivo principal do Sistema de Xesti\u00f3n da Calidade \u00e9 garantir a calidade de todos os servizos prestados por CONBENEFITS, de xeito que satisfagan ao m\u00e1ximo as necesidades dos nosos clientes e cumpran cos procedementos que establecemos tras as decisi\u00f3ns adoptadas polo Comit\u00e9 de Xesti\u00f3n.<\/p><p>Mediante esta declaraci\u00f3n de pol\u00edtica de calidade, a direcci\u00f3n de CONBENEFITS comprom\u00e9tese, co apoio de todo o persoal da empresa, a cumprir todos os requisitos legais e regulamentarios aplicables \u00e1 nosa actividade, as\u00ed como os establecidos polos nosos clientes. Todo isto real\u00edzase nun marco de compromiso coa mellora continua da eficiencia do sistema de xesti\u00f3n da calidade.<br \/>A implantaci\u00f3n do Sistema de Xesti\u00f3n da Calidade levou a unha maior eficacia e eficiencia nas operaci\u00f3ns xerais da empresa (resultando nun mellor servizo e nunha maior satisfacci\u00f3n do cliente), as\u00ed como a unha reduci\u00f3n de incidentes e de posibles queixas.<\/p><p>O Sistema de Xesti\u00f3n da Calidade implica establecer unha serie de medidas dese\u00f1adas para previr incidentes potenciais. Estas medidas, combinadas coa formaci\u00f3n necesaria do persoal, contrib\u00faen ao desenvolvemento dun sistema de mellora continua.<br \/>Alcanzar o nivel de calidade desexado require o compromiso e a implicaci\u00f3n de todo o equipo de CONBENEFITS mediante a implementaci\u00f3n adecuada dos procedementos xerais e espec\u00edficos, as\u00ed como das directrices dese\u00f1adas para abordar todos os aspectos relacionados coa calidade.<\/p><p>Como un dos obxectivos da empresa \u00e9 mellorar o seu rendemento (non s\u00f3 en termos financeiros) minimizando os incidentes, a direcci\u00f3n establece obxectivos espec\u00edficos que se aval\u00edan e revisan anualmente de acordo cos desenvolvementos previstos no contexto social no que operamos. Por iso, a organizaci\u00f3n comprom\u00e9tese a proporcionar todos os recursos necesarios, tanto materiais como humanos, para acadar estes obxectivos.<\/p><p>Asinado: Data: 22 de xaneiro de 2021<br \/>Sr. Mart\u00edn Navaz Guinea<br \/>Presidente<br \/>CONBENEFITS Ltd.<\/p><p>Pode solicitar m\u00e1is informaci\u00f3n sobre a fusi\u00f3n legal destas empresas aqu\u00ed:<\/p><p>\u00a0<\/p>\t\t\t\t\t\t\t\t<\/div>\n\t\t\t\t\t<\/div>\n\t\t<\/div>\n\t\t\t\t\t<\/div>\n\t\t<\/section>\n\t\t\t\t<\/div>","protected":false},"excerpt":{"rendered":"<p>Pol\u00edtica de Calidad Pol\u00edtica de calidad PIB Group Iberia Con la presente declaraci\u00f3n el Presidente de PIB Group Iberia quiere expresar formalmente la pol\u00edtica de calidad de nuestra entidad. El objetivo principal del Sistema de Gesti\u00f3n de Calidad es garantizar la calidad de todos los servicios que presta PIB Group Iberia de manera que satisfagan [&hellip;]<\/p>\n","protected":false},"author":8,"featured_media":0,"parent":5682,"menu_order":0,"comment_status":"closed","ping_status":"closed","template":"elementor_header_footer","meta":{"yasr_overall_rating":0,"yasr_post_is_review":"","yasr_auto_insert_disabled":"","yasr_review_type":"","footnotes":""},"class_list":["post-12731","page","type-page","status-publish","hentry"],"yasr_visitor_votes":{"stars_attributes":{"read_only":false,"span_bottom":false},"number_of_votes":0,"sum_votes":0},"_links":{"self":[{"href":"https:\/\/pibgroupiberia.com\/gl\/wp-json\/wp\/v2\/pages\/12731","targetHints":{"allow":["GET"]}}],"collection":[{"href":"https:\/\/pibgroupiberia.com\/gl\/wp-json\/wp\/v2\/pages"}],"about":[{"href":"https:\/\/pibgroupiberia.com\/gl\/wp-json\/wp\/v2\/types\/page"}],"author":[{"embeddable":true,"href":"https:\/\/pibgroupiberia.com\/gl\/wp-json\/wp\/v2\/users\/8"}],"replies":[{"embeddable":true,"href":"https:\/\/pibgroupiberia.com\/gl\/wp-json\/wp\/v2\/comments?post=12731"}],"version-history":[{"count":0,"href":"https:\/\/pibgroupiberia.com\/gl\/wp-json\/wp\/v2\/pages\/12731\/revisions"}],"up":[{"embeddable":true,"href":"https:\/\/pibgroupiberia.com\/gl\/wp-json\/wp\/v2\/pages\/5682"}],"wp:attachment":[{"href":"https:\/\/pibgroupiberia.com\/gl\/wp-json\/wp\/v2\/media?parent=12731"}],"curies":[{"name":"wp","href":"https:\/\/api.w.org\/{rel}","templated":true}]}}