{"id":1675,"date":"2024-05-21T14:51:46","date_gmt":"2024-05-21T12:51:46","guid":{"rendered":"http:\/\/localhost:10040\/?page_id=1675"},"modified":"2026-04-14T08:21:27","modified_gmt":"2026-04-14T06:21:27","slug":"politica-de-privacidade","status":"publish","type":"page","link":"https:\/\/pibgroupiberia.com\/gl\/corporativo\/politica-de-privacidad\/","title":{"rendered":"Pol\u00edtica de privacidade"},"content":{"rendered":"<div data-elementor-type=\"wp-page\" data-elementor-id=\"1675\" class=\"elementor elementor-1675\" data-elementor-post-type=\"page\">\n\t\t\t\t\t\t<section class=\"elementor-section elementor-top-section elementor-element elementor-element-17352d3 elementor-section-full_width elementor-section-height-default elementor-section-height-default\" data-id=\"17352d3\" data-element_type=\"section\" data-e-type=\"section\" data-settings=\"{&quot;background_background&quot;:&quot;classic&quot;,&quot;ekit_has_onepagescroll_dot&quot;:&quot;yes&quot;}\">\n\t\t\t\t\t\t<div class=\"elementor-container elementor-column-gap-default\">\n\t\t\t\t\t<div class=\"elementor-column elementor-col-50 elementor-top-column elementor-element elementor-element-6a4b078\" data-id=\"6a4b078\" data-element_type=\"column\" data-e-type=\"column\" data-settings=\"{&quot;background_background&quot;:&quot;classic&quot;}\">\n\t\t\t<div class=\"elementor-widget-wrap elementor-element-populated\">\n\t\t\t\t\t\t<div class=\"elementor-element elementor-element-c86fac8 elementor-invisible elementor-widget elementor-widget-heading\" data-id=\"c86fac8\" data-element_type=\"widget\" data-e-type=\"widget\" data-settings=\"{&quot;_animation&quot;:&quot;fadeIn&quot;,&quot;ekit_we_effect_on&quot;:&quot;none&quot;}\" data-widget_type=\"heading.default\">\n\t\t\t\t\t<h1 class=\"elementor-heading-title elementor-size-default\">Privacidade<\/h1>\t\t\t\t<\/div>\n\t\t\t\t\t<\/div>\n\t\t<\/div>\n\t\t\t\t<div class=\"elementor-column elementor-col-50 elementor-top-column elementor-element elementor-element-b5cbe24\" data-id=\"b5cbe24\" data-element_type=\"column\" data-e-type=\"column\" data-settings=\"{&quot;background_background&quot;:&quot;classic&quot;}\">\n\t\t\t<div class=\"elementor-widget-wrap\">\n\t\t\t\t\t\t\t<\/div>\n\t\t<\/div>\n\t\t\t\t\t<\/div>\n\t\t<\/section>\n\t\t\t\t<section class=\"elementor-section elementor-top-section elementor-element elementor-element-8a800ca elementor-section-boxed elementor-section-height-default elementor-section-height-default\" data-id=\"8a800ca\" data-element_type=\"section\" data-e-type=\"section\" data-settings=\"{&quot;ekit_has_onepagescroll_dot&quot;:&quot;yes&quot;}\">\n\t\t\t\t\t\t<div class=\"elementor-container elementor-column-gap-default\">\n\t\t\t\t\t<div class=\"elementor-column elementor-col-100 elementor-top-column elementor-element elementor-element-f4c19d2\" data-id=\"f4c19d2\" data-element_type=\"column\" data-e-type=\"column\">\n\t\t\t<div class=\"elementor-widget-wrap elementor-element-populated\">\n\t\t\t\t\t\t<div class=\"elementor-element elementor-element-a254fa7 elementor-widget elementor-widget-text-editor\" data-id=\"a254fa7\" data-element_type=\"widget\" data-e-type=\"widget\" data-settings=\"{&quot;ekit_we_effect_on&quot;:&quot;none&quot;}\" data-widget_type=\"text-editor.default\">\n\t\t\t\t\t\t\t\t\t<p><strong>Pol\u00edtica de privacidade. Aviso informativo<\/strong><\/p><p>De conformidade coas disposici\u00f3ns de:<\/p><ul><li>Regulamento (UE) 2016\/679 do Parlamento Europeo e do Consello, de 27 de abril de 2016, relativo \u00e1 protecci\u00f3n das persoas f\u00edsicas no que respecta ao tratamento dos datos persoais e \u00e1 libre circulaci\u00f3n destes datos. En diante \u201cRGPD\u201d<\/li><\/ul><ul><li>Lei Org\u00e1nica 3\/2018, do 5 de decembro, de Protecci\u00f3n de Datos Persoais e Garant\u00eda dos Dereitos Dixitais.<\/li><\/ul><ul><li>Lei 34\/2002, do 11 de xullo, de servizos da sociedade da informaci\u00f3n e de comercio electr\u00f3nico.<\/li><\/ul><ul><li>Real Decreto-Lei 3\/2020, do 4 de febreiro, de medidas urxentes para transpo\u00f1er ao dereito espa\u00f1ol varias directivas da Uni\u00f3n Europea relativas \u00e1 contrataci\u00f3n p\u00fablica en determinados sectores; ao seguro privado; aos plans e fondos de pensi\u00f3ns; \u00e1 fiscalidade; e \u00e1 litigaci\u00f3n fiscal.<\/li><\/ul><p>PIB GROUP IBERIA CORRETAXE DE SEGUROS E REASEGUROS, S.A.U. (en diante \u201c<em>Grupo PIB Ib\u00e9ria\u201d\u00a0<\/em>o\u00a0<em>\u201c(a Empresa)\u00a0<\/em>elaborou esta pol\u00edtica de privacidade para informarlle de que os seus datos persoais ser\u00e1n tratados de acordo con, entre outras disposici\u00f3ns, o artigo 4.2 do RGPD mencionado. Por tratamento de datos ent\u00e9ndese calquera operaci\u00f3n ou conxunto de operaci\u00f3ns realizadas sobre datos persoais ou conxuntos de datos persoais, sexan ou non automatizadas, tales como a recollida, o rexistro, a organizaci\u00f3n, a estruturaci\u00f3n, o almacenamento, a adaptaci\u00f3n ou a alteraci\u00f3n, a obtenci\u00f3n, a consulta, o uso, a divulgaci\u00f3n por transmisi\u00f3n, a difusi\u00f3n ou calquera outra forma de po\u00f1elos a disposici\u00f3n, a alineaci\u00f3n ou combinaci\u00f3n, a restrici\u00f3n, a supresi\u00f3n ou a destruci\u00f3n.<\/p><p>A Empresa tam\u00e9n actualizar\u00e1 a pol\u00edtica de privacidade neste sitio web de acordo cos desenvolvementos da lei e da xurisprudencia relativos a esta materia.<\/p><p><strong>Responsable do tratamento e datos de contacto<\/strong><\/p><p>O responsable do tratamento dos datos \u00e9 PIB GROUP IBERIA CORREDUR\u00cdA DE SEGUROS Y REASEGUROS, S.A.U., con n\u00famero de identificaci\u00f3n fiscal A58564816 e domicilio social en C\/ Aribau n\u00ba 200, 3.\u00ba andar, 08036 Barcelona; unha empresa que forma parte do grupo\u00a0<em>PIB Group Limited<\/em>, rexistrada en Inglaterra e Gales co n\u00famero de compa\u00f1\u00eda 09900466, co seu domicilio social en Rossington's Business Park, West Carr Road, Retford, Nottinghamshire, DN22 7SW.<\/p><p>Para protexer a privacidade dos seus datos persoais e garantir que se procesen de xeito axeitado, a Empresa nomeou un Responsable de Protecci\u00f3n de Datos, cuxa responsabilidade \u00e9 supervisar a aplicaci\u00f3n das pol\u00edticas de protecci\u00f3n de datos persoais. Por iso, pode contactar co Departamento de Atenci\u00f3n ao Cliente do Responsable do Tratamento no n\u00famero de tel\u00e9fono gratu\u00edto 933 065 353 ou na seguinte direcci\u00f3n de correo electr\u00f3nico:\u00a0<a href=\"mailto:delegado.protecciondatos@pib-insurance.es\">delegado.protecciondatos@pib-insurance.es<\/a>\u00a0Sempre que a s\u00faa consulta se refira \u00e1 privacidade dos seus datos persoais.<\/p><p><strong>Fins e base legal para o tratamento de datos persoais<\/strong><\/p><p>De acordo coa Lei Org\u00e1nica 3\/2018, de Protecci\u00f3n de Datos Persoais e Garant\u00eda dos Dereitos Dixitais, o RGPD (Regulamento UE 679\/2016) e o Real Decreto-Lei 3\/2020, inform\u00e1moslle de que os seus datos persoais ser\u00e1n tratados por PIB Group Iberia como responsable do tratamento.<\/p><table><tbody><tr><td><p>FINES DO TRATAMENTO<\/p><\/td><td><p>Base xur\u00eddica para o tratamento de datos<\/p><\/td><\/tr><tr><td><p>Execuci\u00f3n \u00edntegra do contrato de seguro e do acordo de mediaci\u00f3n de seguros; mantemento da relaci\u00f3n entre PIB Group Iberia e vostede; asesoramento e informaci\u00f3n relativos aos termos e condici\u00f3ns dos contratos de seguro e produtos financeiros; e asistencia no caso dunha reclamaci\u00f3n.<\/p><\/td><td><p>A execuci\u00f3n do contrato ao que vostede \u00e9 parte.<\/p><\/td><\/tr><tr><td><p>Gravaci\u00f3n da t\u00faa voz cando sexa necesario para:<\/p><p>1. O correcto desempe\u00f1o do contrato,<\/p><p>2. Manter a calidade do servizo.<\/p><p>3. Prevenci\u00f3n, investigaci\u00f3n e detecci\u00f3n de fraudes.<\/p><\/td><td><p>A base legal para os fins descritos \u00e9:<\/p><p>1. O cumprimento do contrato ao que vostede \u00e9 parte,<\/p><p>2. O interese lex\u00edtimo do responsable do tratamento de manter e garantir a calidade do servizo.<\/p><p>3. Cumprimento das obrigas legais da Corredur\u00eda, de acordo coa normativa vixente e aplicable en cada momento.<\/p><\/td><\/tr><tr><td><p>Prevenci\u00f3n, investigaci\u00f3n e detecci\u00f3n do fraude, e a recollida e divulgaci\u00f3n de informaci\u00f3n \u00e1s autoridades reguladoras competentes nos casos previstos por lei.<\/p><\/td><td><p>Cumprimento das obrigas legais da axencia, de acordo coa normativa vixente e aplicable en cada momento.<\/p><\/td><\/tr><tr><td><p>O env\u00edo de comunicaci\u00f3ns de marketing por calquera medio, inclu\u00eddas as comunicaci\u00f3ns electr\u00f3nicas ou equivalentes, relativas a produtos de seguros e\/ou financeiros intermediados por PIB Group Iberia, inclu\u00edndo durante os doce (12) meses seguintes \u00e1 extinci\u00f3n da relaci\u00f3n contractual coa Compa\u00f1\u00eda.<\/p><\/td><td><p>O interese lex\u00edtimo do responsable do tratamento de datos en promover a venda de produtos similares aos que se poidan adquirir nese momento. G\u00fastar\u00edanos lembrarlle que ten dereito a opo\u00f1erse a este tratamento dos seus datos.<\/p><\/td><\/tr><tr><td><p>Perfilado mediante os datos persoais das persoas interesadas para enviar comunicaci\u00f3ns comerciais adaptadas \u00e1s s\u00faas caracter\u00edsticas, preferencias, necesidades e tendencias.<\/p><\/td><td><p>O consentimento expl\u00edcito da persoa interesada.<\/p><\/td><\/tr><tr><td><p>Enviando enquisas de satisfacci\u00f3n do cliente sobre os servizos prestados pola firma de corretaxe.<\/p><\/td><td><p>O interese lex\u00edtimo da axencia en avaliar a satisfacci\u00f3n dos clientes cos servizos que presta, co obxectivo de melloralos.<\/p><\/td><\/tr><tr><td><p>O env\u00edo de comunicaci\u00f3ns de marketing, por calquera medio, por calquera das empresas do Grupo PIB Iberia.<\/p><\/td><td><p>O consentimento expl\u00edcito da persoa interesada.<\/p><\/td><\/tr><tr><td><p>Divulgaci\u00f3n dos datos persoais da persoa interesada a empresas que forman parte do Grupo PIB Iberia para fins administrativos internos, inclu\u00edndo o tratamento de datos persoais relativos a clientes e empregados.<\/p><\/td><td><p>O interese lex\u00edtimo do responsable do tratamento para fins administrativos internos. G\u00fastar\u00edanos lembrarlle que ten dereito a opo\u00f1erse a este tratamento dos seus datos.<\/p><\/td><\/tr><tr><td><p>Divulgaci\u00f3n dos datos persoais do titular dos datos a provedores de servizos de PIB Group Iberia, inclu\u00edndo o tratamento de datos persoais relativos a clientes e empregados.<\/p><\/td><td><p>O consentimento expl\u00edcito do titular dos datos.<\/p><\/td><\/tr><tr><td><p>Os seus datos poder\u00e1n compartirse con empresas que colaboran con PIB Group Iberia (como compa\u00f1\u00edas de seguros) se vostede, como cliente do responsable do tratamento, contrata calquera dos produtos e\/ou servizos comercializados por PIB Group Iberia.<\/p><\/td><td><p>O correcto desempe\u00f1o do contrato.<\/p><\/td><\/tr><\/tbody><\/table><p>\u00a0<\/p><p>A falta de proporcionar a informaci\u00f3n requirida far\u00e1 imposible celebrar e cumprir o contrato. Se nos proporciona datos relativos a terceiros, debe asegurarse, antes de revelar esa informaci\u00f3n \u00e1 Corredur\u00eda, de que cumpriu en todo momento as obrigas de protecci\u00f3n de datos vixentes.<\/p><p>Obti\u00f1emos os seus datos persoais (ou os do titular da p\u00f3liza), e as categor\u00edas de datos afectadas son: datos de identificaci\u00f3n e de contacto; gravaci\u00f3ns de voz; datos bancarios; datos de sa\u00fade (cando sexa necesario); e calquera outro dato necesario para a avaliaci\u00f3n do risco asegurable, as\u00ed como para as finalidades indicadas anteriormente.<\/p><p><strong>Divulgaci\u00f3n de datos persoais.<\/strong><\/p><p>De acordo co artigo 99.1 da Lei 20\/2015, de 14 de xullo, de regulaci\u00f3n, supervisi\u00f3n e solvencia das entidades aseguradoras e reaseguradoras, PIB Group Iberia poder\u00e1 transferir os seus datos persoais ao asegurador que vostede seleccionou co fin de garantir o correcto desenvolvemento do contrato de seguro e o cumprimento das obrigas legais. Tam\u00e9n poder\u00e1 transferir estes datos a entidades, organismos ou persoas autorizadas para xestionar e resolver reclamaci\u00f3ns; a entidades implicadas na cobertura da s\u00faa p\u00f3liza (servizos xur\u00eddicos e sanitarios); e a xulgados, tribunais ou autoridades p\u00fablicas no caso de que tales datos sexan requiridos.<\/p><p>A Empresa tam\u00e9n pode revelar os seus datos persoais a:<\/p><p>1.- Empresas que forman parte do Grupo PIB Iberia, para fins administrativos internos, inclu\u00edndo o tratamento de datos persoais relativos a clientes e empregados, co obxectivo de xestionar internamente o servizo prestado e manter a relaci\u00f3n contractual. Esta transferencia bas\u00e9ase no interese lex\u00edtimo (de acordo co considerando 48 do RGPD), e, polo tanto, non ser\u00e1 necesario obter o seu consentimento expreso para esta operaci\u00f3n.<\/p><p>2. Empresas que prestan servizos ao PIB Group Iberia, inclu\u00edndo o tratamento de datos persoais relativos a clientes e empregados co fin de xestionar a prestaci\u00f3n de servizos de terceiros. Esta transferencia bas\u00e9ase no consentimento expreso.<\/p><p>Guerdamos en lembrarche que tes dereito a opo\u00f1erte a este tratamento dos teus datos.<\/p><p><strong>Transferencias internacionais de datos<\/strong><\/p><p>PIB Group Iberia, como parte do grupo de empresas PIB Group Limited, \u00e9 unha organizaci\u00f3n que opera en varios pa\u00edses e pode transferir certa informaci\u00f3n persoal sobre vostede internacionalmente co \u00fanico prop\u00f3sito de cumprir o contrato subscrito. En particular, PIB Group Iberia pode realizar esas transferencias para administrar e xestionar os servizos prestados a vostede e para mellorar a eficiencia das s\u00faas operaci\u00f3ns comerciais. A Empresa adoptar\u00e1 as medidas adecuadas para garantir que tales transferencias cumpran con todas as normas aplicables en materia de protecci\u00f3n de datos.<\/p><p>Cando os datos persoais se transfiran a pa\u00edses f\u00f3ra do Espazo Econ\u00f3mico Europeo co fin de seren tratados, tales transferencias faranse preferiblemente a pa\u00edses que a Comisi\u00f3n Europea considere que ofrecen garant\u00edas adecuadas para a protecci\u00f3n de datos (\u00abtransferencias baseadas nunha decisi\u00f3n de adecuaci\u00f3n\u00bb). En particular, os seus datos poder\u00e1n transferirse aos EUA e ao Reino Unido, territorios nos que se atopan os fondos que controlan PIB Group Limited e a plataforma LexisNexis; utilizamos esta plataforma para verificar datos co fin de previr o fraude e o branqueo de capitais. A este respecto, inform\u00e1moslle de que ambos territorios contan cunha decisi\u00f3n de adecuaci\u00f3n da Comisi\u00f3n Europea. En outras ocasi\u00f3ns, cando os seus datos se transfiran a territorios sen unha decisi\u00f3n de adecuaci\u00f3n ou a entidades que non se adhiran ao Marco de Privacidade de Datos UE-EE. UU., adoptaremos garant\u00edas adecuadas (\u00abtransferencias baseadas na provisi\u00f3n de garant\u00edas adecuadas\u00bb), en particular mediante a inclusi\u00f3n de cl\u00e1usulas contratuais est\u00e1ndar, de acordo coas disposici\u00f3ns do artigo 46 do Regulamento Xeral de Protecci\u00f3n de Datos (\u00abRGPD\u00bb).<\/p><p>Nos casos nos que non exista unha decisi\u00f3n de adecuaci\u00f3n ou non se proporcionen garant\u00edas adecuadas, de conformidade co artigo 49 do RGPD, poderemos transferir os seus datos persoais a un terceiro pa\u00eds ou organizaci\u00f3n internacional cando: i) te\u00f1amos o seu consentimento expl\u00edcito para a transferencia proposta; ii) a transferencia \u00e9 necesaria para a execuci\u00f3n do contrato que temos en vigor contigo, ou para a execuci\u00f3n de medidas precontratuais que solicitaches; iii) a transferencia \u00e9 necesaria para a conclusi\u00f3n ou execuci\u00f3n dun contrato entre PIB Group Iberia e outra persoa f\u00edsica ou xur\u00eddica, no teu interese; iv) a transferencia \u00e9 necesaria por raz\u00f3ns de interese p\u00fablico substancial ou para a protecci\u00f3n dos seus intereses vitais, ou os doutras persoas, sempre que vostede estea f\u00edsica ou legalmente incapaz de dar o seu consentimento; v) a transferencia \u00e9 necesaria para o establecemento, exercicio ou defensa de reclamaci\u00f3ns legais; vi) tratamos situaci\u00f3ns nas que a transferencia se realiza desde un rexistro p\u00fablico que, de conformidade co dereito da Uni\u00f3n ou do Estado membro, ten por obxecto proporcionar informaci\u00f3n ao p\u00fablico e est\u00e1 aberto \u00e1 consulta do p\u00fablico en xeral ou de calquera persoa que poida demostrar un interese lex\u00edtimo, sempre que se cumpran as condici\u00f3ns establecidas polo dereito da Uni\u00f3n ou do Estado membro para a consulta.<\/p><p>Se desexa m\u00e1is informaci\u00f3n sobre o tratamento dos seus datos persoais, p\u00f3\u00f1ase en contacto connosco na seguinte direcci\u00f3n de correo electr\u00f3nico\u00a0<a href=\"mailto:delegado.protecciondatos@pib-insurance.es\">delegado.protecciondatos@pib-insurance.es<\/a><\/p><p><strong>Conservaci\u00f3n, cancelaci\u00f3n e supresi\u00f3n de datos persoais<\/strong><\/p><p>Por favor, t\u00e9\u00f1ase en conta que os datos persoais que nos proporcione ser\u00e1n conservados mentres o prop\u00f3sito declarado siga sendo v\u00e1lido e ata o vencemento dos prazos de prescrici\u00f3n para calquera reclamaci\u00f3n que poida xurdir do cumprimento do contrato de seguro, unha vez que o contrato expire por calquera motivo e\/ou se resolvan as reclamaci\u00f3ns pendentes; os datos bloquearanse unha vez que deixen de ser relevantes para o cumprimento dese prop\u00f3sito. Queremos lembrarlle que ten dereito a obter a confirmaci\u00f3n de se estamos a tratar os seus datos persoais.<\/p><p>Cando a supresi\u00f3n resulte do exercicio do dereito de oposici\u00f3n de acordo co artigo 21.2 do RGPD, o responsable do tratamento poder\u00e1 conservar os datos identificativos da persoa interesada co fin de impedir futuros tratamentos con fins de mercadotecnia directa.<\/p><p><strong>Dilixencia debida no tratamento de datos persoais<\/strong><\/p><p>A Empresa cumpre cos requisitos legais relativos \u00e1 seguridade dos datos persoais, tendo adoptado todas as medidas que razoablemente se poden esperar, de acordo cos est\u00e1ndares t\u00e9cnicos vixentes, para previr a perda, o mal uso, a alteraci\u00f3n, o acceso non autorizado e o roubo dos datos persoais facilitados. En calquera caso, debe ter en conta que Internet non \u00e9 un medio completamente seguro nin impenetrable.<\/p><p><strong>Dereitos que pode exercer en relaci\u00f3n co tratamento dos seus datos persoais<\/strong><\/p><p>Tes dereito a retirar o teu consentimento en calquera momento, sempre que o tratamento non sexa necesario para a execuci\u00f3n do contrato de seguro. Con todo, a retirada dese consentimento non afecta a licitude do tratamento baseado no consentimento contractual previo.<\/p><p>Pode exercer os seguintes dereitos de protecci\u00f3n de datos:<\/p><p><strong>Acceso<\/strong>: o dereito a contactar co responsable do tratamento de datos para saber se est\u00e1 a tratar os seus datos persoais e para obter informaci\u00f3n a este respecto.<\/p><p><strong>Correcci\u00f3n<\/strong>: Ten o dereito a que se corrixan calquera dos seus datos persoais que sexan inexactos ou incompletos.<\/p><p><strong>Eliminaci\u00f3n ou \u201cesquecemento\u201d<\/strong>: Os interesados poden solicitar que a Empresa elimine os seus datos persoais cando: (i) os datos persoais xa non sexan necesarios para as finalidades para as que foron recollidos orixinalmente, (ii) cando retire o seu consentimento (se o tratamento dos datos se basea no consentimento), (iii) exerceu con \u00e9xito o seu dereito de oposici\u00f3n, (iv) os seus datos persoais foron tratados de xeito il\u00edcito, e (v) a Empresa est\u00e1 obrigada a cumprir unha obriga legal.<\/p><p><strong>Limitaci\u00f3n:<\/strong>\u00a0Pode solicitar ao responsable do tratamento que limite o tratamento dos seus datos persoais cando se cumpran as seguintes condici\u00f3ns: (i) cando impugne a exactitude dos seus datos persoais, durante un per\u00edodo suficiente para que o responsable poida verificalos; (ii) cando se opo\u00f1a ao tratamento dos seus datos persoais por parte do responsable, por motivos de interese lex\u00edtimo ou p\u00fablico, mentres se verifican os motivos da s\u00faa oposici\u00f3n. (iv) cando o responsable xa non precise os datos persoais para os fins do tratamento, pero o interesado precise os datos para a formulaci\u00f3n, exercicio ou defensa de reclamaci\u00f3ns legais<\/p><p><strong>Dereito \u00e1 portabilidade dos datos<\/strong>O dereito a recibir informaci\u00f3n sobre o tratamento automatizado dos seus datos persoais nun formato estruturado, de uso com\u00fan, lexible por m\u00e1quina e interoperable, e a transmitir eses datos a outro responsable do tratamento, sempre que o tratamento se basee no consentimento ou se realice no cumprimento dun contrato.<\/p><p>Este dereito non se aplicar\u00e1 cando o tratamento sexa necesario para o desempe\u00f1o dunha tarefa realizada no interese p\u00fablico ou no exercicio da autoridade oficial conferida ao responsable do tratamento.<\/p><p>Estes dereitos, as\u00ed como a presentaci\u00f3n de queixas, p\u00f3dense exercer a trav\u00e9s do seguinte enderezo de correo electr\u00f3nico,\u00a0<a href=\"mailto:delegado.protecciondatos@pib-insurance.es\">delegado.protecciondatos@pib-insurance.es<\/a>, ou na C\/ Aribau, 200, 3.\u00ba andar, 08036 Barcelona, achegando proba de identidade ao indicar o seu nome e apelidos completos, as\u00ed como o n\u00famero do seu Documento Nacional de Identidade (ou documento de identificaci\u00f3n persoal v\u00e1lido), xunto con calquera outro dato persoal que o identifique inequ\u00edvocamente como cliente de PIB Group Iberia, tales como o seu enderezo de correo electr\u00f3nico, enderezo postal, etc., xunto coa solicitude relativa ao dereito en cuesti\u00f3n.<\/p><p>T\u00e9\u00f1ase en conta tam\u00e9n que, antes de proporcionarlle informaci\u00f3n ou de axudarlle a exercer os seus dereitos, a Empresa poder\u00e1 realizar diversas comprobaci\u00f3ns para verificar a s\u00faa identidade ou outros datos necesarios para responder axeitadamente \u00e1 s\u00faa solicitude. Pore\u00e9monos en contacto con vostede no prazo de 30 d\u00edas desde a recepci\u00f3n da s\u00faa solicitude.<\/p><p>En \u00faltima instancia, se non est\u00e1 de acordo coa forma en que se xestionaron os seus dereitos, pode solicitar informaci\u00f3n e\/ou presentar unha reclamaci\u00f3n ante a Axencia Espa\u00f1ola de Protecci\u00f3n de Datos, situada na r\u00faa Jorge Juan, 6, 28001 Madrid.\u201d<\/p><p>Ao usar este sitio web, aceptas que poidamos colocar cookies no teu dispositivo, segundo se describe na secci\u00f3n \u201cPol\u00edtica de cookies\u201d.<\/p>\t\t\t\t\t\t\t\t<\/div>\n\t\t\t\t\t<\/div>\n\t\t<\/div>\n\t\t\t\t\t<\/div>\n\t\t<\/section>\n\t\t\t\t<\/div>","protected":false},"excerpt":{"rendered":"<p>Privacidad Pol\u00edtica de privacidad. Cl\u00e1usula informativa De conformidad con lo establecido en: El Reglamento (UE) 2016\/679, del Parlamento Europeo y del Consejo, de 27 de abril de 2016, relativo a la protecci\u00f3n de las personas f\u00edsicas en lo que respecta al tratamiento de datos personales y a la libre circulaci\u00f3n de estos datos. En adelante [&hellip;]<\/p>\n","protected":false},"author":11,"featured_media":0,"parent":5682,"menu_order":0,"comment_status":"closed","ping_status":"closed","template":"elementor_header_footer","meta":{"yasr_overall_rating":0,"yasr_post_is_review":"","yasr_auto_insert_disabled":"","yasr_review_type":"","footnotes":""},"class_list":["post-1675","page","type-page","status-publish","hentry"],"yasr_visitor_votes":{"stars_attributes":{"read_only":false,"span_bottom":false},"number_of_votes":0,"sum_votes":0},"_links":{"self":[{"href":"https:\/\/pibgroupiberia.com\/gl\/wp-json\/wp\/v2\/pages\/1675","targetHints":{"allow":["GET"]}}],"collection":[{"href":"https:\/\/pibgroupiberia.com\/gl\/wp-json\/wp\/v2\/pages"}],"about":[{"href":"https:\/\/pibgroupiberia.com\/gl\/wp-json\/wp\/v2\/types\/page"}],"author":[{"embeddable":true,"href":"https:\/\/pibgroupiberia.com\/gl\/wp-json\/wp\/v2\/users\/11"}],"replies":[{"embeddable":true,"href":"https:\/\/pibgroupiberia.com\/gl\/wp-json\/wp\/v2\/comments?post=1675"}],"version-history":[{"count":3,"href":"https:\/\/pibgroupiberia.com\/gl\/wp-json\/wp\/v2\/pages\/1675\/revisions"}],"predecessor-version":[{"id":20732,"href":"https:\/\/pibgroupiberia.com\/gl\/wp-json\/wp\/v2\/pages\/1675\/revisions\/20732"}],"up":[{"embeddable":true,"href":"https:\/\/pibgroupiberia.com\/gl\/wp-json\/wp\/v2\/pages\/5682"}],"wp:attachment":[{"href":"https:\/\/pibgroupiberia.com\/gl\/wp-json\/wp\/v2\/media?parent=1675"}],"curies":[{"name":"wp","href":"https:\/\/api.w.org\/{rel}","templated":true}]}}