{"id":12731,"date":"2025-03-12T08:08:32","date_gmt":"2025-03-12T07:08:32","guid":{"rendered":"https:\/\/pibgroupiberia.com\/?page_id=12731"},"modified":"2025-03-12T09:33:08","modified_gmt":"2025-03-12T08:33:08","slug":"politica-de-qualidade","status":"publish","type":"page","link":"https:\/\/pibgroupiberia.com\/pt\/corporativo\/politica-calidad\/","title":{"rendered":"Pol\u00edtica de Qualidade"},"content":{"rendered":"<div data-elementor-type=\"wp-page\" data-elementor-id=\"12731\" class=\"elementor elementor-12731\" data-elementor-post-type=\"page\">\n\t\t\t\t\t\t<section class=\"elementor-section elementor-top-section elementor-element elementor-element-17352d3 elementor-section-full_width elementor-section-height-default elementor-section-height-default\" data-id=\"17352d3\" data-element_type=\"section\" data-e-type=\"section\" data-settings=\"{&quot;background_background&quot;:&quot;classic&quot;,&quot;ekit_has_onepagescroll_dot&quot;:&quot;yes&quot;}\">\n\t\t\t\t\t\t<div class=\"elementor-container elementor-column-gap-default\">\n\t\t\t\t\t<div class=\"elementor-column elementor-col-50 elementor-top-column elementor-element elementor-element-6a4b078\" data-id=\"6a4b078\" data-element_type=\"column\" data-e-type=\"column\" data-settings=\"{&quot;background_background&quot;:&quot;classic&quot;}\">\n\t\t\t<div class=\"elementor-widget-wrap elementor-element-populated\">\n\t\t\t\t\t\t<div class=\"elementor-element elementor-element-c86fac8 elementor-invisible elementor-widget elementor-widget-heading\" data-id=\"c86fac8\" data-element_type=\"widget\" data-e-type=\"widget\" data-settings=\"{&quot;_animation&quot;:&quot;fadeIn&quot;,&quot;ekit_we_effect_on&quot;:&quot;none&quot;}\" data-widget_type=\"heading.default\">\n\t\t\t\t\t<h1 class=\"elementor-heading-title elementor-size-default\">Pol\u00edtica de Qualidade<\/h1>\t\t\t\t<\/div>\n\t\t\t\t\t<\/div>\n\t\t<\/div>\n\t\t\t\t<div class=\"elementor-column elementor-col-50 elementor-top-column elementor-element elementor-element-b5cbe24\" data-id=\"b5cbe24\" data-element_type=\"column\" data-e-type=\"column\" data-settings=\"{&quot;background_background&quot;:&quot;classic&quot;}\">\n\t\t\t<div class=\"elementor-widget-wrap\">\n\t\t\t\t\t\t\t<\/div>\n\t\t<\/div>\n\t\t\t\t\t<\/div>\n\t\t<\/section>\n\t\t\t\t<section class=\"elementor-section elementor-top-section elementor-element elementor-element-8a800ca elementor-section-boxed elementor-section-height-default elementor-section-height-default\" data-id=\"8a800ca\" data-element_type=\"section\" data-e-type=\"section\" data-settings=\"{&quot;ekit_has_onepagescroll_dot&quot;:&quot;yes&quot;}\">\n\t\t\t\t\t\t<div class=\"elementor-container elementor-column-gap-default\">\n\t\t\t\t\t<div class=\"elementor-column elementor-col-100 elementor-top-column elementor-element elementor-element-f4c19d2\" data-id=\"f4c19d2\" data-element_type=\"column\" data-e-type=\"column\">\n\t\t\t<div class=\"elementor-widget-wrap elementor-element-populated\">\n\t\t\t\t\t\t<div class=\"elementor-element elementor-element-a254fa7 elementor-widget elementor-widget-text-editor\" data-id=\"a254fa7\" data-element_type=\"widget\" data-e-type=\"widget\" data-settings=\"{&quot;ekit_we_effect_on&quot;:&quot;none&quot;}\" data-widget_type=\"text-editor.default\">\n\t\t\t\t\t\t\t\t\t<h2><strong>Pol\u00edtica de Qualidade PIB Group Iberia<\/strong><\/h2><p>Com a presente declara\u00e7\u00e3o, o Presidente do PIB Group Iberia pretende expressar formalmente a pol\u00edtica de qualidade da nossa entidade.<\/p><p>O objetivo principal do Sistema de Gest\u00e3o da Qualidade \u00e9 garantir a qualidade de todos os servi\u00e7os prestados pelo PIB Group Iberia, de modo a satisfazer ao m\u00e1ximo as necessidades dos nossos clientes e a estar em conformidade com os procedimentos que previamente estabelecemos, ap\u00f3s decis\u00e3o do Comit\u00e9 de Dire\u00e7\u00e3o.<\/p><p>Atrav\u00e9s desta declara\u00e7\u00e3o de pol\u00edtica de qualidade, a Dire\u00e7\u00e3o da PIB Group Iberia compromete-se, com o apoio de todo o pessoal da empresa, a cumprir todos os requisitos legais e regulamentares a que a nossa atividade est\u00e1 sujeita, bem como os requisitos colocados pelos nossos clientes. Tudo isto num contexto de compromisso com a melhoria cont\u00ednua da efici\u00eancia do sistema de gest\u00e3o da qualidade.<\/p><p>As consequ\u00eancias derivadas da implementa\u00e7\u00e3o do Sistema de Gest\u00e3o da Qualidade s\u00e3o uma maior efic\u00e1cia e efici\u00eancia no funcionamento geral da Corretagem (o que acarreta um melhor servi\u00e7o e maior satisfa\u00e7\u00e3o dos nossos clientes), bem como uma diminui\u00e7\u00e3o de incidentes e de poss\u00edveis reclama\u00e7\u00f5es.<\/p><p>O Sistema de Gest\u00e3o da Qualidade comporta o estabelecimento de um conjunto de a\u00e7\u00f5es destinadas a prevenir potenciais incidentes. Estas atua\u00e7\u00f5es, acompanhadas da necess\u00e1ria forma\u00e7\u00e3o da equipa, contribuem para o desenvolvimento do sistema de melhoria cont\u00ednua.<\/p><p>A obten\u00e7\u00e3o do n\u00edvel de qualidade desejado requer o compromisso e a participa\u00e7\u00e3o de toda a equipa humana da PIB Group Iberia atrav\u00e9s da aplica\u00e7\u00e3o adequada de procedimentos, gerais e espec\u00edficos, bem como de instru\u00e7\u00f5es elaboradas para o tratamento de todos os aspetos relacionados com a Qualidade.<\/p><p>Sendo um objetivo da empresa a melhoria dos seus resultados (n\u00e3o s\u00f3 econ\u00f3micos) minimizando as incid\u00eancias, a Dire\u00e7\u00e3o fixa uns objetivos espec\u00edficos que s\u00e3o avaliados e revistos anualmente em fun\u00e7\u00e3o da evolu\u00e7\u00e3o prevista do contexto social em que atuamos. A organiza\u00e7\u00e3o compromete-se, em consequ\u00eancia, a facultar todos os recursos, tanto materiais como humanos, necess\u00e1rios para a consecu\u00e7\u00e3o de tais objetivos.<\/p><p>Assinado:<br \/>Data: 10\/02\/2020<br \/>D. Mart\u00edn Navaz Guinea<br \/>Presidente<br \/>PIB Group Iberia Corredur\u00eda de Seguros e Resseguros, S.A.U.<\/p><h2>Pol\u00edtica de Qualidade Conbenefits<\/h2><p>Com a presente declara\u00e7\u00e3o, o Presidente da CONBENEFITS pretende expressar formalmente a pol\u00edtica de qualidade da nossa entidade.<br \/>O objetivo principal do Sistema de Gest\u00e3o de Qualidade \u00e9 garantir a qualidade de todos os servi\u00e7os prestados pela CONBENEFITS, de forma a satisfazer ao m\u00e1ximo as necessidades dos nossos clientes e a estar em conformidade com os procedimentos que previamente estabelecemos, ap\u00f3s decis\u00e3o do Comit\u00e9 de Dire\u00e7\u00e3o.<\/p><p>Atrav\u00e9s desta declara\u00e7\u00e3o de pol\u00edtica de qualidade, a Dire\u00e7\u00e3o da CONBENEFITS compromete-se, com o concurso de todo o pessoal da empresa, a cumprir todos os requisitos legais e regulamentares a que a nossa atividade est\u00e1 sujeita, bem como os requisitos definidos pelos nossos clientes. Tudo isto num contexto de compromisso com a melhoria cont\u00ednua da efici\u00eancia do sistema de gest\u00e3o da qualidade.<br \/>As consequ\u00eancias derivadas da implementa\u00e7\u00e3o do Sistema de Gest\u00e3o da Qualidade s\u00e3o uma maior efic\u00e1cia e efici\u00eancia no funcionamento geral da empresa (o que acarreta um melhor servi\u00e7o e maior satisfa\u00e7\u00e3o dos nossos clientes), assim como uma diminui\u00e7\u00e3o de incidentes e de poss\u00edveis reclama\u00e7\u00f5es.<\/p><p>O Sistema de Gest\u00e3o da Qualidade comporta o estabelecimento de um conjunto de a\u00e7\u00f5es destinadas a prevenir potenciais incidentes. Estas atua\u00e7\u00f5es, acompanhadas da necess\u00e1ria forma\u00e7\u00e3o da equipa, contribuem para o desenvolvimento do sistema de melhoria cont\u00ednua.<br \/>A obten\u00e7\u00e3o do n\u00edvel de qualidade desejado exige o empenho e a participa\u00e7\u00e3o de toda a equipa humana da CONBENEFITS atrav\u00e9s da aplica\u00e7\u00e3o adequada de procedimentos, gerais e espec\u00edficos, bem como de instru\u00e7\u00f5es elaboradas para o tratamento de todos os aspetos relacionados com a Qualidade.<\/p><p>Sendo um objetivo da empresa a melhoria dos seus resultados (n\u00e3o s\u00f3 econ\u00f3micos) minimizando as incid\u00eancias, a Dire\u00e7\u00e3o fixa uns objetivos espec\u00edficos que s\u00e3o avaliados e revistos anualmente em fun\u00e7\u00e3o da evolu\u00e7\u00e3o prevista do contexto social em que atuamos. A organiza\u00e7\u00e3o compromete-se, em consequ\u00eancia, a facultar todos os recursos, tanto materiais como humanos, necess\u00e1rios para a consecu\u00e7\u00e3o de tais objetivos.<\/p><p>Assinado: Data: 22\/01\/2021<br \/>D. Mart\u00edn Navaz Guinea<br \/>Presidente<br \/>CONBENEFITS S.L.<\/p><p>Pode solicitar mais informa\u00e7\u00f5es relativas \u00e0 fus\u00e3o legal destas companhias a partir daqui:<\/p><p>\u00a0<\/p>\t\t\t\t\t\t\t\t<\/div>\n\t\t\t\t\t<\/div>\n\t\t<\/div>\n\t\t\t\t\t<\/div>\n\t\t<\/section>\n\t\t\t\t<\/div>","protected":false},"excerpt":{"rendered":"<p>Pol\u00edtica de Calidad Pol\u00edtica de calidad PIB Group Iberia Con la presente declaraci\u00f3n el Presidente de PIB Group Iberia quiere expresar formalmente la pol\u00edtica de calidad de nuestra entidad. El objetivo principal del Sistema de Gesti\u00f3n de Calidad es garantizar la calidad de todos los servicios que presta PIB Group Iberia de manera que satisfagan [&hellip;]<\/p>\n","protected":false},"author":8,"featured_media":0,"parent":5682,"menu_order":0,"comment_status":"closed","ping_status":"closed","template":"elementor_header_footer","meta":{"yasr_overall_rating":0,"yasr_post_is_review":"","yasr_auto_insert_disabled":"","yasr_review_type":"","footnotes":""},"class_list":["post-12731","page","type-page","status-publish","hentry"],"yasr_visitor_votes":{"stars_attributes":{"read_only":false,"span_bottom":false},"number_of_votes":0,"sum_votes":0},"_links":{"self":[{"href":"https:\/\/pibgroupiberia.com\/pt\/wp-json\/wp\/v2\/pages\/12731","targetHints":{"allow":["GET"]}}],"collection":[{"href":"https:\/\/pibgroupiberia.com\/pt\/wp-json\/wp\/v2\/pages"}],"about":[{"href":"https:\/\/pibgroupiberia.com\/pt\/wp-json\/wp\/v2\/types\/page"}],"author":[{"embeddable":true,"href":"https:\/\/pibgroupiberia.com\/pt\/wp-json\/wp\/v2\/users\/8"}],"replies":[{"embeddable":true,"href":"https:\/\/pibgroupiberia.com\/pt\/wp-json\/wp\/v2\/comments?post=12731"}],"version-history":[{"count":0,"href":"https:\/\/pibgroupiberia.com\/pt\/wp-json\/wp\/v2\/pages\/12731\/revisions"}],"up":[{"embeddable":true,"href":"https:\/\/pibgroupiberia.com\/pt\/wp-json\/wp\/v2\/pages\/5682"}],"wp:attachment":[{"href":"https:\/\/pibgroupiberia.com\/pt\/wp-json\/wp\/v2\/media?parent=12731"}],"curies":[{"name":"wp","href":"https:\/\/api.w.org\/{rel}","templated":true}]}}