{"id":1675,"date":"2024-05-21T14:51:46","date_gmt":"2024-05-21T12:51:46","guid":{"rendered":"http:\/\/localhost:10040\/?page_id=1675"},"modified":"2026-04-14T08:21:27","modified_gmt":"2026-04-14T06:21:27","slug":"politica-de-privacidade","status":"publish","type":"page","link":"https:\/\/pibgroupiberia.com\/pt\/corporativo\/politica-de-privacidad\/","title":{"rendered":"Pol\u00edtica de Privacidade"},"content":{"rendered":"<div data-elementor-type=\"wp-page\" data-elementor-id=\"1675\" class=\"elementor elementor-1675\" data-elementor-post-type=\"page\">\n\t\t\t\t\t\t<section class=\"elementor-section elementor-top-section elementor-element elementor-element-17352d3 elementor-section-full_width elementor-section-height-default elementor-section-height-default\" data-id=\"17352d3\" data-element_type=\"section\" data-e-type=\"section\" data-settings=\"{&quot;background_background&quot;:&quot;classic&quot;,&quot;ekit_has_onepagescroll_dot&quot;:&quot;yes&quot;}\">\n\t\t\t\t\t\t<div class=\"elementor-container elementor-column-gap-default\">\n\t\t\t\t\t<div class=\"elementor-column elementor-col-50 elementor-top-column elementor-element elementor-element-6a4b078\" data-id=\"6a4b078\" data-element_type=\"column\" data-e-type=\"column\" data-settings=\"{&quot;background_background&quot;:&quot;classic&quot;}\">\n\t\t\t<div class=\"elementor-widget-wrap elementor-element-populated\">\n\t\t\t\t\t\t<div class=\"elementor-element elementor-element-c86fac8 elementor-invisible elementor-widget elementor-widget-heading\" data-id=\"c86fac8\" data-element_type=\"widget\" data-e-type=\"widget\" data-settings=\"{&quot;_animation&quot;:&quot;fadeIn&quot;,&quot;ekit_we_effect_on&quot;:&quot;none&quot;}\" data-widget_type=\"heading.default\">\n\t\t\t\t\t<h1 class=\"elementor-heading-title elementor-size-default\">Privacidade<\/h1>\t\t\t\t<\/div>\n\t\t\t\t\t<\/div>\n\t\t<\/div>\n\t\t\t\t<div class=\"elementor-column elementor-col-50 elementor-top-column elementor-element elementor-element-b5cbe24\" data-id=\"b5cbe24\" data-element_type=\"column\" data-e-type=\"column\" data-settings=\"{&quot;background_background&quot;:&quot;classic&quot;}\">\n\t\t\t<div class=\"elementor-widget-wrap\">\n\t\t\t\t\t\t\t<\/div>\n\t\t<\/div>\n\t\t\t\t\t<\/div>\n\t\t<\/section>\n\t\t\t\t<section class=\"elementor-section elementor-top-section elementor-element elementor-element-8a800ca elementor-section-boxed elementor-section-height-default elementor-section-height-default\" data-id=\"8a800ca\" data-element_type=\"section\" data-e-type=\"section\" data-settings=\"{&quot;ekit_has_onepagescroll_dot&quot;:&quot;yes&quot;}\">\n\t\t\t\t\t\t<div class=\"elementor-container elementor-column-gap-default\">\n\t\t\t\t\t<div class=\"elementor-column elementor-col-100 elementor-top-column elementor-element elementor-element-f4c19d2\" data-id=\"f4c19d2\" data-element_type=\"column\" data-e-type=\"column\">\n\t\t\t<div class=\"elementor-widget-wrap elementor-element-populated\">\n\t\t\t\t\t\t<div class=\"elementor-element elementor-element-a254fa7 elementor-widget elementor-widget-text-editor\" data-id=\"a254fa7\" data-element_type=\"widget\" data-e-type=\"widget\" data-settings=\"{&quot;ekit_we_effect_on&quot;:&quot;none&quot;}\" data-widget_type=\"text-editor.default\">\n\t\t\t\t\t\t\t\t\t<p><strong>Pol\u00edtica de privacidade. Cl\u00e1usula informativa<\/strong><\/p><p>Em conformidade com o estabelecido em:<\/p><ul><li>O Regulamento (UE) 2016\/679, do Parlamento Europeu e do Conselho, de 27 de abril de 2016, relativo \u00e0 prote\u00e7\u00e3o das pessoas singulares no que diz respeito ao tratamento de dados pessoais e \u00e0 livre circula\u00e7\u00e3o desses dados. Doravante, \u201cRGPD\u201d<\/li><\/ul><ul><li>A Lei Org\u00e2nica 3\/2018, de 5 de dezembro, de Prote\u00e7\u00e3o de Dados Pessoais e garantia dos direitos digitais.<\/li><\/ul><ul><li>Lei 34\/2002, de 11 de julho, de servi\u00e7os da sociedade da informa\u00e7\u00e3o e de com\u00e9rcio eletr\u00f3nico.<\/li><\/ul><ul><li>O Real Decreto-Lei 3\/2020, de 4 de fevereiro, de medidas urgentes pelo qual se incorporam ao ordenamento jur\u00eddico espanhol diversas diretivas da Uni\u00e3o Europeia no \u00e2mbito da contrata\u00e7\u00e3o p\u00fablica em determinados setores; de seguros privados; de planos e fundos de pens\u00f5es; do \u00e2mbito tribut\u00e1rio e de lit\u00edgios fiscais.<\/li><\/ul><p>PIB GROUP IBERIA CORREDUR\u00cdA DE SEGUROS E RESSEGUROS, S.A.U. (doravante \u201c<em>PIB Group Ib\u00e9ria\u201d\u00a0<\/em>o\u00a0<em>\u201cA Companhia\u00a0<\/em>elaborou a presente pol\u00edtica de privacidade com a inten\u00e7\u00e3o de inform\u00e1-lo que os seus dados de car\u00e1cter pessoal ser\u00e3o objeto de tratamento no sentido disposto, entre outros, no artigo 4.2 do referido RGPD. Entendendo-se por tratamento de dados qualquer opera\u00e7\u00e3o ou conjunto de opera\u00e7\u00f5es realizadas sobre dados pessoais ou conjuntos de dados pessoais, quer por meios automatizados ou n\u00e3o, como a recolha, registo, organiza\u00e7\u00e3o, estrutura\u00e7\u00e3o, conserva\u00e7\u00e3o, adapta\u00e7\u00e3o ou modifica\u00e7\u00e3o, extra\u00e7\u00e3o, consulta, utiliza\u00e7\u00e3o, comunica\u00e7\u00e3o por transmiss\u00e3o, difus\u00e3o ou qualquer outra forma de disponibiliza\u00e7\u00e3o de acesso, correspond\u00eancia ou interconex\u00e3o, limita\u00e7\u00e3o, elimina\u00e7\u00e3o ou destrui\u00e7\u00e3o.<\/p><p>Assim, a Companhia atualizar\u00e1 a pol\u00edtica de privacidade neste website atendendo \u00e0 evolu\u00e7\u00e3o legal e jurisprudencial relativa a esta mat\u00e9ria.<\/p><p><strong>Respons\u00e1vel pelo tratamento de dados e meios de contacto<\/strong><\/p><p>O respons\u00e1vel pelo tratamento dos seus dados \u00e9 a PIB GROUP IBERIA CORREDUR\u00cdA DE SEGUROS Y REASEGUROS, S.A.U., com N.I.F. A58564816 e sede social em C\/ Aribau n\u00ba 200, 3\u00ba Piso, 08036 Barcelona; empresa que faz parte da sociedade\u00a0<em>PIB Group Limited<\/em>, registada em Inglaterra e Pa\u00eds de Gales, com o n\u00ba 09900466, e sede em Rossington\u2019s Business Park, West Carr Road, Retford, Nottinghamshire, DN22 7SW.<\/p><p>Com o objetivo de preservar a privacidade dos seus dados pessoais e de garantir um tratamento adequado dos mesmos, a Empresa designou um Encarregado de Prote\u00e7\u00e3o de Dados, cuja responsabilidade \u00e9 supervisionar a implementa\u00e7\u00e3o das pol\u00edticas de prote\u00e7\u00e3o de dados pessoais. Assim, pode contactar o Servi\u00e7o de Atendimento ao Cliente do respons\u00e1vel atrav\u00e9s do n\u00famero de telefone gratuito 933.065.353 ou atrav\u00e9s do seguinte endere\u00e7o de correio eletr\u00f3nico:\u00a0<a href=\"mailto:delegado.protecciondatos@pib-insurance.es\">delegado.protecciondatos@pib-insurance.es<\/a>\u00a0sempre que a sua consulta for relativa \u00e0 privacidade no tratamento dos seus dados pessoais.<\/p><p><strong>Finalidades e bases de legitimidade para o tratamento de dados pessoais<\/strong><\/p><p>Em conformidade com a Lei Org\u00e2nica 3\/2018 de Prote\u00e7\u00e3o de Dados Pessoais e Garantia dos Direitos Digitais, o RGPD (UE 679\/2016) e o RDL 3\/2020, informamos que os seus dados pessoais ser\u00e3o tratados pelo PIB Group Iberia na qualidade de Respons\u00e1vel pelo Tratamento.<\/p><table><tbody><tr><td><p>FINALIDADES DO TRATAMENTO<\/p><\/td><td><p>BASES LEGALIZADORAS DO TRATAMENTO<\/p><\/td><\/tr><tr><td><p>Execu\u00e7\u00e3o integral do contrato de seguro e do contrato de intermedia\u00e7\u00e3o de seguros, manuten\u00e7\u00e3o da rela\u00e7\u00e3o estabelecida entre a PIB Group Iberia e Vd, aconselhamento e informa\u00e7\u00e3o sobre as condi\u00e7\u00f5es dos contratos de seguro e produtos financeiros e assist\u00eancia em caso de sinistro.<\/p><\/td><td><p>A execu\u00e7\u00e3o do contrato em que V. Exa. \u00e9 parte.<\/p><\/td><\/tr><tr><td><p>Grava\u00e7\u00e3o da sua voz quando necess\u00e1rio para:<\/p><p>1. A correta execu\u00e7\u00e3o do contrato,<\/p><p>2.  Manter a qualidade do servi\u00e7o.<\/p><p>3. Preven\u00e7\u00e3o, investiga\u00e7\u00e3o e dete\u00e7\u00e3o de fraude.<\/p><\/td><td><p>As bases de legitima\u00e7\u00e3o para as finalidades descritas s\u00e3o:<\/p><p>A execu\u00e7\u00e3o do contrato em que V. Exa. \u00e9 parte,<\/p><p>2. O interesse leg\u00edtimo do Respons\u00e1vel pelo Tratamento em manter e garantir a qualidade do servi\u00e7o.<\/p><p>3. O cumprimento de obriga\u00e7\u00f5es legais da Corretagem, de acordo com a normativa em vigor e aplic\u00e1vel em cada momento.<\/p><\/td><\/tr><tr><td><p>Preven\u00e7\u00e3o, investiga\u00e7\u00e3o e dete\u00e7\u00e3o de fraude e a obten\u00e7\u00e3o e comunica\u00e7\u00e3o de informa\u00e7\u00e3o \u00e0s autoridades reguladoras competentes nos casos legalmente estabelecidos.<\/p><\/td><td><p>O cumprimento das obriga\u00e7\u00f5es legais da Corretagem, de acordo com a regulamenta\u00e7\u00e3o em vigor e aplic\u00e1vel em cada momento.<\/p><\/td><\/tr><tr><td><p>Envio de comunica\u00e7\u00f5es comerciais por qualquer via, incluindo comunica\u00e7\u00f5es eletr\u00f3nicas ou equivalente, sobre produtos de seguros e\/ou financeiros intermediados pela PIB Group Iberia, mesmo durante os doze (12) meses posteriores \u00e0 cessa\u00e7\u00e3o da rela\u00e7\u00e3o contratual com a Companhia.<\/p><\/td><td><p>O interesse leg\u00edtimo do Respons\u00e1vel pelo Tratamento em promover a contrata\u00e7\u00e3o de produtos similares aos que, em determinado momento, possam ser objeto de contrata\u00e7\u00e3o. Lembramos a sua possibilidade de se opor a este tratamento de dados.<\/p><\/td><\/tr><tr><td><p>Elabora\u00e7\u00e3o de perfis com dados pessoais dos interessados para o envio de comunica\u00e7\u00f5es comerciais personalizadas de acordo com as caracter\u00edsticas, prefer\u00eancias, necessidades e tend\u00eancias do interessado.<\/p><\/td><td><p>O consentimento expresso do titular.<\/p><\/td><\/tr><tr><td><p>Envio de inqu\u00e9ritos de satisfa\u00e7\u00e3o aos clientes, sobre os servi\u00e7os oferecidos pela Corretora.<\/p><\/td><td><p>O interesse leg\u00edtimo da Corretagem em conhecer a satisfa\u00e7\u00e3o dos clientes em rela\u00e7\u00e3o aos servi\u00e7os prestados pela mesma, com o objetivo de melhor\u00e1-la.<\/p><\/td><\/tr><tr><td><p>Envio de comunica\u00e7\u00f5es comerciais, por qualquer via, por parte de qualquer uma das empresas do PIB Group Iberia.<\/p><\/td><td><p>O consentimento expresso do titular.<\/p><\/td><\/tr><tr><td><p>Comunica\u00e7\u00e3o dos dados pessoais do titular dos dados a empresas que fa\u00e7am parte do PIB Group Iberia, para fins administrativos internos, incluindo o tratamento de dados pessoais de clientes e colaboradores.<\/p><\/td><td><p>O interesse leg\u00edtimo do Respons\u00e1vel pelo Tratamento para fins administrativos internos. Recordamos-lhe a sua possibilidade de se opor a este tratamento de dados.<\/p><\/td><\/tr><tr><td><p>Comunica\u00e7\u00e3o dos dados pessoais do titular a fornecedores de servi\u00e7os do PIB Group Iberia, incluindo o tratamento de dados pessoais de clientes e colaboradores.<\/p><\/td><td><p>Consentimento expresso do titular.<\/p><\/td><\/tr><tr><td><p>Comunica\u00e7\u00e3o dos seus dados a empresas colaboradoras do PIB Group Iberia (como, por exemplo, entidades seguradoras), caso V. Exa., enquanto Cliente do Respons\u00e1vel pelo Tratamento, contrate algum dos produtos e\/ou servi\u00e7os comercializados pelo PIB Group Iberia.<\/p><\/td><td><p>A execu\u00e7\u00e3o correta do contrato.<\/p><\/td><\/tr><\/tbody><\/table><p>\u00a0<\/p><p>A falta de entrega da informa\u00e7\u00e3o requerida acarreta a impossibilidade de subscri\u00e7\u00e3o e cumprimento do contrato. Caso nos forne\u00e7a dados de terceiros singulares, dever\u00e1, antes de os comunicar \u00e0 Corretora, assegurar-se de que cumpriu as obriga\u00e7\u00f5es em vigor em mat\u00e9ria de prote\u00e7\u00e3o de dados em cada momento.<\/p><p>Os dados pessoais foram obtidos de si (ou do tomador do seguro) e a categoria de dados a que pertencem \u00e9: dados de identifica\u00e7\u00e3o e contacto; a voz, dados banc\u00e1rios; dados de sa\u00fade (se necess\u00e1rio) e quaisquer dados que sejam necess\u00e1rios para a avalia\u00e7\u00e3o do risco segur\u00e1vel, bem como para a consecu\u00e7\u00e3o das finalidades indicadas anteriormente.<\/p><p><strong>Cess\u00e3o de dados pessoais.<\/strong><\/p><p>De acordo com o n.\u00ba 1 do artigo 99.\u00ba da Lei 20\/2015 de Ordena\u00e7\u00e3o, Supervis\u00e3o e Solv\u00eancia das Entidades Seguradoras e Resseguradoras, a PIB Group Iberia poder\u00e1 ceder os seus dados pessoais \u00e0 seguradora selecionada por si para efeitos de garantir o pleno desenvolvimento do contrato de seguro e o cumprimento das obriga\u00e7\u00f5es legais. Poder\u00e1 tamb\u00e9m ced\u00ea-los a entidades, organismos ou pessoas legitimadas para a resolu\u00e7\u00e3o e tramita\u00e7\u00e3o de sinistros; a entidades que participem na cobertura da sua ap\u00f3lice (servi\u00e7os jur\u00eddicos e sanit\u00e1rios); a ju\u00edzos, tribunais ou administra\u00e7\u00f5es p\u00fablicas caso sejam requeridos.<\/p><p>Assim, a Companhia poder\u00e1 comunicar os seus dados pessoais a:<\/p><p>1.- Empresas que fa\u00e7am parte do PIB Group Iberia, para fins administrativos internos, incluindo o tratamento de dados pessoais de clientes e empregados, com a finalidade de gerir internamente o servi\u00e7o prestado e a manuten\u00e7\u00e3o da rela\u00e7\u00e3o contratual. Esta cess\u00e3o encontra-se amparada no interesse leg\u00edtimo (em virtude do recolhido no considerando 48 do RGPD), pelo que n\u00e3o ser\u00e1 necess\u00e1rio solicitar o seu consentimento expresso para esta opera\u00e7\u00e3o.<\/p><p>2.- Empresas que sejam fornecedoras de servi\u00e7os do PIB Group Iberia, incluindo o tratamento de dados pessoais de clientes e colaboradores com a finalidade de gerir a oferta de servi\u00e7os de terceiros. Esta cess\u00e3o encontra-se amparada no consentimento expresso.<\/p><p>Lembramos-lhe da sua possibilidade de se opor a estes tratamentos de dados.<\/p><p><strong>Transfer\u00eancias internacionais de dados<\/strong><\/p><p>A PIB Group Iberia, como parte do grupo de empresas da PIB Group Limited, \u00e9 uma organiza\u00e7\u00e3o que opera em diferentes pa\u00edses, podendo transferir internacionalmente determinada informa\u00e7\u00e3o pessoal sobre si com a finalidade exclusiva de cumprir o contrato celebrado. Em particular, a PIB Group Iberia pode realizar tais transfer\u00eancias para administrar e gerir os servi\u00e7os que lhe s\u00e3o prestados e melhorar a efici\u00eancia das opera\u00e7\u00f5es comerciais. A Companhia tomar\u00e1 as medidas adequadas para garantir que as transfer\u00eancias cumprem toda a normativa de prote\u00e7\u00e3o de dados aplic\u00e1vel.<\/p><p>No caso de transfer\u00eancias de dados pessoais para pa\u00edses fora do Espa\u00e7o Econ\u00f3mico Europeu para efeitos de tratamento, essas transfer\u00eancias ser\u00e3o efectuadas preferencialmente para pa\u00edses que a Comiss\u00e3o Europeia considere oferecerem garantias adequadas em mat\u00e9ria de prote\u00e7\u00e3o de dados (\u00abtransfer\u00eancias baseadas numa decis\u00e3o de adequa\u00e7\u00e3o\u00bb). Em particular, os seus dados podem ser transferidos para os EUA e para o Reino Unido, territ\u00f3rios nos quais est\u00e3o sediados os fundos que controlam o PIB Group Limited e a plataforma Lexis Nexis, que utilizamos para verificar os dados para fins de preven\u00e7\u00e3o de fraudes e de branqueamento de capitais. A este respeito, note-se que ambos os territ\u00f3rios t\u00eam uma decis\u00e3o de adequa\u00e7\u00e3o da Comiss\u00e3o Europeia. Noutros casos, quando os seus dados s\u00e3o transferidos para territ\u00f3rios sem uma decis\u00e3o de adequa\u00e7\u00e3o ou para entidades que n\u00e3o aderem ao Quadro de Privacidade de Dados UE-EUA, adoptaremos salvaguardas adequadas (\u00abtransfer\u00eancias baseadas na presta\u00e7\u00e3o de salvaguardas adequadas\u00bb), nomeadamente atrav\u00e9s da celebra\u00e7\u00e3o de cl\u00e1usulas contratuais-tipo, em conformidade com o artigo 46.<\/p><p>Nos casos em que n\u00e3o exista uma decis\u00e3o de adequa\u00e7\u00e3o ou n\u00e3o sejam fornecidas garantias adequadas, de acordo com o Art. 49\u00ba do RGPD, poderemos transferir os seus dados pessoais para um pa\u00eds terceiro ou organiza\u00e7\u00e3o internacional quando: (i) tivermos o seu consentimento expl\u00edcito para a transfer\u00eancia proposta; (ii) a transfer\u00eancia for necess\u00e1ria para a execu\u00e7\u00e3o do contrato que temos em vigor consigo ou para a execu\u00e7\u00e3o de medidas pr\u00e9-contratuais que nos tenha solicitado; (iii) a transfer\u00eancia for necess\u00e1ria para a celebra\u00e7\u00e3o ou execu\u00e7\u00e3o de um contrato entre PIB Group Iberia e outra pessoa singular ou colectiva, no seu interesse; (iv) for necess\u00e1ria para a execu\u00e7\u00e3o de um contrato entre PIB Group Iberia e outra pessoa singular ou colectiva, no seu interesse; ou (v) for necess\u00e1ria para a execu\u00e7\u00e3o de um contrato entre PIB Group Iberia e outra pessoa singular ou colectiva, no seu interesse, (iii) a transfer\u00eancia for necess\u00e1ria para a celebra\u00e7\u00e3o ou execu\u00e7\u00e3o de um contrato entre PIB Group Iberia e outra pessoa singular ou colectiva, no seu interesse; (iv) a transfer\u00eancia for necess\u00e1ria por motivos importantes de interesse p\u00fablico ou para a prote\u00e7\u00e3o dos seus interesses vitais, ou os de outras pessoas, desde que esteja f\u00edsica ou legalmente incapacitado de exercer os seus direitos em rela\u00e7\u00e3o aos seus dados pessoais; (v) a transfer\u00eancia for necess\u00e1ria para a prote\u00e7\u00e3o dos seus interesses vitais, ou os de outras pessoas, desde que esteja f\u00edsica ou legalmente incapacitado de exercer os seus direitos em rela\u00e7\u00e3o aos seus dados pessoais; ou (vi) a transfer\u00eancia for necess\u00e1ria para a prote\u00e7\u00e3o dos seus interesses vitais. (vi) nos casos em que a transfer\u00eancia \u00e9 efectuada a partir de um registo p\u00fablico que, nos termos da legisla\u00e7\u00e3o da Uni\u00e3o ou dos Estados-Membros, se destina a fornecer informa\u00e7\u00f5es ao p\u00fablico e est\u00e1 aberto \u00e0 inspe\u00e7\u00e3o pelo p\u00fablico em geral ou por qualquer pessoa que possa demonstrar um interesse leg\u00edtimo, desde que estejam preenchidas as condi\u00e7\u00f5es estabelecidas na legisla\u00e7\u00e3o da Uni\u00e3o ou dos Estados-Membros para a inspe\u00e7\u00e3o.<\/p><p>Se desejar mais informa\u00e7\u00f5es sobre o tratamento dos seus dados pessoais, pode contactar-nos atrav\u00e9s do endere\u00e7o de correio\u00a0<a href=\"mailto:delegado.protecciondatos@pib-insurance.es\">delegado.protecciondatos@pib-insurance.es<\/a><\/p><p><strong>Conserva\u00e7\u00e3o, cancelamento e elimina\u00e7\u00e3o de dados pessoais<\/strong><\/p><p>Informamos que os dados pessoais que nos facultar ser\u00e3o conservados enquanto subsistir a finalidade indicada e at\u00e9 ao vencimento dos prazos de prescri\u00e7\u00e3o das a\u00e7\u00f5es que pudessem derivar do cumprimento do contrato de seguro, uma vez vencido este por qualquer causa e\/ou encerramento de sinistros abertos, sendo bloqueados quando deixarem de ser pertinentes para o cumprimento de tal finalidade. Lembramos que tem o direito de obter confirma\u00e7\u00e3o sobre se tratamos os seus dados pessoais.<\/p><p>Quando a supress\u00e3o derivar do exerc\u00edcio do direito de oposi\u00e7\u00e3o previsto no artigo 21.\u00ba, n.\u00ba 2, do RGPD, o Respons\u00e1vel pelo Tratamento poder\u00e1 conservar os dados identificativos do titular para impedir futuros tratamentos para fins de marketing direto.<\/p><p><strong>Dilig\u00eancia devida na gest\u00e3o dos dados pessoais<\/strong><\/p><p>A Empresa cumpre as medidas legais de seguran\u00e7a de prote\u00e7\u00e3o de dados pessoais tendo adotado todas as medidas razoavelmente exig\u00edveis de acordo com os conhecimentos t\u00e9cnicos atuais para evitar a perda, mau uso, altera\u00e7\u00e3o, intrus\u00e3o ileg\u00edtima e subtra\u00e7\u00e3o dos dados pessoais fornecidos. Em qualquer caso, deve saber que a internet n\u00e3o \u00e9 um meio totalmente seguro e\/ou inexpugn\u00e1vel.<\/p><p><strong>Direitos que pode exercer em rela\u00e7\u00e3o ao tratamento dos seus dados pessoais<\/strong><\/p><p>Tem o direito de retirar o seu consentimento a qualquer momento, desde que o tratamento n\u00e3o seja necess\u00e1rio para o cumprimento do contrato de seguro. No entanto, a retirada de tal consentimento n\u00e3o afeta a licitude do tratamento com base no consentimento contratual pr\u00e9vio.<\/p><p>Pode exercer os seguintes direitos em mat\u00e9ria de prote\u00e7\u00e3o de dados:<\/p><p><strong>De acesso<\/strong>o direito de dirigir-se ao respons\u00e1vel pelo tratamento para saber se est\u00e1 ou n\u00e3o a tratar os seus dados de car\u00e1cter pessoal e obter informa\u00e7\u00f5es a esse respeito.<\/p><p><strong>De retifica\u00e7\u00e3o<\/strong>: Pretende-se obter a retifica\u00e7\u00e3o dos seus dados pessoais que sejam inexatos ou incompletos.<\/p><p><strong>De supress\u00e3o ou \u201cao esquecimento\u201d<\/strong>: Os Interessados podem requerer que a Empresa elimine os seus dados pessoais quando: (i) os dados pessoais j\u00e1 n\u00e3o sejam necess\u00e1rios em rela\u00e7\u00e3o \u00e0s finalidades para as quais foram recolhidos inicialmente, (ii) quando retire o seu consentimento (se o tratamento de dados se basear no consentimento), (iii) quando tenha exercido com sucesso o seu direito de oposi\u00e7\u00e3o, (iv) quando os seus dados pessoais tenham sido tratados ilicitamente e (v) quando a Empresa tenha de cumprir uma obriga\u00e7\u00e3o legal.<\/p><p><strong>De limita\u00e7\u00e3o:<\/strong>\u00a0Poder\u00e1 solicitar a limita\u00e7\u00e3o do tratamento dos seus dados pessoais efetuado pelo respons\u00e1vel quando forem cumpridas as seguintes condi\u00e7\u00f5es: (i) quando contestar a exatid\u00e3o dos seus dados pessoais, num prazo que permita ao respons\u00e1vel a sua verifica\u00e7\u00e3o, (ii) quando se tenha oposto ao tratamento que o respons\u00e1vel efetua dos seus dados pessoais com fundamento no interesse leg\u00edtimo ou p\u00fablico, enquanto se verificam os motivos alegados. (iv) Quando o respons\u00e1vel j\u00e1 n\u00e3o necessite dos dados pessoais para os fins do tratamento, mas o interessado necessite deles para a formula\u00e7\u00e3o, o exerc\u00edcio ou a defesa de reclama\u00e7\u00f5es.<\/p><p><strong>Direito \u00e0 portabilidade<\/strong>: Direito a receber informa\u00e7\u00e3o sobre o tratamento automatizado dos seus dados pessoais, num formato estruturado, de uso corrente, leg\u00edvel por m\u00e1quina e interoper\u00e1vel, podendo transmiti-los a outro respons\u00e1vel pelo tratamento, desde que o tratamento se legitime com base no consentimento ou no \u00e2mbito da execu\u00e7\u00e3o de um contrato.<\/p><p>Este direito n\u00e3o poder\u00e1 ser aplicado quando o tratamento for necess\u00e1rio para o cumprimento de uma miss\u00e3o de interesse p\u00fablico ou no exerc\u00edcio de poderes p\u00fablicos de que est\u00e1 investido o respons\u00e1vel.<\/p><p>Esses direitos, assim como o envio de reclama\u00e7\u00f5es, poder\u00e3o ser exercidos atrav\u00e9s do seguinte endere\u00e7o de e-mail,\u00a0<a href=\"mailto:delegado.protecciondatos@pib-insurance.es\">delegado.protecciondatos@pib-insurance.es<\/a>, na morada C\/ Aribau, 200, 3\u00ba, 08036 Barcelona, devendo identificar-se indicando o seu nome e apelidos completos, bem como n\u00famero de DNI (ou documento de identifica\u00e7\u00e3o pessoal v\u00e1lido), assim como qualquer outro dado pessoal que o identifique inequivocamente como cliente da PIB Group Iberia, tais como endere\u00e7o de correio eletr\u00f3nico, endere\u00e7o postal, etc., em conjunto com o pedido do direito em causa.<\/p><p>Assim sendo, informamo-lo que a Empresa, antes de lhe oferecer informa\u00e7\u00e3o ou facilitar o exerc\u00edcio dos seus direitos, poder\u00e1 realizar diversas tarefas com vista a verificar a sua identidade ou outros detalhes necess\u00e1rios para poder responder adequadamente ao seu pedido. Entraremos em contacto consigo num per\u00edodo m\u00e1ximo de 30 dias a partir da data do seu pedido.<\/p><p>Em \u00faltima inst\u00e2ncia, e em caso de n\u00e3o concordar com o exerc\u00edcio dos seus direitos, pode solicitar informa\u00e7\u00e3o e\/ou apresentar uma reclama\u00e7\u00e3o junto da Ag\u00eancia Espanhola de Prote\u00e7\u00e3o de Dados, com sede na rua Jorge Juan, n\u00ba 6, 28001 Madrid.\u201d<\/p><p>Ao utilizar este website, concorda que possamos colocar cookies no seu dispositivo, conforme descrito na sec\u00e7\u00e3o \u201cPol\u00edtica de Cookies\u201d.<\/p>\t\t\t\t\t\t\t\t<\/div>\n\t\t\t\t\t<\/div>\n\t\t<\/div>\n\t\t\t\t\t<\/div>\n\t\t<\/section>\n\t\t\t\t<\/div>","protected":false},"excerpt":{"rendered":"<p>Privacidad Pol\u00edtica de privacidad. Cl\u00e1usula informativa De conformidad con lo establecido en: El Reglamento (UE) 2016\/679, del Parlamento Europeo y del Consejo, de 27 de abril de 2016, relativo a la protecci\u00f3n de las personas f\u00edsicas en lo que respecta al tratamiento de datos personales y a la libre circulaci\u00f3n de estos datos. En adelante [&hellip;]<\/p>\n","protected":false},"author":11,"featured_media":0,"parent":5682,"menu_order":0,"comment_status":"closed","ping_status":"closed","template":"elementor_header_footer","meta":{"yasr_overall_rating":0,"yasr_post_is_review":"","yasr_auto_insert_disabled":"","yasr_review_type":"","footnotes":""},"class_list":["post-1675","page","type-page","status-publish","hentry"],"yasr_visitor_votes":{"stars_attributes":{"read_only":false,"span_bottom":false},"number_of_votes":0,"sum_votes":0},"_links":{"self":[{"href":"https:\/\/pibgroupiberia.com\/pt\/wp-json\/wp\/v2\/pages\/1675","targetHints":{"allow":["GET"]}}],"collection":[{"href":"https:\/\/pibgroupiberia.com\/pt\/wp-json\/wp\/v2\/pages"}],"about":[{"href":"https:\/\/pibgroupiberia.com\/pt\/wp-json\/wp\/v2\/types\/page"}],"author":[{"embeddable":true,"href":"https:\/\/pibgroupiberia.com\/pt\/wp-json\/wp\/v2\/users\/11"}],"replies":[{"embeddable":true,"href":"https:\/\/pibgroupiberia.com\/pt\/wp-json\/wp\/v2\/comments?post=1675"}],"version-history":[{"count":3,"href":"https:\/\/pibgroupiberia.com\/pt\/wp-json\/wp\/v2\/pages\/1675\/revisions"}],"predecessor-version":[{"id":20732,"href":"https:\/\/pibgroupiberia.com\/pt\/wp-json\/wp\/v2\/pages\/1675\/revisions\/20732"}],"up":[{"embeddable":true,"href":"https:\/\/pibgroupiberia.com\/pt\/wp-json\/wp\/v2\/pages\/5682"}],"wp:attachment":[{"href":"https:\/\/pibgroupiberia.com\/pt\/wp-json\/wp\/v2\/media?parent=1675"}],"curies":[{"name":"wp","href":"https:\/\/api.w.org\/{rel}","templated":true}]}}