{"id":1683,"date":"2024-05-21T14:53:51","date_gmt":"2024-05-21T12:53:51","guid":{"rendered":"http:\/\/localhost:10040\/?page_id=1683"},"modified":"2025-05-21T13:01:27","modified_gmt":"2025-05-21T11:01:27","slug":"politica-de-seguranca","status":"publish","type":"page","link":"https:\/\/pibgroupiberia.com\/pt\/corporativo\/politica-de-seguridad\/","title":{"rendered":"Pol\u00edtica de Seguran\u00e7a"},"content":{"rendered":"<div data-elementor-type=\"wp-page\" data-elementor-id=\"1683\" class=\"elementor elementor-1683\" data-elementor-post-type=\"page\">\n\t\t\t\t\t\t<section class=\"elementor-section elementor-top-section elementor-element elementor-element-17352d3 elementor-section-full_width elementor-section-height-default elementor-section-height-default\" data-id=\"17352d3\" data-element_type=\"section\" data-e-type=\"section\" data-settings=\"{&quot;background_background&quot;:&quot;classic&quot;,&quot;ekit_has_onepagescroll_dot&quot;:&quot;yes&quot;}\">\n\t\t\t\t\t\t<div class=\"elementor-container elementor-column-gap-default\">\n\t\t\t\t\t<div class=\"elementor-column elementor-col-50 elementor-top-column elementor-element elementor-element-6a4b078\" data-id=\"6a4b078\" data-element_type=\"column\" data-e-type=\"column\" data-settings=\"{&quot;background_background&quot;:&quot;classic&quot;}\">\n\t\t\t<div class=\"elementor-widget-wrap elementor-element-populated\">\n\t\t\t\t\t\t<div class=\"elementor-element elementor-element-c86fac8 elementor-invisible elementor-widget elementor-widget-heading\" data-id=\"c86fac8\" data-element_type=\"widget\" data-e-type=\"widget\" data-settings=\"{&quot;_animation&quot;:&quot;fadeIn&quot;,&quot;ekit_we_effect_on&quot;:&quot;none&quot;}\" data-widget_type=\"heading.default\">\n\t\t\t\t\t<h1 class=\"elementor-heading-title elementor-size-default\">Seguran\u00e7a<\/h1>\t\t\t\t<\/div>\n\t\t\t\t\t<\/div>\n\t\t<\/div>\n\t\t\t\t<div class=\"elementor-column elementor-col-50 elementor-top-column elementor-element elementor-element-b5cbe24\" data-id=\"b5cbe24\" data-element_type=\"column\" data-e-type=\"column\" data-settings=\"{&quot;background_background&quot;:&quot;classic&quot;}\">\n\t\t\t<div class=\"elementor-widget-wrap\">\n\t\t\t\t\t\t\t<\/div>\n\t\t<\/div>\n\t\t\t\t\t<\/div>\n\t\t<\/section>\n\t\t\t\t<section class=\"elementor-section elementor-top-section elementor-element elementor-element-8a800ca elementor-section-boxed elementor-section-height-default elementor-section-height-default\" data-id=\"8a800ca\" data-element_type=\"section\" data-e-type=\"section\" data-settings=\"{&quot;ekit_has_onepagescroll_dot&quot;:&quot;yes&quot;}\">\n\t\t\t\t\t\t<div class=\"elementor-container elementor-column-gap-default\">\n\t\t\t\t\t<div class=\"elementor-column elementor-col-100 elementor-top-column elementor-element elementor-element-f4c19d2\" data-id=\"f4c19d2\" data-element_type=\"column\" data-e-type=\"column\">\n\t\t\t<div class=\"elementor-widget-wrap elementor-element-populated\">\n\t\t\t\t\t\t<div class=\"elementor-element elementor-element-a254fa7 elementor-widget elementor-widget-text-editor\" data-id=\"a254fa7\" data-element_type=\"widget\" data-e-type=\"widget\" data-settings=\"{&quot;ekit_we_effect_on&quot;:&quot;none&quot;}\" data-widget_type=\"text-editor.default\">\n\t\t\t\t\t\t\t\t\t<h1><a name=\"_Toc191916595\"><\/a>Resumo executivo<\/h1><p>A seguran\u00e7a da informa\u00e7\u00e3o define-se como o quadro, processos e controlos definidos dentro do PIB Group Espa\u00f1a (doravante PIB) que procuram manter a <strong>confidencialidade<\/strong> -apenas quem for autorizado poder\u00e1 aceder \u00e0 informa\u00e7\u00e3o-, <strong>integridade<\/strong> -a informa\u00e7\u00e3o e o seu processamento s\u00e3o exatos e completos- e <strong>disponibilidade<\/strong> \u2013 a informa\u00e7\u00e3o e os seus ativos podem ser acedidos sempre que necess\u00e1rio \u2013 da informa\u00e7\u00e3o.<\/p><p>No contexto desta pol\u00edtica, a seguran\u00e7a da informa\u00e7\u00e3o est\u00e1 relacionada com a prote\u00e7\u00e3o e salvaguarda de todos os dados do PIB ao longo do seu ciclo de vida contra divulga\u00e7\u00e3o maliciosa ou acidental, modifica\u00e7\u00e3o ou destrui\u00e7\u00e3o. Por este motivo, esta pol\u00edtica abrange os sistemas de informa\u00e7\u00e3o e aplica\u00e7\u00f5es que armazenam, processam ou transferem tais dados. Da mesma forma, os documentos impressos e as notas manuscritas ou conversas devem ser adequadamente protegidos.<\/p><p>Por esta raz\u00e3o, o Comit\u00e9 de Dire\u00e7\u00e3o do PIB decidiu estabelecer um Sistema de Gest\u00e3o da Seguran\u00e7a da Informa\u00e7\u00e3o (SGSI) em todo o grupo, de modo a alcan\u00e7ar e manter os n\u00edveis adequados de seguran\u00e7a da informa\u00e7\u00e3o. O SGSI est\u00e1 alinhado com a norma internacionalmente reconhecida ISO 27001:2022. Al\u00e9m disso, tem em conta as Diretrizes sobre Governa\u00e7\u00e3o e Seguran\u00e7a das Tecnologias da Informa\u00e7\u00e3o da EIOPA (doravante denominadas DGSEIOPA).<\/p><p>Este documento define os princ\u00edpios de seguran\u00e7a da informa\u00e7\u00e3o para todo o Grupo e, como tal, tem em considera\u00e7\u00e3o os requisitos legais e regulamentares aplic\u00e1veis.<\/p><p>Adicionalmente, a \u2018Pol\u00edtica de Continuidade de Neg\u00f3cios\u2019 estabelece os requisitos m\u00ednimos, os objetivos, as responsabilidades, os processos e os procedimentos de informa\u00e7\u00e3o para a Gest\u00e3o da Continuidade de Neg\u00f3cios (GCN ou BCM em ingl\u00eas) de acordo com o estabelecido nas diretrizes 19, 21, 22 e 23 de DGSEIOPA.<\/p><p>Assim, o SGSI e o GCN apoiam o PIB na prote\u00e7\u00e3o da informa\u00e7\u00e3o, assim como na recupera\u00e7\u00e3o de neg\u00f3cios de situa\u00e7\u00f5es de emerg\u00eancia e crise.<\/p><h1><a name=\"_Toc191916596\"><\/a>1.  Vis\u00e3o geral<\/h1><h2><a name=\"_Toc191916597\"><\/a>1.1. Contexto<\/h2><p>A seguran\u00e7a da informa\u00e7\u00e3o \u2013 confidencialidade, integridade e disponibilidade \u2013 \u00e9 um fator chave de sucesso para o PIB e torna-se cada vez mais importante devido \u00e0 digitaliza\u00e7\u00e3o do nosso neg\u00f3cio.<\/p><p>Os dados que recolhemos, armazenamos e processamos no \u00e2mbito das nossas opera\u00e7\u00f5es di\u00e1rias t\u00eam um valor significativo tanto para o PIB como para outros agentes externos que poderiam fazer mau uso deles. Os sistemas de informa\u00e7\u00e3o e os dados que processam podem expor-nos a riscos que v\u00e3o desde o acesso n\u00e3o autorizado, divulga\u00e7\u00e3o n\u00e3o autorizada de informa\u00e7\u00e3o, roubo, corrup\u00e7\u00e3o de dados ou descontinuidade do neg\u00f3cio devido \u00e0 perda dos sistemas.<\/p><p>Os riscos podem materializar-se como resultado de uma a\u00e7\u00e3o acidental ou intencional por parte de um colaborador ou por a\u00e7\u00f5es maliciosas levadas a cabo por organiza\u00e7\u00f5es criminosas. Estes riscos podem colocar o Grupo em perigo pela perda de confian\u00e7a dos clientes, pelo incumprimento de uma regulamenta\u00e7\u00e3o e\/ou pela perda de uma vantagem competitiva.<\/p><p>Por tudo isto, \u00e9 necess\u00e1rio implementar medidas de controlo adequadas que protejam os ativos de informa\u00e7\u00e3o do Grupo e os processos que os suportam.<\/p><h2><a name=\"_Toc191916598\"><\/a>1.2. Objetivo<\/h2><p>Este documento define os princ\u00edpios de seguran\u00e7a da informa\u00e7\u00e3o para a PIB e, como tal, tem em conta os requisitos legais e regulamentares aplic\u00e1veis, de acordo com o estabelecido na orienta\u00e7\u00e3o 6 da DGSEIOPA. A pol\u00edtica serve de base para a administra\u00e7\u00e3o da seguran\u00e7a da informa\u00e7\u00e3o e para regulamentos espec\u00edficos, a fim de proteger a confidencialidade, integridade e disponibilidade da informa\u00e7\u00e3o dentro da PIB contra amea\u00e7as internas ou externas, intencionais ou n\u00e3o, de forma a garantir o desenvolvimento, implementa\u00e7\u00e3o, opera\u00e7\u00e3o, manuten\u00e7\u00e3o e utiliza\u00e7\u00e3o dos sistemas de informa\u00e7\u00e3o da PIB.<\/p><h2><a name=\"_Toc191916599\"><\/a>1.3. A quem se destina<\/h2><p>Esta pol\u00edtica aplica-se a todos os funcion\u00e1rios, sejam eles tempor\u00e1rios ou n\u00e3o, e aos prestadores de servi\u00e7os que utilizem a informa\u00e7\u00e3o ou os sistemas de informa\u00e7\u00e3o do Grupo e\/ou as suas instala\u00e7\u00f5es.<\/p><h1><a name=\"_Toc191916600\"><\/a>2. Responsabilidades<\/h1><h2><a name=\"_Toc191916601\"><\/a>2.1. Oficial de Seguran\u00e7a da Informa\u00e7\u00e3o (ISO)<\/h2><p>A responsabilidade principal do ISO \u00e9 aconselhar, coordenar, monitorizar e rever os riscos relacionados com a seguran\u00e7a da informa\u00e7\u00e3o e da tecnologia dentro do PIB. As responsabilidades do ISO incluem, mas n\u00e3o se limitam a:<\/p><ul><li>Estabelecer a estrat\u00e9gia de seguran\u00e7a da informa\u00e7\u00e3o e definir, desenvolver e manter as pol\u00edticas, procedimentos e normas de seguran\u00e7a associados (diretriz 7 da DGSEIOPA).<\/li><li>Reportar o avan\u00e7o de qualquer iniciativa, quer t\u00e1tica quer estrat\u00e9gica, relacionada com a seguran\u00e7a da informa\u00e7\u00e3o.<\/li><li>Analisar e avaliar os riscos de seguran\u00e7a da informa\u00e7\u00e3o.<\/li><li>Escalar qualquer incidente de seguran\u00e7a ao CISO do Grupo e ao Comit\u00e9 de Dire\u00e7\u00e3o.<\/li><li>Monitorizar e assistir em qualquer investiga\u00e7\u00e3o relacionada com falhas de seguran\u00e7a ou falhas nos controlos de TI.<\/li><li>Coordenar simula\u00e7\u00f5es de testes de penetra\u00e7\u00e3o, an\u00e1lises de vulnerabilidades e auditorias de TI.<\/li><li>Garantir que os sistemas de informa\u00e7\u00e3o - quer sejam desenvolvidos ou adquiridos - cumprem os padr\u00f5es definidos pelo Grupo.<\/li><li>Definir e implementar um plano de forma\u00e7\u00e3o em ciberseguran\u00e7a para todos os colaboradores da PIB.<\/li><li>Garantir que o SGSI se mant\u00e9m em vigor.<\/li><\/ul><h1><a name=\"_Toc191916602\"><\/a>3. Princ\u00edpios da seguran\u00e7a da informa\u00e7\u00e3o<\/h1><h2><a name=\"_Toc153183024\"><\/a><a name=\"_Toc191916603\"><\/a>3.1. Gest\u00e3o baseada no risco de seguran\u00e7a da informa\u00e7\u00e3o<\/h2><p>N\u00e3o \u00e9 poss\u00edvel fornecer seguran\u00e7a total para toda a informa\u00e7\u00e3o. Al\u00e9m disso, nem toda a informa\u00e7\u00e3o requer a mesma prote\u00e7\u00e3o. A PIB, portanto, gere a seguran\u00e7a da informa\u00e7\u00e3o com base no risco (diretriz 4 da DGSEIOPA). Isto possibilita que a PIB faculte e use recursos nas \u00e1reas onde estes s\u00e3o mais urgentemente necess\u00e1rios. A ISO, por esta raz\u00e3o, define os requisitos unificados para a gest\u00e3o dos riscos de seguran\u00e7a da informa\u00e7\u00e3o e, por conseguinte, facilita e supervisiona as decis\u00f5es baseadas no risco.<\/p><h2><a name=\"_Toc153183025\"><\/a><a name=\"_Toc191916604\"><\/a>3.2. Cada colaborador \u00e9 conhecedor da sua responsabilidade individual na seguran\u00e7a da informa\u00e7\u00e3o<\/h2><p>Tanto os funcion\u00e1rios internos como externos do PIB encontram-se entre os fatores de sucesso mais importantes para garantir os n\u00edveis de seguran\u00e7a da informa\u00e7\u00e3o exigidos. Numerosas medidas de seguran\u00e7a s\u00f3 podem ser implementadas eficazmente se os funcion\u00e1rios internos e externos forem suficientemente conscientes da seguran\u00e7a da informa\u00e7\u00e3o e possu\u00edrem compet\u00eancias suficientes no dom\u00ednio da seguran\u00e7a da informa\u00e7\u00e3o. O ISO, pelo que, desenvolver\u00e1 um plano de forma\u00e7\u00e3o e sensibiliza\u00e7\u00e3o em mat\u00e9ria de seguran\u00e7a da informa\u00e7\u00e3o que permita a todos os empregados cumprir as suas obriga\u00e7\u00f5es e responsabilidades e minimizar os riscos associados ao uso das tecnologias e \u00e0 seguran\u00e7a da informa\u00e7\u00e3o (diretriz 13 do DGSEIOPA).<\/p><h2><a name=\"_Toc153183026\"><\/a><a name=\"_Toc191916605\"><\/a>3.3. Cumprimento de Requisitos M\u00ednimos Unificados de Seguran\u00e7a da Informa\u00e7\u00e3o<\/h2><p>O n\u00edvel de seguran\u00e7a da informa\u00e7\u00e3o exigido em todo o Grupo s\u00f3 pode ser garantido atrav\u00e9s de requisitos m\u00ednimos unificados e vinculativos e das suas caracter\u00edsticas locais. Por esta raz\u00e3o, existem tr\u00eas n\u00edveis de pol\u00edtica de seguran\u00e7a da informa\u00e7\u00e3o mutuamente dependentes:<\/p><ul><li>Esta Pol\u00edtica de Seguran\u00e7a da Informa\u00e7\u00e3o descreve, ao mais alto n\u00edvel, os princ\u00edpios e objetivos da seguran\u00e7a da informa\u00e7\u00e3o da PIB.<\/li><li>As pol\u00edticas de n\u00edvel 2 (consulte o anexo 1) definem detalhadamente os requisitos de seguran\u00e7a para todo o grupo, tendo em conta as condicionantes legais que possam ser aplic\u00e1veis em cada caso.<\/li><li>Os procedimentos ou instru\u00e7\u00f5es de trabalho descrevem as instru\u00e7\u00f5es espec\u00edficas para os processos de seguran\u00e7a da informa\u00e7\u00e3o, procedimentos de seguran\u00e7a da informa\u00e7\u00e3o e medidas de seguran\u00e7a da informa\u00e7\u00e3o para cumprir os requisitos dos documentos de n\u00edvel 2.<\/li><\/ul><p>A ISO cria e mant\u00e9m a Pol\u00edtica de Seguran\u00e7a da Informa\u00e7\u00e3o e os documentos de n\u00edvel 2 para todos os servi\u00e7os partilhados pelo Grupo. Os procedimentos ou instru\u00e7\u00f5es de trabalho s\u00e3o criados e mantidos pelas unidades funcionais respons\u00e1veis respetivamente.<\/p><h2><a name=\"_Toc153183027\"><\/a><a name=\"_Toc191916606\"><\/a>3.4. Coopera\u00e7\u00e3o orientada para a seguran\u00e7a com partes externas<\/h2><p>A coopera\u00e7\u00e3o com fornecedores e parceiros de servi\u00e7os externos n\u00e3o deve reduzir o n\u00edvel de seguran\u00e7a da informa\u00e7\u00e3o do PIB. Por este motivo, fornecedores e parceiros de servi\u00e7os externos s\u00f3 podem ter acesso \u00e0 informa\u00e7\u00e3o do PIB e aos recursos de TI ap\u00f3s o PIB ter avaliado e classificado os n\u00edveis de seguran\u00e7a da informa\u00e7\u00e3o desses fornecedores e parceiros de servi\u00e7os externos conforme apropriado. Adicionalmente, o PIB concede acesso apenas \u00e0 informa\u00e7\u00e3o e aos recursos de TI que s\u00e3o necess\u00e1rios para a coopera\u00e7\u00e3o (princ\u00edpio de necessidade de conhecer). O ISO, portanto, define os requisitos unificados para a coopera\u00e7\u00e3o orientada para a seguran\u00e7a com partes externas.<\/p><h2><a name=\"_Toc153183028\"><\/a><a name=\"_Toc191916607\"><\/a>3.5. Desempenhar um papel ativo na manuten\u00e7\u00e3o do n\u00edvel de prote\u00e7\u00e3o<\/h2><p>Os n\u00edveis de seguran\u00e7a da informa\u00e7\u00e3o exigidos devem ser verificados, monitorizados e avaliados de forma independente para que possam ser continuamente mantidos e otimizados. (Diretriz 12 da DGSEIOPA). Isto \u00e9 tamb\u00e9m apoiado na \u00e1rea de Gest\u00e3o da seguran\u00e7a da informa\u00e7\u00e3o atrav\u00e9s do \u00abModelo das Tr\u00eas Linhas de Defesa\u00bb.<\/p><ul><li>1\u00aa linha de defesa<\/li><\/ul><p>A primeira linha de defesa \u00e9 composta pela gest\u00e3o operacional e \u00e9 respons\u00e1vel pela defini\u00e7\u00e3o, implementa\u00e7\u00e3o e controlo das medidas de seguran\u00e7a da informa\u00e7\u00e3o para a gest\u00e3o de riscos e a conformidade com os requisitos de seguran\u00e7a da informa\u00e7\u00e3o.<\/p><ul><li>2\u00aa linha de defesa<\/li><\/ul><p>A segunda linha de defesa est\u00e1 a cargo do ISO e da unidade de seguran\u00e7a da informa\u00e7\u00e3o do PIB, com o apoio das fun\u00e7\u00f5es de gest\u00e3o de riscos estabelecidas localmente. A segunda linha define os requisitos de seguran\u00e7a da informa\u00e7\u00e3o e supervisiona a defini\u00e7\u00e3o, implementa\u00e7\u00e3o e controlo das medidas de seguran\u00e7a da informa\u00e7\u00e3o da primeira linha.<\/p><ul><li>3\u00aa linha de defesa<\/li><\/ul><p>A auditoria interna atua como uma unidade independente, como terceira linha, avaliando a efic\u00e1cia das duas primeiras linhas de defesa. As auditorias dever\u00e3o ser realizadas de forma peri\u00f3dica e de acordo com o seu plano de auditoria pelas partes interessadas, com conhecimentos, compet\u00eancias e experi\u00eancia suficientes em riscos e seguran\u00e7a das TIC, de modo a garantir independentemente a sua efic\u00e1cia (diretriz 5 da DGSEIOPA).<\/p><h1><a name=\"_Toc191916608\"><\/a>4. Atualiza\u00e7\u00e3o da pol\u00edtica<\/h1><p>Esta pol\u00edtica ser\u00e1 revista anualmente pelo respons\u00e1vel de Seguran\u00e7a. Durante o processo de revis\u00e3o, ser\u00e3o tidos em conta os seguintes conceitos:<\/p><ul><li>Altera\u00e7\u00f5es legais relativas ao conte\u00fado desta pol\u00edtica.<\/li><li>Altera\u00e7\u00f5es significativas na estrat\u00e9gia e\/ou nas atividades da empresa, especialmente se estas tiverem impacto na pol\u00edtica de seguran\u00e7a da informa\u00e7\u00e3o<\/li><li>Altera\u00e7\u00f5es significativas na organiza\u00e7\u00e3o estrutural e\/ou de processos.<\/li><li>A exist\u00eancia de uma viola\u00e7\u00e3o grave de conformidade relevante para o conte\u00fado da regulamenta\u00e7\u00e3o ou<\/li><li>Uma fraqueza detetada no decorrer de uma auditoria interna ou externa.<\/li><li>Os efeitos das mudan\u00e7as tecnol\u00f3gicas.<\/li><\/ul><p>No caso de se verificarem altera\u00e7\u00f5es na vers\u00e3o em vigor, esta ser\u00e1 apresentada ao Comit\u00e9 de Seguran\u00e7a para aprova\u00e7\u00e3o, devendo a decis\u00e3o tomada e a respetiva justifica\u00e7\u00e3o ficar documentada.<\/p><p>A modifica\u00e7\u00e3o efetuada dever\u00e1 ficar devidamente documentada na sec\u00e7\u00e3o Hist\u00f3rico de Altera\u00e7\u00f5es, indicando quem efetuou a altera\u00e7\u00e3o e o motivo.<\/p><h1><a name=\"_Toc191916609\"><\/a>Anexo 1<\/h1><p>De seguida, listam-se as pol\u00edticas de seguran\u00e7a que definem os requisitos de seguran\u00e7a para cada \u00e1rea de atua\u00e7\u00e3o. Estas pol\u00edticas complementam o definido nesta pol\u00edtica.<\/p><ul><li>Organiza\u00e7\u00e3o SGSI<\/li><li>Utiliza\u00e7\u00e3o segura da informa\u00e7\u00e3o e da tecnologia<\/li><li>Gest\u00e3o de Acessos e Identidades<\/li><li>Seguran\u00e7a m\u00f3vel<\/li><li>Sistemas TIC e opera\u00e7\u00f5es de rede<\/li><li>Gest\u00e3o de Ativos de TIC<\/li><li>Seguran\u00e7a f\u00edsica<\/li><li>Seguran\u00e7a de recursos humanos<\/li><li>Pol\u00edtica de subcontrata\u00e7\u00e3o do grupo<\/li><li>Gest\u00e3o e resposta a incidentes de seguran\u00e7a<\/li><li>\u2026<\/li><\/ul>\t\t\t\t\t\t\t\t<\/div>\n\t\t\t\t\t<\/div>\n\t\t<\/div>\n\t\t\t\t\t<\/div>\n\t\t<\/section>\n\t\t\t\t<\/div>","protected":false},"excerpt":{"rendered":"<p>Seguridad Resumen ejecutivo La seguridad de la informaci\u00f3n se define como el marco, los procesos y los controles definidos dentro de PIB Group Espa\u00f1a (en adelante PIB) que buscan mantener la confidencialidad -solo quienes est\u00e9n autorizados pueden acceder a la informaci\u00f3n-, integridad -la informaci\u00f3n y su procesamiento son exactos y completos- y disponibilidad &#8211; la [&hellip;]<\/p>\n","protected":false},"author":11,"featured_media":0,"parent":5682,"menu_order":0,"comment_status":"closed","ping_status":"closed","template":"elementor_header_footer","meta":{"yasr_overall_rating":0,"yasr_post_is_review":"","yasr_auto_insert_disabled":"","yasr_review_type":"","footnotes":""},"class_list":["post-1683","page","type-page","status-publish","hentry"],"yasr_visitor_votes":{"stars_attributes":{"read_only":false,"span_bottom":false},"number_of_votes":0,"sum_votes":0},"_links":{"self":[{"href":"https:\/\/pibgroupiberia.com\/pt\/wp-json\/wp\/v2\/pages\/1683","targetHints":{"allow":["GET"]}}],"collection":[{"href":"https:\/\/pibgroupiberia.com\/pt\/wp-json\/wp\/v2\/pages"}],"about":[{"href":"https:\/\/pibgroupiberia.com\/pt\/wp-json\/wp\/v2\/types\/page"}],"author":[{"embeddable":true,"href":"https:\/\/pibgroupiberia.com\/pt\/wp-json\/wp\/v2\/users\/11"}],"replies":[{"embeddable":true,"href":"https:\/\/pibgroupiberia.com\/pt\/wp-json\/wp\/v2\/comments?post=1683"}],"version-history":[{"count":0,"href":"https:\/\/pibgroupiberia.com\/pt\/wp-json\/wp\/v2\/pages\/1683\/revisions"}],"up":[{"embeddable":true,"href":"https:\/\/pibgroupiberia.com\/pt\/wp-json\/wp\/v2\/pages\/5682"}],"wp:attachment":[{"href":"https:\/\/pibgroupiberia.com\/pt\/wp-json\/wp\/v2\/media?parent=1683"}],"curies":[{"name":"wp","href":"https:\/\/api.w.org\/{rel}","templated":true}]}}